{"id":6582,"date":"2024-02-28T08:50:23","date_gmt":"2024-02-28T07:50:23","guid":{"rendered":"https:\/\/esla.crealogica.eu\/avis-legal\/"},"modified":"2024-09-09T11:50:56","modified_gmt":"2024-09-09T09:50:56","slug":"avis-legal","status":"publish","type":"page","link":"https:\/\/www.esla.eu\/ca\/avis-legal\/","title":{"rendered":"Av\u00eds Legal"},"content":{"rendered":"\n<p>1. El lloc web situat a la URL www.esla.eu (d&#8217;ara endavant, la Web) \u00e9s propietat de European Special<br>Ladders SA qui t\u00e9 tots els drets, en qualitat de titular o llicenciat\u00e0ria, sobre el contingut, disseny i<br>codi font de la mateixa.<\/p>\n\n\n\n<p>2. L&#8217;\u00fas del lloc web \u00e9s gratu\u00eft i es realitza sota la responsabilitat exclusiva de l&#8217;usuari, reservant-se European Special Ladders S.A. el dret de modificar sense av\u00eds previ la presentaci\u00f3, configuraci\u00f3 i contingut de la web aix\u00ed com les condicions d&#8217;acc\u00e9s a la mateixa. Els usuaris de la Web no faran res que pugui fer malb\u00e9 la imatge o drets del seu autor.<\/p>\n\n\n\n<p>3. Dades del titular de la Web<\/p>\n\n\n\n<ul class=\"wp-block-list\">\n<li><strong>European Special Ladders S.A.<\/strong><\/li>\n\n\n\n<li>Cam\u00ed del Cementiri 23, Pol\u00edgon Industrial Can Ribot<\/li>\n\n\n\n<li>08319 Dosrius<\/li>\n\n\n\n<li>NIF: A62220801<\/li>\n\n\n\n<li>Contacte:<a href=\"mailto:info@esla.eu\">info@esla.eu<\/a><\/li>\n\n\n\n<li>Tel\u00e8fon:<a href=\"tel:+34937533357\">+34.937.533.357<\/a><\/li>\n\n\n\n<li>Societat inscrita en el Registre mercantil de d&#8217;aquesta Prov\u00edncia el 26 de febrer de 1998, al Tom 30439, llibre 142, full n\u00famero B-176.750.<\/li>\n<\/ul>\n\n\n\n<p>Propietat Intel\u00b7lectual<br>Tots els continguts del Portal, entenent per aquests a t\u00edtol merament enunciatiu els textos,<br>fotografies, gr\u00e0fics, imatges, icones, tecnologia, software, links i altres continguts, aix\u00ed com el seu<br>disseny gr\u00e0fic i codis font, s\u00f3n propietat intel\u00b7lectual de la nostra companyia i de tercers, sense que<br>es puguin entendre cedits a l&#8217;Usuari cap dels drets d&#8217;explotaci\u00f3 sobre els mateixos m\u00e9s enll\u00e0 de<br>l&#8217;estrictament necessari per a l&#8217;\u00fas correcte del Portal.<br>Aquests drets estan registrats en el Registre de la Propietat Intel\u00b7lectual.<br>Tots els drets reservats.<br>Altres<br>ESLA no es fa responsable dels llocs web de tercers als quals s&#8217;accedeix mitjan\u00e7ant vincles als<br>quals porten o dels quals procedeixen els Llocs Web.<br>Respecte als links o hipervincles declinem tota responsabilitat per aquells que remetin a la nostra<br>p\u00e0gina web i en el cas d&#8217;aquells que apareguin a la nostra p\u00e0gina la connexi\u00f3 es far\u00e0 a t\u00edtol<br>informatiu i han de tenir la nostra autoritzaci\u00f3.<\/p>\n\n\n\n<p>4. European Special Ladders S.A. adopta les mesures de seguretat raonablement adequades, d&#8217;acord amb les seves possibilitats i l&#8217;estat de la tecnologia, per garantir el funcionament del web i la seguretat dels usuaris. Tot i aix\u00f2, les mesures de seguretat a internet no s\u00f3n completament fiables i per tant no es garanteix la inexist\u00e8ncia de virus ni altres elements que alterin els sistemes inform\u00e0tics (programari i maquinari) o documents de l&#8217;usuari.<\/p>\n\n\n\n<p>6. Els continguts de la Web s\u00f3n merament informatius i divulgatius. European Special Ladders S.A. no garanteix la utilitat, veracitat ni actualitat del contingut de la web.<\/p>\n\n\n\n<p>7. La visita a la Web no suposa el registre de dades de car\u00e0cter personal.<\/p>\n\n\n\n<p>8. L&#8217;acc\u00e9s i la navegaci\u00f3 a trav\u00e9s del web \u00e9s p\u00fablic excepte en aquelles \u00e0rees d&#8217;acc\u00e9s restringit a les quals nom\u00e9s es podr\u00e0 accedir mitjan\u00e7ant la contrasenya facilitada per European Special Ladders S.A. La contrasenya \u00e9s personal i intransferible, obligant-se a l&#8217;usuari a fer-la servir de forma diligent i confidencial ia no permetre&#8217;n l&#8217;\u00fas a tercers no autoritzats per European Special Ladders S.A. L&#8217;usuari haur\u00e0 de comunicar immediatament a European Special Ladders S.A. qualsevol fet que permeti l\u00fas indegut de la contrasenya dacc\u00e9s a les \u00e0rees restringides, amb lobjectiu que European Special Ladders S.A. pugui procedir a cancel\u00b7lar-la.<\/p>\n\n\n\n<p>9. L&#8217;establiment de qualsevol enlla\u00e7 des del web a altres llocs web aliens i\/o des d&#8217;altres llocs web el web no implica que hi hagi cap mena de relaci\u00f3 entre European Special Ladders S.A. i el responsable de l&#8217;altre lloc web, ni s&#8217;ha d&#8217;interpretar aquest enlla\u00e7 com una aprovaci\u00f3 d&#8217;European Special Ladders S.A. dels continguts i activitat del lloc web ali\u00e8.<\/p>\n\n\n\n<p>10. La web es regeix per la llei espanyola i qualsevol diverg\u00e8ncia que sorgeixi ser\u00e0 dirimida pels tribunals de la ciutat de Barcelona.<\/p>\n\n\n\n<div style=\"height:100px\" aria-hidden=\"true\" class=\"wp-block-spacer\"><\/div>\n","protected":false},"excerpt":{"rendered":"<p>1. El lloc web situat a la URL www.esla.eu (d&#8217;ara endavant, la Web) \u00e9s propietat de European SpecialLadders SA qui t\u00e9 tots els drets, en qualitat de titular o llicenciat\u00e0ria, sobre el contingut, disseny icodi font de la mateixa. 2. L&#8217;\u00fas del lloc web \u00e9s gratu\u00eft i es realitza sota la responsabilitat exclusiva de l&#8217;usuari, [&hellip;]<\/p>\n","protected":false},"author":1,"featured_media":0,"parent":0,"menu_order":0,"comment_status":"closed","ping_status":"closed","template":"","meta":{"inline_featured_image":false,"footnotes":""},"class_list":["post-6582","page","type-page","status-publish","hentry"],"rttpg_featured_image_url":null,"rttpg_author":{"display_name":"crealogica","author_link":"https:\/\/www.esla.eu\/ca\/author\/crealogica\/"},"rttpg_comment":0,"rttpg_category":" <a href=\"https:\/\/www.esla.eu\/ca\/?taxonomy=translation_priority&#038;term=opcional-ca\" rel=\"tag\">Opcional<\/a>","rttpg_excerpt":"1. El lloc web situat a la URL www.esla.eu (d&#8217;ara endavant, la Web) \u00e9s propietat de European SpecialLadders SA qui t\u00e9 tots els drets, en qualitat de titular o llicenciat\u00e0ria, sobre el contingut, disseny icodi font de la mateixa. 2. L&#8217;\u00fas del lloc web \u00e9s gratu\u00eft i es realitza sota la responsabilitat exclusiva de l&#8217;usuari,&hellip;","_links":{"self":[{"href":"https:\/\/www.esla.eu\/ca\/wp-json\/wp\/v2\/pages\/6582","targetHints":{"allow":["GET"]}}],"collection":[{"href":"https:\/\/www.esla.eu\/ca\/wp-json\/wp\/v2\/pages"}],"about":[{"href":"https:\/\/www.esla.eu\/ca\/wp-json\/wp\/v2\/types\/page"}],"author":[{"embeddable":true,"href":"https:\/\/www.esla.eu\/ca\/wp-json\/wp\/v2\/users\/1"}],"replies":[{"embeddable":true,"href":"https:\/\/www.esla.eu\/ca\/wp-json\/wp\/v2\/comments?post=6582"}],"version-history":[{"count":3,"href":"https:\/\/www.esla.eu\/ca\/wp-json\/wp\/v2\/pages\/6582\/revisions"}],"predecessor-version":[{"id":11580,"href":"https:\/\/www.esla.eu\/ca\/wp-json\/wp\/v2\/pages\/6582\/revisions\/11580"}],"wp:attachment":[{"href":"https:\/\/www.esla.eu\/ca\/wp-json\/wp\/v2\/media?parent=6582"}],"curies":[{"name":"wp","href":"https:\/\/api.w.org\/{rel}","templated":true}]}}