{"id":6590,"date":"2024-02-28T08:54:18","date_gmt":"2024-02-28T07:54:18","guid":{"rendered":"https:\/\/esla.crealogica.eu\/politica-de-qualitat\/"},"modified":"2024-05-28T19:34:11","modified_gmt":"2024-05-28T17:34:11","slug":"politica-de-qualitat","status":"publish","type":"page","link":"https:\/\/www.esla.eu\/ca\/politica-de-qualitat\/","title":{"rendered":"Pol\u00edtica de Qualitat"},"content":{"rendered":"\n<p>La Pol\u00edtica de qualitat d&#8217;ESLA compr\u00e8n totes les actuacions que s&#8217;integren al Sistema de Gesti\u00f3 de la Qualitat i queda definida de la manera seg\u00fcent:<\/p>\n\n<p><em>EUROPEAN SPECIAL LADDERS S.A. \u00e9s una empresa dedicada al desenvolupament, fabricaci\u00f3, instal\u00b7laci\u00f3 i venda d&#8217;equips d&#8217;acc\u00e9s especialitzada en productes a mida.<\/em><\/p>\n\n<p><em>Volem que els nostres productes i serveis satisfacin els nostres clients i que aquests trobin en nosaltres la seva empresa de confian\u00e7a pel disseny i la fabricaci\u00f3, en alumini i altres materials, d&#8217;escales, de plataformes de treball, de bastides m\u00f2bils i de tot el que fa refer\u00e8ncia a sistemes de treball en al\u00e7ada.<\/em><\/p>\n\n<p><em>Per aix\u00f2, EUROPEAN SPECIAL LADDERS S.A es compromet a:<\/em><\/p>\n\n<ul class=\"wp-block-list\">\n<li><em>oferir productes i serveis innovadors, donar resposta \u00e0gil i solucions personalitzades al client, d&#8217;acord amb les necessitats i les expectatives dels nostres clients i altres grups d&#8217;inter\u00e8s;<\/em><\/li>\n\n\n\n<li><em>treballar sempre sota criteris d&#8217;alta efic\u00e0cia i efici\u00e8ncia, i amb un enfocament continuat a la millora cont\u00ednua.<\/em><\/li>\n\n\n\n<li><em>complir els requisits legals i reglamentaris, aix\u00ed com altres requisits o compromisos adquirits<\/em><\/li>\n<\/ul>\n\n<p><em>EUROPEAN SPECIAL LADDERS S.A. defineix aquesta Pol\u00edtica de Qualitat com a marc de refer\u00e8ncia per establir objectius concrets i quantificables, comprometent-se a complir, difondre i assegurar-ne el compliment per part de totes les persones treballadores de l&#8217;organitzaci\u00f3.<\/em><\/p>\n\n<p>La Direcci\u00f3 d&#8217;ESLA defineix la Pol\u00edtica de qualitat com a part integrant de les l\u00ednies estrat\u00e8giques de l&#8217;empresa.<\/p>\n\n<p>Com a forma d&#8217;expressar el vostre comprom\u00eds amb la qualitat, el Sistema de gesti\u00f3 de la qualitat d&#8217;ESLA est\u00e0 basat en la norma ISO 9001:2015 &#8220;Sistemes de Gesti\u00f3 de la Qualitat &#8211; Requisits&#8221;. Per confirmar que es compleixen els requisits d&#8217;aquesta norma, ESLA sotmet de forma volunt\u00e0ria el vostre Sistema de Gesti\u00f3 de Qualitat a l&#8217;esquema de certificaci\u00f3 d&#8217;una Entitat Certificadora Acreditada.<br\/><br\/><\/p>\n\n<div data-wp-interactive=\"core\/file\" class=\"wp-block-file\"><object data-wp-bind--hidden=\"!state.hasPdfPreview\" hidden class=\"wp-block-file__embed\" data=\"https:\/\/esla.crealogica.eu\/wp-content\/uploads\/2024\/02\/EN_ISO_90012015_ENG.pdf\" type=\"application\/pdf\" style=\"width:100%;height:600px\" aria-label=\"Incrustaci\u00f3 del fitxer EN_ISO_90012015_ENG.\"><\/object><a id=\"wp-block-file--media-7c640688-963b-44c9-8ddd-3554ba934499\" href=\"https:\/\/esla.crealogica.eu\/wp-content\/uploads\/2024\/02\/EN_ISO_90012015_ENG.pdf\" rel=\"nofollow noopener\" target=\"_blank\">EN_ISO_90012015_ENG<\/a><a href=\"https:\/\/esla.crealogica.eu\/wp-content\/uploads\/2024\/02\/EN_ISO_90012015_ENG.pdf\" class=\"wp-block-file__button wp-element-button\" download=\"\" aria-describedby=\"wp-block-file--media-7c640688-963b-44c9-8ddd-3554ba934499\" rel=\"nofollow noopener\" target=\"_blank\">Desc\u00e0rrega<\/a><\/div>\n\n<div style=\"height:100px\" aria-hidden=\"true\" class=\"wp-block-spacer\"><\/div>\n","protected":false},"excerpt":{"rendered":"<p>La Pol\u00edtica de qualitat d&#8217;ESLA compr\u00e8n totes les actuacions que s&#8217;integren al Sistema de Gesti\u00f3 de la Qualitat i queda definida de la manera seg\u00fcent: EUROPEAN SPECIAL LADDERS S.A. \u00e9s una empresa dedicada al desenvolupament, fabricaci\u00f3, instal\u00b7laci\u00f3 i venda d&#8217;equips d&#8217;acc\u00e9s especialitzada en productes a mida. Volem que els nostres productes i serveis satisfacin els [&hellip;]<\/p>\n","protected":false},"author":1,"featured_media":0,"parent":0,"menu_order":0,"comment_status":"closed","ping_status":"closed","template":"","meta":{"inline_featured_image":false,"footnotes":""},"class_list":["post-6590","page","type-page","status-publish","hentry"],"rttpg_featured_image_url":null,"rttpg_author":{"display_name":"crealogica","author_link":"https:\/\/www.esla.eu\/ca\/author\/crealogica\/"},"rttpg_comment":0,"rttpg_category":" <a href=\"https:\/\/www.esla.eu\/ca\/?taxonomy=translation_priority&#038;term=opcional-ca\" rel=\"tag\">Opcional<\/a>","rttpg_excerpt":"La Pol\u00edtica de qualitat d&#8217;ESLA compr\u00e8n totes les actuacions que s&#8217;integren al Sistema de Gesti\u00f3 de la Qualitat i queda definida de la manera seg\u00fcent: EUROPEAN SPECIAL LADDERS S.A. \u00e9s una empresa dedicada al desenvolupament, fabricaci\u00f3, instal\u00b7laci\u00f3 i venda d&#8217;equips d&#8217;acc\u00e9s especialitzada en productes a mida. Volem que els nostres productes i serveis satisfacin els&hellip;","_links":{"self":[{"href":"https:\/\/www.esla.eu\/ca\/wp-json\/wp\/v2\/pages\/6590","targetHints":{"allow":["GET"]}}],"collection":[{"href":"https:\/\/www.esla.eu\/ca\/wp-json\/wp\/v2\/pages"}],"about":[{"href":"https:\/\/www.esla.eu\/ca\/wp-json\/wp\/v2\/types\/page"}],"author":[{"embeddable":true,"href":"https:\/\/www.esla.eu\/ca\/wp-json\/wp\/v2\/users\/1"}],"replies":[{"embeddable":true,"href":"https:\/\/www.esla.eu\/ca\/wp-json\/wp\/v2\/comments?post=6590"}],"version-history":[{"count":1,"href":"https:\/\/www.esla.eu\/ca\/wp-json\/wp\/v2\/pages\/6590\/revisions"}],"predecessor-version":[{"id":6591,"href":"https:\/\/www.esla.eu\/ca\/wp-json\/wp\/v2\/pages\/6590\/revisions\/6591"}],"wp:attachment":[{"href":"https:\/\/www.esla.eu\/ca\/wp-json\/wp\/v2\/media?parent=6590"}],"curies":[{"name":"wp","href":"https:\/\/api.w.org\/{rel}","templated":true}]}}