{"id":6592,"date":"2024-02-28T08:52:41","date_gmt":"2024-02-28T07:52:41","guid":{"rendered":"https:\/\/esla.crealogica.eu\/politica-i-privadesa\/"},"modified":"2024-05-28T19:33:43","modified_gmt":"2024-05-28T17:33:43","slug":"politica-i-privadesa","status":"publish","type":"page","link":"https:\/\/www.esla.eu\/ca\/politica-i-privadesa\/","title":{"rendered":"Pol\u00edtica i privadesa"},"content":{"rendered":"\n<h3 class=\"wp-block-heading\">Quina informaci\u00f3 recollim?<\/h3>\n\n<p>Recopilem informaci\u00f3 quan et registres al nostre lloc web, fas una comanda, et subscrius al nostre butllet\u00ed o omples un formulari.<\/p>\n\n<p>En realitzar una comanda o registrar-te al nostre lloc, segons correspongui, se&#8217;t pot demanar que introdueixis el nom, l&#8217;adre\u00e7a de correu electr\u00f2nic o l&#8217;adre\u00e7a postal. Tot i aix\u00f2, pots visitar el nostre lloc web de forma an\u00f2nima.<br\/><\/p>\n\n<h3 class=\"wp-block-heading\">Per qu\u00e8 utilitzem la teva informaci\u00f3?<\/h3>\n\n<p>Qualsevol informaci\u00f3 que recopilem es pot utilitzar d&#8217;una de les maneres seg\u00fcents:<\/p>\n\n<ul class=\"wp-block-list\">\n<li>Per personalitzar la teva experi\u00e8ncia (la teva informaci\u00f3 ens ajuda a respondre millor a les teves necessitats individuals):<\/li>\n\n\n\n<li>Millorar el nostre lloc web (ens esforcem cont\u00ednuament per millorar les nostres ofertes de llocs web basant-nos en la informaci\u00f3 i els comentaris que rebem)<\/li>\n\n\n\n<li>Millorar el nostre lloc web (ens esforcem cont\u00ednuament per millorar les nostres ofertes de llocs web basant-nos en la informaci\u00f3 i els comentaris que rebem)Millorar el servei al client (la teva informaci\u00f3 ens ajuda a respondre m\u00e9s efica\u00e7ment a les teves sol\u00b7licituds de servei al client ia les necessitats de suport)<\/li>\n\n\n\n<li>Per processar transaccions<\/li>\n<\/ul>\n\n<p>o\u00a0La teva informaci\u00f3, ja sigui p\u00fablica o privada, no es vendr\u00e0, transmetr\u00e0, transferir\u00e0 ni lliurar\u00e0 a cap altra empresa per qualsevol motiu, sense el seu consentiment, que no sigui per a la finalitat expressa de lliurar el producte o servei sol\u00b7licitat.<\/p>\n\n<ul class=\"wp-block-list\">\n<li>Per administrar un concurs, promoci\u00f3, enquesta o una altra funci\u00f3 del lloc<\/li>\n\n\n\n<li>Per enviar correus electr\u00f2nics peri\u00f2dics<br\/><\/li>\n<\/ul>\n\n<p>o\u00a0L&#8217;adre\u00e7a de correu electr\u00f2nic que proporciones per al processament de comandes, es pot utilitzar per enviar-te informaci\u00f3 i actualitzacions relatives a la teva comanda, a m\u00e9s de rebre ocasionalment not\u00edcies de l&#8217;empresa, actualitzacions, informaci\u00f3 relacionada amb els productes o els serveis, etc.<\/p>\n\n<p>Nota: En tot moment, et podr\u00e0 donar de baixa d&#8217;aquestes comunicacions de forma directa, senzilla i gratu\u00efta.<br\/><\/p>\n\n<h3 class=\"wp-block-heading\">Com protegim la teva informaci\u00f3?<\/h3>\n\n<p>Implementem diverses mesures de seguretat per mantenir la seguretat de la teva informaci\u00f3 personal quan fas una comanda o introdueixes, envies o accedeixes a la teva informaci\u00f3 personal.<\/p>\n\n<p>Oferim l\u00fas dun servidor segur. Tota la informaci\u00f3 confidencial subministrada es transmet a trav\u00e9s de la tecnologia Secure Socket Layer (SSL) i posteriorment es xifra en els sistemes dels prove\u00efdors de serveis de pagament de manera que nom\u00e9s s\u00f3n accessibles per aquells autoritzats amb drets d&#8217;acc\u00e9s especials a aquests sistemes, i s\u00f3n requerits sempre a mantenir la informaci\u00f3 confidencial.<br\/><\/p>\n\n<h3 class=\"wp-block-heading\">Utilitzem cookies?<\/h3>\n\n<p>S\u00ed (les galetes s\u00f3n petits arxius que un lloc web o el seu prove\u00efdor de serveis transfereix al disc dur del teu ordinador a trav\u00e9s del teu navegador web -si aquest ho permet- que permet que els llocs o prove\u00efdors de serveis reconeguin el navegador i capturin i recordin determinada informaci\u00f3).<\/p>\n\n<p>Utilitzem cookies per ajudar-nos a recordar i processar els articles del carret\u00f3 de la compra, comprendre i guardar les teves prefer\u00e8ncies per a futures visites i fer un seguiment dels anuncis.<br\/><\/p>\n\n<h3 class=\"wp-block-heading\">Revelem informaci\u00f3 a terceres parts?<\/h3>\n\n<p>No venem, comercialitzem ni transmetem a tercers la vostra informaci\u00f3 d&#8217;identificaci\u00f3 personal. Aix\u00f2 no inclou tercers de confian\u00e7a que ens ajudin a operar el nostre lloc web, a realitzar el nostre negoci oa emplenar les comandes, sempre que aquestes parts acceptin mantenir confidencial aquesta informaci\u00f3. Tamb\u00e9 estem obligats a lliurar la vostra informaci\u00f3 en cas de ser requerits per l&#8217;administraci\u00f3 de just\u00edcia o altres administracions governamentals, aix\u00ed com si ens obliga el compliment de les nostres pol\u00edtiques, la protecci\u00f3 dels nostres drets o drets de terceres persones, la seva propietat o seguretat. No obstant aix\u00f2, es pot proporcionar informaci\u00f3 que no permeti la identificaci\u00f3 del visitant a altres parts per a la seva comercialitzaci\u00f3, publicitat o altres usos.<br\/><\/p>\n\n<h3 class=\"wp-block-heading\">Enlla\u00e7os de tercers<\/h3>\n\n<p>De tant en tant, a la nostra discreci\u00f3, podem incloure o oferir productes o serveis de tercers al nostre lloc web. Aquests llocs de tercers tenen pol\u00edtiques de privadesa separades i independents. Per tant, no tenim responsabilitat pel contingut i les activitats daquests llocs web enlla\u00e7ats. No obstant aix\u00f2, busquem protegir la integritat del nostre lloc i agra\u00efm qualsevol comentari sobre aquests llocs.<br\/><\/p>\n\n<h3 class=\"wp-block-heading\">Pol\u00edtica de privadesa en l\u00ednia nom\u00e9s<\/h3>\n\n<p>Aquesta pol\u00edtica de privadesa en l\u00ednia nom\u00e9s s&#8217;aplica a la informaci\u00f3 recopilada a trav\u00e9s del nostre lloc web i no a la informaci\u00f3 recopilada per altres vies.<br\/><\/p>\n\n<h3 class=\"wp-block-heading\">El teu consentiment<\/h3>\n\n<p>En utilitzar el nostre lloc, acceptes la nostra pol\u00edtica de privadesa.<br\/><\/p>\n\n<h3 class=\"wp-block-heading\">Canvis en la nostra pol\u00edtica de privadesa<\/h3>\n\n<p>Si decidim canviar la nostra pol\u00edtica de privadesa, publicarem aquests canvis en aquesta p\u00e0gina i\/o actualitzarem la data de modificaci\u00f3 de la Pol\u00edtica de privadesa a continuaci\u00f3.<\/p>\n\n<p>Aquesta pol\u00edtica es va modificar per darrera vegada el 27.12.2018<br\/><\/p>\n\n<h2 class=\"wp-block-heading\">Pol\u00edtica de Privadesa &#8211; Aspectes relatius al Reglament General de Protecci\u00f3 de Dades (RGPD)<\/h2>\n\n<h3 class=\"wp-block-heading\">Fitxa alta client<\/h3>\n\n<p>Responsable Identitat: European Special Ladders SA &#8211; A62220801, amb domicili al Cam\u00ed del Cementiri 23, Pol\u00edgon Industrial Can Ribot, 08319 Dosrius. Tel\u00e8fon 937533357 i adre\u00e7a correu electr\u00f2nic info@esla.eu<\/p>\n\n<p>En nom de l&#8217;empresa European Special Ladders SA, tractem la informaci\u00f3 que ens facilites per poder fer efectiu el nostre servei\/complir amb la nostra relaci\u00f3 comercial, i fer-ne la facturaci\u00f3. Les dades proporcionades es conservaran mentre es mantingui la relaci\u00f3 comercial o durant els anys necessaris per complir les obligacions legals. Les dades no se cediran a tercers excepte en els casos en qu\u00e8 hi hagi una obligaci\u00f3 legal. Tens dret a obtenir confirmaci\u00f3 sobre si a European Special Ladders SA estem tractant les teves dades personals per tant tens dret a accedir a les teves dades personals, rectificar les dades inexactes o sol\u00b7licitar-ne la supressi\u00f3 quan les dades ja no siguin necess\u00e0ries.<\/p>\n\n<p>Aix\u00ed mateix, procedint a l&#8217;alta de client ens autoritza a oferir-vos els productes i novetats que puguin resultar del vostre inter\u00e8s a trav\u00e9s de correu electr\u00f2nic i\/o sms.<br\/><\/p>\n\n<h3 class=\"wp-block-heading\">Cl\u00e0usula Mail B\u00e0sica<\/h3>\n\n<p>La possible informaci\u00f3 de car\u00e0cter personal que pugui contenir aquest correu electr\u00f2nic, est\u00e0 degudament protegida per la normativa de protecci\u00f3 de dades que compromet a no utilitzar-la per a fins diferents per la qual ha estat remesa al seu destinatari, alhora que la subjecta a una obligaci\u00f3 de confidencialitat. En conseq\u00fc\u00e8ncia, \u00e9s d&#8217;\u00fas exclusiu per al destinatari, i queda prohibida a qualsevol altra persona la seva revelaci\u00f3, c\u00f2pia, distribuci\u00f3 o exercici de qualsevol acci\u00f3 relativa al contingut. Si reb\u00e9s aquest e-mail err\u00f2niament o de forma incompleta, preguem procedeixin a reenviar-nos-ho.<\/p>\n\n<figure class=\"wp-block-table\"><table><tbody><tr><td><strong>Informaci\u00f3 b\u00e0sica sobre protecci\u00f3 de dades<\/strong><\/td><\/tr><tr><td><strong>Informaci\u00f3 b\u00e0sica sobre protecci\u00f3 de dades<\/strong><\/td><\/tr><tr><td><strong>Legitimaci\u00f3<\/strong>: Execuci\u00f3 d&#8217;un contracte<\/td><\/tr><tr><td><strong>Per\u00edode de conservaci\u00f3<\/strong>: Les dades proporcionades es conservaran mentre es mantingui la relaci\u00f3 comercial o durant els anys necessaris per complir les obligacions legals<\/td><\/tr><tr><td><strong>Comunicacions comercials<\/strong>: Se sol\u00b7licita consentiment expl\u00edcit per poder enviar comunicacions comercials i promocionals sobre novetats dels nostres productes i serveis. Podreu revocar en qualsevol moment el consentiment atorgat escrivint a info@esla.eu<\/td><\/tr><tr><td><strong>Destinataris<\/strong>: No se cediran dades a tercers, excepte per imperatiu legal<\/td><\/tr><tr><td><strong>Drets<\/strong>: Accedir, rectificar i suprimir les dades, aix\u00ed com la resta de drets aplicables segons el RGPD<\/td><\/tr><\/tbody><\/table><\/figure>\n\n<h3 class=\"wp-block-heading\"><br\/>Cl\u00e0usula Mail Comercial<\/h3>\n\n<p>Responsable Identitat: European Special Ladders SA &#8211; A62220801, amb domicili al Cam\u00ed del Cementiri 23, Pol\u00edgon Industrial Can Ribot, 08319 Dosrius. Tel\u00e8fon 937533357 i adre\u00e7a correu electr\u00f2nic info@esla.eu<\/p>\n\n<p>En nom de l&#8217;empresa European Special Ladders SA, tractem la informaci\u00f3 que ens facilites per poder fer efectiu el nostre servei\/complir amb la nostra relaci\u00f3 comercial, i fer-ne la facturaci\u00f3. Les dades proporcionades es conservaran mentre es mantingui la relaci\u00f3 comercial o durant els anys necessaris per complir les obligacions legals. Les dades no se cediran a tercers excepte en els casos en qu\u00e8 hi hagi una obligaci\u00f3 legal. Tens dret a obtenir confirmaci\u00f3 sobre si a European Special Ladders SA estem tractant les teves dades personals per tant tens dret a accedir a les teves dades personals, rectificar les dades inexactes o sol\u00b7licitar-ne la supressi\u00f3 quan les dades ja no siguin necess\u00e0ries.<\/p>\n\n<p>Si no voleu rebre informaci\u00f3 comercial \u00fanicament ens heu d&#8217;enviar un correu electr\u00f2nic a l&#8217;adre\u00e7a indicada a dalt identificant-vos degudament i expressant la vostra voluntat de ser baixa en el nostre sistema d&#8217;enviaments<\/p>\n\n<figure class=\"wp-block-table\"><table><tbody><tr><td><strong>Informaci\u00f3 b\u00e0sica sobre protecci\u00f3 de dades<\/strong><\/td><\/tr><tr><td><strong>Informaci\u00f3 b\u00e0sica sobre protecci\u00f3 de dades<\/strong><\/td><\/tr><tr><td><strong>Legitimaci\u00f3<\/strong>: Execuci\u00f3 d&#8217;un contracte<\/td><\/tr><tr><td><strong>Per\u00edode de conservaci\u00f3<\/strong>: Les dades proporcionades es conservaran mentre es mantingui la relaci\u00f3 comercial o durant els anys necessaris per complir les obligacions legals<\/td><\/tr><tr><td><strong>Comunicacions comercials<\/strong>: Se sol\u00b7licita consentiment expl\u00edcit per poder enviar comunicacions comercials i promocionals sobre novetats dels nostres productes i serveis. Podreu revocar en qualsevol moment el consentiment atorgat escrivint a info@esla.eu<\/td><\/tr><tr><td><strong>Destinataris<\/strong>: No se cediran dades a tercers, excepte per imperatiu legal<\/td><\/tr><tr><td><strong>Drets<\/strong>: Accedir, rectificar i suprimir les dades, aix\u00ed com la resta de drets aplicables segons el RGPD<\/td><\/tr><\/tbody><\/table><\/figure>\n\n<div style=\"height:100px\" aria-hidden=\"true\" class=\"wp-block-spacer\"><\/div>\n","protected":false},"excerpt":{"rendered":"<p>Quina informaci\u00f3 recollim? Recopilem informaci\u00f3 quan et registres al nostre lloc web, fas una comanda, et subscrius al nostre butllet\u00ed o omples un formulari. En realitzar una comanda o registrar-te al nostre lloc, segons correspongui, se&#8217;t pot demanar que introdueixis el nom, l&#8217;adre\u00e7a de correu electr\u00f2nic o l&#8217;adre\u00e7a postal. Tot i aix\u00f2, pots visitar el [&hellip;]<\/p>\n","protected":false},"author":1,"featured_media":0,"parent":0,"menu_order":0,"comment_status":"closed","ping_status":"closed","template":"","meta":{"inline_featured_image":false,"footnotes":""},"class_list":["post-6592","page","type-page","status-publish","hentry"],"rttpg_featured_image_url":null,"rttpg_author":{"display_name":"crealogica","author_link":"https:\/\/www.esla.eu\/ca\/author\/crealogica\/"},"rttpg_comment":0,"rttpg_category":" <a href=\"https:\/\/www.esla.eu\/ca\/?taxonomy=translation_priority&#038;term=opcional-ca\" rel=\"tag\">Opcional<\/a>","rttpg_excerpt":"Quina informaci\u00f3 recollim? Recopilem informaci\u00f3 quan et registres al nostre lloc web, fas una comanda, et subscrius al nostre butllet\u00ed o omples un formulari. En realitzar una comanda o registrar-te al nostre lloc, segons correspongui, se&#8217;t pot demanar que introdueixis el nom, l&#8217;adre\u00e7a de correu electr\u00f2nic o l&#8217;adre\u00e7a postal. Tot i aix\u00f2, pots visitar el&hellip;","_links":{"self":[{"href":"https:\/\/www.esla.eu\/ca\/wp-json\/wp\/v2\/pages\/6592","targetHints":{"allow":["GET"]}}],"collection":[{"href":"https:\/\/www.esla.eu\/ca\/wp-json\/wp\/v2\/pages"}],"about":[{"href":"https:\/\/www.esla.eu\/ca\/wp-json\/wp\/v2\/types\/page"}],"author":[{"embeddable":true,"href":"https:\/\/www.esla.eu\/ca\/wp-json\/wp\/v2\/users\/1"}],"replies":[{"embeddable":true,"href":"https:\/\/www.esla.eu\/ca\/wp-json\/wp\/v2\/comments?post=6592"}],"version-history":[{"count":1,"href":"https:\/\/www.esla.eu\/ca\/wp-json\/wp\/v2\/pages\/6592\/revisions"}],"predecessor-version":[{"id":6593,"href":"https:\/\/www.esla.eu\/ca\/wp-json\/wp\/v2\/pages\/6592\/revisions\/6593"}],"wp:attachment":[{"href":"https:\/\/www.esla.eu\/ca\/wp-json\/wp\/v2\/media?parent=6592"}],"curies":[{"name":"wp","href":"https:\/\/api.w.org\/{rel}","templated":true}]}}