{"id":6615,"date":"2021-04-04T08:45:47","date_gmt":"2021-04-04T06:45:47","guid":{"rendered":"https:\/\/esla.crealogica.eu\/serveis\/ite-inspeccions-tecniques-esla\/"},"modified":"2024-04-18T14:17:18","modified_gmt":"2024-04-18T12:17:18","slug":"ite-inspeccions-tecniques-esla","status":"publish","type":"page","link":"https:\/\/www.esla.eu\/ca\/serveis\/ite-inspeccions-tecniques-esla\/","title":{"rendered":"ITE (Inspeccions T\u00e8cniques ESLA)"},"content":{"rendered":"\t\t<div data-elementor-type=\"wp-page\" data-elementor-id=\"6615\" class=\"elementor elementor-6615 elementor-5616\" data-elementor-post-type=\"page\">\n\t\t\t\t\t\t<section class=\"elementor-section elementor-top-section elementor-element elementor-element-1a8b3558 elementor-section-stretched elementor-section-full_width elementor-section-content-top elementor-section-height-default elementor-section-height-default elementor-invisible\" data-id=\"1a8b3558\" data-element_type=\"section\" data-e-type=\"section\" data-settings=\"{&quot;animation&quot;:&quot;fadeIn&quot;,&quot;animation_mobile&quot;:&quot;none&quot;,&quot;stretch_section&quot;:&quot;section-stretched&quot;,&quot;background_background&quot;:&quot;classic&quot;}\">\n\t\t\t\t\t\t<div class=\"elementor-container elementor-column-gap-default\">\n\t\t\t\t\t<div class=\"elementor-column elementor-col-100 elementor-top-column elementor-element elementor-element-1c676e33\" data-id=\"1c676e33\" data-element_type=\"column\" data-e-type=\"column\">\n\t\t\t<div class=\"elementor-widget-wrap elementor-element-populated\">\n\t\t\t\t\t\t<section class=\"elementor-section elementor-inner-section elementor-element elementor-element-2fa805d9 elementor-reverse-mobile elementor-reverse-tablet elementor-section-boxed elementor-section-height-default elementor-section-height-default\" data-id=\"2fa805d9\" data-element_type=\"section\" data-e-type=\"section\">\n\t\t\t\t\t\t<div class=\"elementor-container elementor-column-gap-no\">\n\t\t\t\t\t<div class=\"elementor-column elementor-col-100 elementor-inner-column elementor-element elementor-element-6c491686 elementor-invisible\" data-id=\"6c491686\" data-element_type=\"column\" data-e-type=\"column\" data-settings=\"{&quot;animation&quot;:&quot;fadeIn&quot;,&quot;animation_mobile&quot;:&quot;none&quot;}\">\n\t\t\t<div class=\"elementor-widget-wrap elementor-element-populated\">\n\t\t\t\t\t\t<section class=\"elementor-section elementor-inner-section elementor-element elementor-element-ca9dc4b elementor-section-content-middle elementor-section-boxed elementor-section-height-default elementor-section-height-default\" data-id=\"ca9dc4b\" data-element_type=\"section\" data-e-type=\"section\">\n\t\t\t\t\t\t<div class=\"elementor-container elementor-column-gap-default\">\n\t\t\t\t\t<div class=\"elementor-column elementor-col-100 elementor-inner-column elementor-element elementor-element-62fcf292\" data-id=\"62fcf292\" data-element_type=\"column\" data-e-type=\"column\">\n\t\t\t<div class=\"elementor-widget-wrap elementor-element-populated\">\n\t\t\t\t\t\t<div class=\"elementor-element elementor-element-6f568358 elementor-widget elementor-widget-shortcode\" data-id=\"6f568358\" data-element_type=\"widget\" data-e-type=\"widget\" data-widget_type=\"shortcode.default\">\n\t\t\t\t<div class=\"elementor-widget-container\">\n\t\t\t\t\t\t\t<div class=\"elementor-shortcode\"><nav aria-label=\"breadcrumbs\">\n            <div class=\"breadcrumb-container theme1\">\n                <ol>\n                                    <\/ol>\n            <\/div>\n        <\/nav>    <script type=\"application\/ld+json\">\n        {\n            \"@context\": \"http:\/\/schema.org\",\n            \"@type\": \"BreadcrumbList\",\n            \"itemListElement\": [\n                            ]\n        }\n    <\/script>\n   \n    <script>\n            <\/script>\n<\/div>\n\t\t\t\t\t\t<\/div>\n\t\t\t\t<\/div>\n\t\t\t\t\t<\/div>\n\t\t<\/div>\n\t\t\t\t\t<\/div>\n\t\t<\/section>\n\t\t\t\t<div class=\"elementor-element elementor-element-5acae076 elementor-widget elementor-widget-heading\" data-id=\"5acae076\" data-element_type=\"widget\" data-e-type=\"widget\" data-widget_type=\"heading.default\">\n\t\t\t\t<div class=\"elementor-widget-container\">\n\t\t\t\t\t<h1 class=\"elementor-heading-title elementor-size-default\">Inspeccions T\u00e8cniques ESLA<\/h1>\t\t\t\t<\/div>\n\t\t\t\t<\/div>\n\t\t\t\t<div class=\"elementor-element elementor-element-553da060 elementor-widget elementor-widget-text-editor\" data-id=\"553da060\" data-element_type=\"widget\" data-e-type=\"widget\" data-widget_type=\"text-editor.default\">\n\t\t\t\t<div class=\"elementor-widget-container\">\n\t\t\t\t\t\t\t\t\t<p>A ESLA, entenem la import\u00e0ncia de mantenir la seguretat i l&#8217;efici\u00e8ncia a les seves instal\u00b7lacions. Per aix\u00f2 estem encantats d&#8217;oferir el nostre servei especialitzat d&#8217;Inspeccions T\u00e8cniques ESLA.<\/p>\n\t\t\t\t\t\t\t\t<\/div>\n\t\t\t\t<\/div>\n\t\t\t\t\t<\/div>\n\t\t<\/div>\n\t\t\t\t\t<\/div>\n\t\t<\/section>\n\t\t\t\t\t<\/div>\n\t\t<\/div>\n\t\t\t\t\t<\/div>\n\t\t<\/section>\n\t\t\t\t<section class=\"elementor-section elementor-top-section elementor-element elementor-element-1ca43ce4 elementor-section-stretched elementor-section-boxed elementor-section-height-default elementor-section-height-default\" data-id=\"1ca43ce4\" data-element_type=\"section\" data-e-type=\"section\" data-settings=\"{&quot;animation&quot;:&quot;none&quot;,&quot;animation_mobile&quot;:&quot;none&quot;,&quot;stretch_section&quot;:&quot;section-stretched&quot;}\">\n\t\t\t\t\t\t<div class=\"elementor-container elementor-column-gap-no\">\n\t\t\t\t\t<div class=\"elementor-column elementor-col-100 elementor-top-column elementor-element elementor-element-64209da3\" data-id=\"64209da3\" data-element_type=\"column\" data-e-type=\"column\">\n\t\t\t<div class=\"elementor-widget-wrap elementor-element-populated\">\n\t\t\t\t\t\t<section class=\"elementor-section elementor-inner-section elementor-element elementor-element-61e9fa2e elementor-reverse-mobile elementor-reverse-tablet elementor-section-boxed elementor-section-height-default elementor-section-height-default\" data-id=\"61e9fa2e\" data-element_type=\"section\" data-e-type=\"section\">\n\t\t\t\t\t\t<div class=\"elementor-container elementor-column-gap-default\">\n\t\t\t\t\t<div class=\"elementor-column elementor-col-33 elementor-inner-column elementor-element elementor-element-6f07a0e8 elementor-invisible\" data-id=\"6f07a0e8\" data-element_type=\"column\" data-e-type=\"column\" data-settings=\"{&quot;animation&quot;:&quot;fadeIn&quot;,&quot;animation_mobile&quot;:&quot;none&quot;}\">\n\t\t\t<div class=\"elementor-widget-wrap elementor-element-populated\">\n\t\t\t\t\t\t<div class=\"elementor-element elementor-element-4f441ae0 elementor-widget elementor-widget-heading\" data-id=\"4f441ae0\" data-element_type=\"widget\" data-e-type=\"widget\" data-widget_type=\"heading.default\">\n\t\t\t\t<div class=\"elementor-widget-container\">\n\t\t\t\t\t<h2 class=\"elementor-heading-title elementor-size-default\">En qu\u00e8 consisteix?<\/h2>\t\t\t\t<\/div>\n\t\t\t\t<\/div>\n\t\t\t\t<div class=\"elementor-element elementor-element-1ecef799 elementor-widget elementor-widget-text-editor\" data-id=\"1ecef799\" data-element_type=\"widget\" data-e-type=\"widget\" data-widget_type=\"text-editor.default\">\n\t\t\t\t<div class=\"elementor-widget-container\">\n\t\t\t\t\t\t\t\t\t<p>El nostre equip altament capacitat visitar\u00e0 les instal\u00b7lacions per dur a terme una inspecci\u00f3 minuciosa de totes les escales i plataformes d&#8217;ESLA. Durant aquesta avaluaci\u00f3, revisarem cada component i estructura per identificar qualsevol signe de desgast, dany o mal funcionament.<\/p>\n\t\t\t\t\t\t\t\t<\/div>\n\t\t\t\t<\/div>\n\t\t\t\t\t<\/div>\n\t\t<\/div>\n\t\t\t\t<div class=\"elementor-column elementor-col-33 elementor-inner-column elementor-element elementor-element-97955d5 animated-slow elementor-invisible\" data-id=\"97955d5\" data-element_type=\"column\" data-e-type=\"column\" data-settings=\"{&quot;animation&quot;:&quot;fadeIn&quot;,&quot;animation_mobile&quot;:&quot;none&quot;}\">\n\t\t\t<div class=\"elementor-widget-wrap elementor-element-populated\">\n\t\t\t\t\t\t<div class=\"elementor-element elementor-element-d98ea84 elementor-widget elementor-widget-heading\" data-id=\"d98ea84\" data-element_type=\"widget\" data-e-type=\"widget\" data-widget_type=\"heading.default\">\n\t\t\t\t<div class=\"elementor-widget-container\">\n\t\t\t\t\t<h2 class=\"elementor-heading-title elementor-size-default\">Beneficis del nostre Servei ITE:<\/h2>\t\t\t\t<\/div>\n\t\t\t\t<\/div>\n\t\t\t\t<div class=\"elementor-element elementor-element-c80b1b0 elementor-widget elementor-widget-text-editor\" data-id=\"c80b1b0\" data-element_type=\"widget\" data-e-type=\"widget\" data-widget_type=\"text-editor.default\">\n\t\t\t\t<div class=\"elementor-widget-container\">\n\t\t\t\t\t\t\t\t\t<ul>\n<li><strong>Seguretat Priorit\u00e0ria:<\/strong> La seguretat del vostre equip i les vostres operacions \u00e9s la nostra m\u00e0xima prioritat. La nostra inspecci\u00f3 exhaustiva garanteix que totes les escales estiguin en condicions \u00f2ptimes i compleixin amb els m\u00e9s alts est\u00e0ndards de seguretat. <\/li>\n<li><strong>Manteniment Preventiu:<\/strong> Identifiquem i abordem qualsevol problema potencial abans que es converteixi en un risc real, cosa que ajuda a evitar accidents i costosos temps d&#8217;inactivitat. <\/li>\n<li><strong>Optimitzaci\u00f3 del Rendiment:<\/strong> En garantir que les escales estiguin en bon estat i funcionant correctament, ajudem a maximitzar la seva efici\u00e8ncia i durabilitat a llarg termini.<\/li>\n<\/ul>\n\t\t\t\t\t\t\t\t<\/div>\n\t\t\t\t<\/div>\n\t\t\t\t\t<\/div>\n\t\t<\/div>\n\t\t\t\t<div class=\"elementor-column elementor-col-33 elementor-inner-column elementor-element elementor-element-55f58363 animated-fast elementor-invisible\" data-id=\"55f58363\" data-element_type=\"column\" data-e-type=\"column\" data-settings=\"{&quot;animation&quot;:&quot;fadeIn&quot;,&quot;animation_mobile&quot;:&quot;none&quot;}\">\n\t\t\t<div class=\"elementor-widget-wrap elementor-element-populated\">\n\t\t\t\t\t\t<div class=\"elementor-element elementor-element-1e4a28e7 elementor-widget elementor-widget-heading\" data-id=\"1e4a28e7\" data-element_type=\"widget\" data-e-type=\"widget\" data-widget_type=\"heading.default\">\n\t\t\t\t<div class=\"elementor-widget-container\">\n\t\t\t\t\t<h3 class=\"elementor-heading-title elementor-size-default\">Per qu\u00e8 ESLA?<\/h3>\t\t\t\t<\/div>\n\t\t\t\t<\/div>\n\t\t\t\t<div class=\"elementor-element elementor-element-69f7d2b6 elementor-widget elementor-widget-text-editor\" data-id=\"69f7d2b6\" data-element_type=\"widget\" data-e-type=\"widget\" data-widget_type=\"text-editor.default\">\n\t\t\t\t<div class=\"elementor-widget-container\">\n\t\t\t\t\t\t\t\t\t<ul>\n<li><strong>Experi\u00e8ncia i professionalisme<\/strong>: Amb anys d&#8217;experi\u00e8ncia a la ind\u00fastria, el nostre equip compta amb el coneixement i l&#8217;experi\u00e8ncia necessaris per dur a terme inspeccions exhaustives de la m\u00e9s alta qualitat. . <\/li>\n<li><strong>Personalitzaci\u00f3:<\/strong> Adaptem els nostres serveis per satisfer les seves necessitats espec\u00edfiques i garantir resultats precisos i complets. <\/li>\n<li><strong>Conveni\u00e8ncia:<\/strong> Ens ajustem al vostre horari i minimitzem qualsevol interrupci\u00f3 en les vostres <br \/>operacions durant la inspecci\u00f3.<\/li>\n<\/ul>\n\t\t\t\t\t\t\t\t<\/div>\n\t\t\t\t<\/div>\n\t\t\t\t\t<\/div>\n\t\t<\/div>\n\t\t\t\t\t<\/div>\n\t\t<\/section>\n\t\t\t\t<section class=\"elementor-section elementor-inner-section elementor-element elementor-element-9532539 elementor-reverse-mobile elementor-reverse-tablet elementor-section-boxed elementor-section-height-default elementor-section-height-default\" data-id=\"9532539\" data-element_type=\"section\" data-e-type=\"section\">\n\t\t\t\t\t\t<div class=\"elementor-container elementor-column-gap-default\">\n\t\t\t\t\t<div class=\"elementor-column elementor-col-100 elementor-inner-column elementor-element elementor-element-7cf1bf2 elementor-invisible\" data-id=\"7cf1bf2\" data-element_type=\"column\" data-e-type=\"column\" data-settings=\"{&quot;animation&quot;:&quot;fadeIn&quot;,&quot;animation_mobile&quot;:&quot;none&quot;}\">\n\t\t\t<div class=\"elementor-widget-wrap elementor-element-populated\">\n\t\t\t\t\t\t<div class=\"elementor-element elementor-element-969edef elementor-invisible elementor-widget elementor-widget-heading\" data-id=\"969edef\" data-element_type=\"widget\" data-e-type=\"widget\" data-settings=\"{&quot;_animation&quot;:&quot;fadeIn&quot;}\" data-widget_type=\"heading.default\">\n\t\t\t\t<div class=\"elementor-widget-container\">\n\t\t\t\t\t<h3 class=\"elementor-heading-title elementor-size-default\">Mantingueu les vostres Instal\u00b7lacions Segures i Eficients amb ESLA!<\/h3>\t\t\t\t<\/div>\n\t\t\t\t<\/div>\n\t\t\t\t\t<\/div>\n\t\t<\/div>\n\t\t\t\t\t<\/div>\n\t\t<\/section>\n\t\t\t\t\t<\/div>\n\t\t<\/div>\n\t\t\t\t\t<\/div>\n\t\t<\/section>\n\t\t\t\t<\/div>\n\t\t","protected":false},"excerpt":{"rendered":"<p>Inspeccions T\u00e8cniques ESLA A ESLA, entenem la import\u00e0ncia de mantenir la seguretat i l&#8217;efici\u00e8ncia a les seves instal\u00b7lacions. Per aix\u00f2 estem encantats d&#8217;oferir el nostre servei especialitzat d&#8217;Inspeccions T\u00e8cniques ESLA. En qu\u00e8 consisteix? El nostre equip altament capacitat visitar\u00e0 les instal\u00b7lacions per dur a terme una inspecci\u00f3 minuciosa de totes les escales i plataformes d&#8217;ESLA. [&hellip;]<\/p>\n","protected":false},"author":1,"featured_media":12363,"parent":6610,"menu_order":0,"comment_status":"closed","ping_status":"closed","template":"page-templates\/pagebuilder.php","meta":{"inline_featured_image":false,"footnotes":""},"class_list":["post-6615","page","type-page","status-publish","has-post-thumbnail","hentry"],"rttpg_featured_image_url":{"full":["https:\/\/www.esla.eu\/wp-content\/uploads\/2025\/02\/IMG_0329.png",2388,1668,false],"landscape":["https:\/\/www.esla.eu\/wp-content\/uploads\/2025\/02\/IMG_0329.png",2388,1668,false],"portraits":["https:\/\/www.esla.eu\/wp-content\/uploads\/2025\/02\/IMG_0329.png",2388,1668,false],"thumbnail":["https:\/\/www.esla.eu\/wp-content\/uploads\/2025\/02\/IMG_0329-150x150.png",150,150,true],"medium":["https:\/\/www.esla.eu\/wp-content\/uploads\/2025\/02\/IMG_0329-300x210.png",300,210,true],"large":["https:\/\/www.esla.eu\/wp-content\/uploads\/2025\/02\/IMG_0329-1024x715.png",812,567,true],"1536x1536":["https:\/\/www.esla.eu\/wp-content\/uploads\/2025\/02\/IMG_0329-1536x1073.png",1536,1073,true],"2048x2048":["https:\/\/www.esla.eu\/wp-content\/uploads\/2025\/02\/IMG_0329-2048x1431.png",2048,1431,true],"woocommerce_thumbnail":["https:\/\/www.esla.eu\/wp-content\/uploads\/2025\/02\/IMG_0329-300x210.png",300,210,true],"woocommerce_single":["https:\/\/www.esla.eu\/wp-content\/uploads\/2025\/02\/IMG_0329-600x419.png",600,419,true],"woocommerce_gallery_thumbnail":["https:\/\/www.esla.eu\/wp-content\/uploads\/2025\/02\/IMG_0329-100x70.png",100,70,true]},"rttpg_author":{"display_name":"crealogica","author_link":"https:\/\/www.esla.eu\/ca\/author\/crealogica\/"},"rttpg_comment":0,"rttpg_category":" <a href=\"https:\/\/www.esla.eu\/ca\/?taxonomy=translation_priority&#038;term=opcional-ca\" rel=\"tag\">Opcional<\/a>","rttpg_excerpt":"Inspeccions T\u00e8cniques ESLA A ESLA, entenem la import\u00e0ncia de mantenir la seguretat i l&#8217;efici\u00e8ncia a les seves instal\u00b7lacions. Per aix\u00f2 estem encantats d&#8217;oferir el nostre servei especialitzat d&#8217;Inspeccions T\u00e8cniques ESLA. En qu\u00e8 consisteix? El nostre equip altament capacitat visitar\u00e0 les instal\u00b7lacions per dur a terme una inspecci\u00f3 minuciosa de totes les escales i plataformes d&#8217;ESLA.&hellip;","_links":{"self":[{"href":"https:\/\/www.esla.eu\/ca\/wp-json\/wp\/v2\/pages\/6615","targetHints":{"allow":["GET"]}}],"collection":[{"href":"https:\/\/www.esla.eu\/ca\/wp-json\/wp\/v2\/pages"}],"about":[{"href":"https:\/\/www.esla.eu\/ca\/wp-json\/wp\/v2\/types\/page"}],"author":[{"embeddable":true,"href":"https:\/\/www.esla.eu\/ca\/wp-json\/wp\/v2\/users\/1"}],"replies":[{"embeddable":true,"href":"https:\/\/www.esla.eu\/ca\/wp-json\/wp\/v2\/comments?post=6615"}],"version-history":[{"count":1,"href":"https:\/\/www.esla.eu\/ca\/wp-json\/wp\/v2\/pages\/6615\/revisions"}],"predecessor-version":[{"id":6616,"href":"https:\/\/www.esla.eu\/ca\/wp-json\/wp\/v2\/pages\/6615\/revisions\/6616"}],"up":[{"embeddable":true,"href":"https:\/\/www.esla.eu\/ca\/wp-json\/wp\/v2\/pages\/6610"}],"wp:featuredmedia":[{"embeddable":true,"href":"https:\/\/www.esla.eu\/ca\/wp-json\/wp\/v2\/media\/12363"}],"wp:attachment":[{"href":"https:\/\/www.esla.eu\/ca\/wp-json\/wp\/v2\/media?parent=6615"}],"curies":[{"name":"wp","href":"https:\/\/api.w.org\/{rel}","templated":true}]}}