{"id":12196,"date":"2025-02-14T11:20:00","date_gmt":"2025-02-14T10:20:00","guid":{"rendered":"https:\/\/www.esla.eu\/?post_type=product&#038;p=12196"},"modified":"2025-02-14T11:38:47","modified_gmt":"2025-02-14T10:38:47","slug":"plataforma-mobil-regulable-en-alcada","status":"publish","type":"product","link":"https:\/\/www.esla.eu\/ca\/productes\/solucions-especials\/plataformes-regulables-i-remolcables\/plataforma-mobil-regulable-en-alcada\/","title":{"rendered":"2001579 &#8211; Plataforma m\u00f2bil regulable en al\u00e7ada"},"content":{"rendered":"<div class=\"elementor-column elementor-col-50 elementor-inner-column elementor-element elementor-element-d2cda06 animated fadeInLeft\" data-id=\"d2cda06\" data-element_type=\"column\" data-settings=\"{&quot;animation&quot;:&quot;fadeInLeft&quot;,&quot;animation_mobile&quot;:&quot;none&quot;}\">\n<div class=\"elementor-widget-wrap elementor-element-populated\">\n<div class=\"elementor-element elementor-element-a6d3ac0 elementor-widget elementor-widget-text-editor\" data-id=\"a6d3ac0\" data-element_type=\"widget\" data-widget_type=\"text-editor.default\">\n<div class=\"elementor-widget-container\">\n<p>Plataforma dissenyada per treballar al voltant del cami\u00f3, brindant una soluci\u00f3 vers\u00e0til i segura per a una varietat de tasques de manteniment i servei. Amb el disseny ergon\u00f2mic i construcci\u00f3 robusta, la nostra plataforma ofereix un acc\u00e9s convenient a diferents \u00e0rees del cami\u00f3, facilitant aix\u00ed les tasques d\u2019inspecci\u00f3, reparaci\u00f3 i neteja.<\/p>\n<p>Equipada amb caracter\u00edstiques de seguretat integrals, garantim un entorn de treball protegit per als operaris.<\/p>\n<\/div>\n<\/div>\n<\/div>\n<\/div>\n<div class=\"elementor-column elementor-col-50 elementor-inner-column elementor-element elementor-element-e2ede26 animated fadeInRight\" data-id=\"e2ede26\" data-element_type=\"column\" data-settings=\"{&quot;animation&quot;:&quot;fadeInRight&quot;,&quot;animation_mobile&quot;:&quot;none&quot;}\">\n<div class=\"elementor-widget-wrap elementor-element-populated\">\n<div class=\"elementor-element elementor-element-f44fd01 elementor-widget elementor-widget-text-editor\" data-id=\"f44fd01\" data-element_type=\"widget\" data-widget_type=\"text-editor.default\">\n<div class=\"elementor-widget-container\">\n<ul>\n<li>Cobreix una regulaci\u00f3 d\u2019entre 1800-2200 mm. S\u2019acciona de forma manual mitjan\u00e7ant una maneta i una cremallera.<\/li>\n<li>L\u2019escala d\u2019acc\u00e9s a la plataforma \u00e9s un paral\u00b7lelogram que va adaptant la seva inclinaci\u00f3 a l\u2019al\u00e7ada regulable.<\/li>\n<li>Sistema de fre amb palanca que bloqueja les rodes alhora.<\/li>\n<li>La plataforma est\u00e0 equipada amb un perfil goma per evitar el contacte, i t\u00e9 una petita volada d\u2019uns 200 mm per acostar-se al vehicle.<\/li>\n<li>Equipada amb baranes i porta autom\u00e0tica per garantir la seguretat dels treballadors.<\/li>\n<li>Preparada per treballar 2 persones alhora.<\/li>\n<\/ul>\n<\/div>\n<\/div>\n<\/div>\n<\/div>\n","protected":false},"excerpt":{"rendered":"<p>Plataforma dissenyada per treballar al voltant del cami\u00f3, brindant una soluci\u00f3 vers\u00e0til i segura per a una varietat de tasques de manteniment i servei. Amb el disseny ergon\u00f2mic i construcci\u00f3 robusta, la nostra plataforma ofereix un acc\u00e9s convenient a diferents \u00e0rees del cami\u00f3, facilitant aix\u00ed les tasques d\u2019inspecci\u00f3, reparaci\u00f3 i neteja. Equipada amb caracter\u00edstiques de [&hellip;]<\/p>\n","protected":false},"featured_media":12201,"template":"","meta":{"inline_featured_image":false},"product_brand":[],"product_cat":[74,78],"product_tag":[],"class_list":{"0":"post-12196","1":"product","2":"type-product","3":"status-publish","4":"has-post-thumbnail","6":"product_cat-plataformes-elevables","7":"product_cat-plataformes-regulables-i-remolcables","9":"first","10":"instock","11":"shipping-taxable","12":"product-type-simple"},"_links":{"self":[{"href":"https:\/\/www.esla.eu\/ca\/wp-json\/wp\/v2\/product\/12196","targetHints":{"allow":["GET"]}}],"collection":[{"href":"https:\/\/www.esla.eu\/ca\/wp-json\/wp\/v2\/product"}],"about":[{"href":"https:\/\/www.esla.eu\/ca\/wp-json\/wp\/v2\/types\/product"}],"wp:featuredmedia":[{"embeddable":true,"href":"https:\/\/www.esla.eu\/ca\/wp-json\/wp\/v2\/media\/12201"}],"wp:attachment":[{"href":"https:\/\/www.esla.eu\/ca\/wp-json\/wp\/v2\/media?parent=12196"}],"wp:term":[{"taxonomy":"product_brand","embeddable":true,"href":"https:\/\/www.esla.eu\/ca\/wp-json\/wp\/v2\/product_brand?post=12196"},{"taxonomy":"product_cat","embeddable":true,"href":"https:\/\/www.esla.eu\/ca\/wp-json\/wp\/v2\/product_cat?post=12196"},{"taxonomy":"product_tag","embeddable":true,"href":"https:\/\/www.esla.eu\/ca\/wp-json\/wp\/v2\/product_tag?post=12196"}],"curies":[{"name":"wp","href":"https:\/\/api.w.org\/{rel}","templated":true}]}}