{"id":5883,"date":"2024-03-13T16:51:47","date_gmt":"2024-03-13T15:51:47","guid":{"rendered":"https:\/\/esla.crealogica.eu\/productos\/sense%20categoria\/8013-escala-portable-1-tram-telescopica-en131-1-2\/"},"modified":"2025-05-29T16:05:53","modified_gmt":"2025-05-29T14:05:53","slug":"8013-escala-portable-1-tram-telescopica-en131-1-2","status":"publish","type":"product","link":"https:\/\/www.esla.eu\/ca\/productes\/escales-portatils\/8013-escala-portable-1-tram-telescopica-en131-1-2\/","title":{"rendered":"8013 &#8211; Escala portable 1 tram telesc\u00f2pica EN131.1-2"},"content":{"rendered":"<p><strong>Caracter\u00edstiques a destacar<\/strong><\/p>\n<p>Al\u00e7ada m\u00e0xima de treball aproximada (mts): 4,36<\/p>\n<p>Inclinaci\u00f3 \u00b0: 75<\/p>\n<p>Esgla\u00f3 (mm): 65<\/p>\n<p>Ample (mm): 445<\/p>\n<p>Separaci\u00f3 graons (mm): 280<\/p>\n<p><strong>Altres detalls<\/strong><\/p>\n<p>Escala regulable en al\u00e7ada en intervals de 280 mm<\/p>\n<p>Es pot desbloquejar i desplegar l&#8217;escala molt f\u00e0cilment<\/p>\n<p>Gr\u00e0cies a un sistema d&#8217;amortiguaci\u00f3 es pot desplegar l&#8217;escala gradualment. Aix\u00ed els dits queden protegits<\/p>\n<p>Distanciador de paret integrat que permet un treball m\u00e9s c\u00f2mode<\/p>\n<p>Bossa per dur les eines inclosa<\/p>\n<p>Ocupa molt poc espai a l&#8217;hora de guardar-la o transportar-la<\/p>\n<p>Estabilitzador inferior que ofereix una elevada estabilitat<\/p>\n","protected":false},"excerpt":{"rendered":"<p>Caracter\u00edstiques a destacar Al\u00e7ada m\u00e0xima de treball aproximada (mts): 4,36 Inclinaci\u00f3 \u00b0: 75 Esgla\u00f3 (mm): 65 Ample (mm): 445 Separaci\u00f3 graons (mm): 280 Altres detalls Escala regulable en al\u00e7ada en intervals de 280 mm Es pot desbloquejar i desplegar l&#8217;escala molt f\u00e0cilment Gr\u00e0cies a un sistema d&#8217;amortiguaci\u00f3 es pot desplegar l&#8217;escala gradualment. Aix\u00ed els dits [&hellip;]<\/p>\n","protected":false},"featured_media":2420,"template":"","meta":{"inline_featured_image":false},"product_brand":[],"product_cat":[64],"product_tag":[],"class_list":{"0":"post-5883","1":"product","2":"type-product","3":"status-publish","4":"has-post-thumbnail","6":"product_cat-escales-portatils","8":"first","9":"instock","10":"shipping-taxable","11":"purchasable","12":"product-type-simple"},"_links":{"self":[{"href":"https:\/\/www.esla.eu\/ca\/wp-json\/wp\/v2\/product\/5883","targetHints":{"allow":["GET"]}}],"collection":[{"href":"https:\/\/www.esla.eu\/ca\/wp-json\/wp\/v2\/product"}],"about":[{"href":"https:\/\/www.esla.eu\/ca\/wp-json\/wp\/v2\/types\/product"}],"wp:featuredmedia":[{"embeddable":true,"href":"https:\/\/www.esla.eu\/ca\/wp-json\/wp\/v2\/media\/2420"}],"wp:attachment":[{"href":"https:\/\/www.esla.eu\/ca\/wp-json\/wp\/v2\/media?parent=5883"}],"wp:term":[{"taxonomy":"product_brand","embeddable":true,"href":"https:\/\/www.esla.eu\/ca\/wp-json\/wp\/v2\/product_brand?post=5883"},{"taxonomy":"product_cat","embeddable":true,"href":"https:\/\/www.esla.eu\/ca\/wp-json\/wp\/v2\/product_cat?post=5883"},{"taxonomy":"product_tag","embeddable":true,"href":"https:\/\/www.esla.eu\/ca\/wp-json\/wp\/v2\/product_tag?post=5883"}],"curies":[{"name":"wp","href":"https:\/\/api.w.org\/{rel}","templated":true}]}}