{"id":5885,"date":"2024-03-13T10:00:35","date_gmt":"2024-03-13T09:00:35","guid":{"rendered":"https:\/\/esla.crealogica.eu\/productos\/sense%20categoria\/6012-escales-per-recolzar-1-tram-en131-1-2\/"},"modified":"2025-05-29T16:05:58","modified_gmt":"2025-05-29T14:05:58","slug":"6012-escales-per-recolzar-1-tram-en131-1-2","status":"publish","type":"product","link":"https:\/\/www.esla.eu\/ca\/productes\/escales-portatils\/6012-escales-per-recolzar-1-tram-en131-1-2\/","title":{"rendered":"6012 &#8211; Escales per recolzar 1 tram EN131.1-2"},"content":{"rendered":"<p><strong>Caracter\u00edstiques a destacar<\/strong><\/p>\n<p>Al\u00e7ada m\u00e0xima de treball aproximada (mts): 3,34<\/p>\n<p>Inclinaci\u00f3 \u00b0: 68<\/p>\n<p>Esgla\u00f3 (mm): 80<\/p>\n<p>Ample (mm): 425<\/p>\n<p>Separaci\u00f3 graons (mm): 250<\/p>\n<p><strong>Altres detalls<\/strong><\/p>\n<p>El montant en forma D aporta una sensaci\u00f3 de seguretat molt m\u00e9s elevada durant el treball sobre la escala, aix\u00ed com una resist\u00e8ncia a la torsi\u00f3 4 vegades m\u00e9s alta<\/p>\n<p>Perforacions necess\u00e0ries per muntar gantxos de suspensi\u00f3 o el tabl\u00f3 de recolzament incloses<\/p>\n<p>Tacos exteriors extra grans rebarbats al montant<\/p>\n","protected":false},"excerpt":{"rendered":"<p>Caracter\u00edstiques a destacar Al\u00e7ada m\u00e0xima de treball aproximada (mts): 3,34 Inclinaci\u00f3 \u00b0: 68 Esgla\u00f3 (mm): 80 Ample (mm): 425 Separaci\u00f3 graons (mm): 250 Altres detalls El montant en forma D aporta una sensaci\u00f3 de seguretat molt m\u00e9s elevada durant el treball sobre la escala, aix\u00ed com una resist\u00e8ncia a la torsi\u00f3 4 vegades m\u00e9s alta [&hellip;]<\/p>\n","protected":false},"featured_media":2112,"template":"","meta":{"inline_featured_image":false},"product_brand":[],"product_cat":[64],"product_tag":[],"class_list":{"0":"post-5885","1":"product","2":"type-product","3":"status-publish","4":"has-post-thumbnail","6":"product_cat-escales-portatils","8":"first","9":"instock","10":"shipping-taxable","11":"purchasable","12":"product-type-simple"},"_links":{"self":[{"href":"https:\/\/www.esla.eu\/ca\/wp-json\/wp\/v2\/product\/5885","targetHints":{"allow":["GET"]}}],"collection":[{"href":"https:\/\/www.esla.eu\/ca\/wp-json\/wp\/v2\/product"}],"about":[{"href":"https:\/\/www.esla.eu\/ca\/wp-json\/wp\/v2\/types\/product"}],"wp:featuredmedia":[{"embeddable":true,"href":"https:\/\/www.esla.eu\/ca\/wp-json\/wp\/v2\/media\/2112"}],"wp:attachment":[{"href":"https:\/\/www.esla.eu\/ca\/wp-json\/wp\/v2\/media?parent=5885"}],"wp:term":[{"taxonomy":"product_brand","embeddable":true,"href":"https:\/\/www.esla.eu\/ca\/wp-json\/wp\/v2\/product_brand?post=5885"},{"taxonomy":"product_cat","embeddable":true,"href":"https:\/\/www.esla.eu\/ca\/wp-json\/wp\/v2\/product_cat?post=5885"},{"taxonomy":"product_tag","embeddable":true,"href":"https:\/\/www.esla.eu\/ca\/wp-json\/wp\/v2\/product_tag?post=5885"}],"curies":[{"name":"wp","href":"https:\/\/api.w.org\/{rel}","templated":true}]}}