{"id":5890,"date":"2024-03-12T11:47:23","date_gmt":"2024-03-12T10:47:23","guid":{"rendered":"https:\/\/esla.crealogica.eu\/productos\/sense%20categoria\/4011-escala-portatil-per-recolzar-dun-tram-en131-1-2\/"},"modified":"2025-05-29T16:06:02","modified_gmt":"2025-05-29T14:06:02","slug":"4011-escala-portatil-per-recolzar-dun-tram-en131-1-2","status":"publish","type":"product","link":"https:\/\/www.esla.eu\/ca\/productes\/escales-portatils\/4011-escala-portatil-per-recolzar-dun-tram-en131-1-2\/","title":{"rendered":"4011 &#8211; Escala port\u00e0til per recolzar d&#8217;un tram EN131.1-2"},"content":{"rendered":"<p style=\"font-weight: 400;\"><b><strong>Caracter\u00edstiques a destacar<\/strong><\/b><\/p>\n<p style=\"font-weight: 400;\">Al\u00e7ada m\u00e0xima de treball aproximada (mts): 6<\/p>\n<p style=\"font-weight: 400;\">Inclinaci\u00f3 \u00b0: 75<\/p>\n<p style=\"font-weight: 400;\">Esgla\u00f3 (mm): 30<\/p>\n<p style=\"font-weight: 400;\">Ample (mm): 355<\/p>\n<p style=\"font-weight: 400;\">Separaci\u00f3 graons (mm): 280<\/p>\n<p style=\"font-weight: 400;\"><b><strong>Altres detalls<\/strong><\/b><\/p>\n<p style=\"font-weight: 400;\">Montants laterals extrusionats ergon\u00f2mics<\/p>\n<p style=\"font-weight: 400;\">A partir de 12 graons s&#8217;inclou estabilitzador<\/p>\n","protected":false},"excerpt":{"rendered":"<p>Caracter\u00edstiques a destacar Al\u00e7ada m\u00e0xima de treball aproximada (mts): 6 Inclinaci\u00f3 \u00b0: 75 Esgla\u00f3 (mm): 30 Ample (mm): 355 Separaci\u00f3 graons (mm): 280 Altres detalls Montants laterals extrusionats ergon\u00f2mics A partir de 12 graons s&#8217;inclou estabilitzador<\/p>\n","protected":false},"featured_media":1731,"template":"","meta":{"inline_featured_image":false},"product_brand":[],"product_cat":[64],"product_tag":[],"class_list":{"0":"post-5890","1":"product","2":"type-product","3":"status-publish","4":"has-post-thumbnail","6":"product_cat-escales-portatils","8":"first","9":"instock","10":"shipping-taxable","11":"purchasable","12":"product-type-simple"},"_links":{"self":[{"href":"https:\/\/www.esla.eu\/ca\/wp-json\/wp\/v2\/product\/5890","targetHints":{"allow":["GET"]}}],"collection":[{"href":"https:\/\/www.esla.eu\/ca\/wp-json\/wp\/v2\/product"}],"about":[{"href":"https:\/\/www.esla.eu\/ca\/wp-json\/wp\/v2\/types\/product"}],"wp:featuredmedia":[{"embeddable":true,"href":"https:\/\/www.esla.eu\/ca\/wp-json\/wp\/v2\/media\/1731"}],"wp:attachment":[{"href":"https:\/\/www.esla.eu\/ca\/wp-json\/wp\/v2\/media?parent=5890"}],"wp:term":[{"taxonomy":"product_brand","embeddable":true,"href":"https:\/\/www.esla.eu\/ca\/wp-json\/wp\/v2\/product_brand?post=5890"},{"taxonomy":"product_cat","embeddable":true,"href":"https:\/\/www.esla.eu\/ca\/wp-json\/wp\/v2\/product_cat?post=5890"},{"taxonomy":"product_tag","embeddable":true,"href":"https:\/\/www.esla.eu\/ca\/wp-json\/wp\/v2\/product_tag?post=5890"}],"curies":[{"name":"wp","href":"https:\/\/api.w.org\/{rel}","templated":true}]}}