{"id":5894,"date":"2024-03-12T16:35:50","date_gmt":"2024-03-12T15:35:50","guid":{"rendered":"https:\/\/esla.crealogica.eu\/productos\/sense%20categoria\/4046-escala-per-recolzar-extensible-de-2-trams-en131-1-2\/"},"modified":"2025-05-29T16:06:00","modified_gmt":"2025-05-29T14:06:00","slug":"4046-escala-per-recolzar-extensible-de-2-trams-en131-1-2","status":"publish","type":"product","link":"https:\/\/www.esla.eu\/ca\/productes\/escales-portatils\/4046-escala-per-recolzar-extensible-de-2-trams-en131-1-2\/","title":{"rendered":"4046 &#8211; Escala per recolzar extensible de 2 trams EN131.1-2"},"content":{"rendered":"<p><strong>Caracter\u00edstiques a destacar<\/strong><\/p>\n<p>Al\u00e7ada m\u00e0xima de treball aproximada (mts): 9<\/p>\n<p>Inclinaci\u00f3 \u00b0: 75<\/p>\n<p>Esgla\u00f3 (mm): 30<\/p>\n<p>Ample (mm): 355 \/ 425<\/p>\n<p>Separaci\u00f3 graons (mm): 280<\/p>\n<p><strong>Altres detalls<\/strong><\/p>\n<p>Montants laterals extrusionats ergon\u00f2mics.<\/p>\n<p>Guies en acer.<\/p>\n","protected":false},"excerpt":{"rendered":"<p>Caracter\u00edstiques a destacar Al\u00e7ada m\u00e0xima de treball aproximada (mts): 9 Inclinaci\u00f3 \u00b0: 75 Esgla\u00f3 (mm): 30 Ample (mm): 355 \/ 425 Separaci\u00f3 graons (mm): 280 Altres detalls Montants laterals extrusionats ergon\u00f2mics. Guies en acer.<\/p>\n","protected":false},"featured_media":1868,"template":"","meta":{"inline_featured_image":false},"product_brand":[],"product_cat":[64],"product_tag":[],"class_list":{"0":"post-5894","1":"product","2":"type-product","3":"status-publish","4":"has-post-thumbnail","6":"product_cat-escales-portatils","8":"first","9":"instock","10":"shipping-taxable","11":"purchasable","12":"product-type-simple"},"_links":{"self":[{"href":"https:\/\/www.esla.eu\/ca\/wp-json\/wp\/v2\/product\/5894","targetHints":{"allow":["GET"]}}],"collection":[{"href":"https:\/\/www.esla.eu\/ca\/wp-json\/wp\/v2\/product"}],"about":[{"href":"https:\/\/www.esla.eu\/ca\/wp-json\/wp\/v2\/types\/product"}],"wp:featuredmedia":[{"embeddable":true,"href":"https:\/\/www.esla.eu\/ca\/wp-json\/wp\/v2\/media\/1868"}],"wp:attachment":[{"href":"https:\/\/www.esla.eu\/ca\/wp-json\/wp\/v2\/media?parent=5894"}],"wp:term":[{"taxonomy":"product_brand","embeddable":true,"href":"https:\/\/www.esla.eu\/ca\/wp-json\/wp\/v2\/product_brand?post=5894"},{"taxonomy":"product_cat","embeddable":true,"href":"https:\/\/www.esla.eu\/ca\/wp-json\/wp\/v2\/product_cat?post=5894"},{"taxonomy":"product_tag","embeddable":true,"href":"https:\/\/www.esla.eu\/ca\/wp-json\/wp\/v2\/product_tag?post=5894"}],"curies":[{"name":"wp","href":"https:\/\/api.w.org\/{rel}","templated":true}]}}