{"id":5897,"date":"2024-03-13T12:09:31","date_gmt":"2024-03-13T11:09:31","guid":{"rendered":"https:\/\/esla.crealogica.eu\/productos\/sense%20categoria\/recolzar-extensible-de-2-trams-mecanica-en131-1-2\/"},"modified":"2025-05-29T16:05:55","modified_gmt":"2025-05-29T14:05:55","slug":"recolzar-extensible-de-2-trams-mecanica-en131-1-2","status":"publish","type":"product","link":"https:\/\/www.esla.eu\/ca\/productes\/escales-portatils\/recolzar-extensible-de-2-trams-mecanica-en131-1-2\/","title":{"rendered":"6051 &#8211; Escala per recolzar extensible de 2 trams mec\u00e0nica EN131.1-2"},"content":{"rendered":"<p><strong>Caracter\u00edstiques a destacar<\/strong><\/p>\n<p>Al\u00e7ada m\u00e0xima de treball aproximada (mts): 12<\/p>\n<p>Inclinaci\u00f3 \u00b0: 75<\/p>\n<p>Esgla\u00f3 (mm): 30<\/p>\n<p>Ample (mm): 355 \/ 425<\/p>\n<p>Separaci\u00f3 graons (mm): 280<\/p>\n<p><strong>Altres detalls<\/strong><\/p>\n<p>Guies en acer, recobertes amb pl\u00e0stic interior per millor lliscament.<\/p>\n<p>Peus basculants amb m\u00e9s superf\u00edcie de recolzament.<\/p>\n<p>Estabilitzadors telesc\u00f2pics i plegables<\/p>\n<p>Rodetes en extrem superior que protegeixen l\u2019escala en la superf\u00edcie de recolzament contra la fricci\u00f3.<\/p>\n<p>Corda de 12 mm.<\/p>\n<p>El disseny del perfil amb ala ofereix un millor lliscament.<\/p>\n<p>Possibilitat agafar per l\u2019 exterior l\u2019 escala en l\u2019 extensi\u00f3, sense agafar-se els dits.<\/p>\n","protected":false},"excerpt":{"rendered":"<p>Caracter\u00edstiques a destacar Al\u00e7ada m\u00e0xima de treball aproximada (mts): 12 Inclinaci\u00f3 \u00b0: 75 Esgla\u00f3 (mm): 30 Ample (mm): 355 \/ 425 Separaci\u00f3 graons (mm): 280 Altres detalls Guies en acer, recobertes amb pl\u00e0stic interior per millor lliscament. Peus basculants amb m\u00e9s superf\u00edcie de recolzament. Estabilitzadors telesc\u00f2pics i plegables Rodetes en extrem superior que protegeixen l\u2019escala [&hellip;]<\/p>\n","protected":false},"featured_media":2270,"template":"","meta":{"inline_featured_image":false},"product_brand":[],"product_cat":[64],"product_tag":[],"class_list":{"0":"post-5897","1":"product","2":"type-product","3":"status-publish","4":"has-post-thumbnail","6":"product_cat-escales-portatils","8":"first","9":"instock","10":"shipping-taxable","11":"purchasable","12":"product-type-simple"},"_links":{"self":[{"href":"https:\/\/www.esla.eu\/ca\/wp-json\/wp\/v2\/product\/5897","targetHints":{"allow":["GET"]}}],"collection":[{"href":"https:\/\/www.esla.eu\/ca\/wp-json\/wp\/v2\/product"}],"about":[{"href":"https:\/\/www.esla.eu\/ca\/wp-json\/wp\/v2\/types\/product"}],"wp:featuredmedia":[{"embeddable":true,"href":"https:\/\/www.esla.eu\/ca\/wp-json\/wp\/v2\/media\/2270"}],"wp:attachment":[{"href":"https:\/\/www.esla.eu\/ca\/wp-json\/wp\/v2\/media?parent=5897"}],"wp:term":[{"taxonomy":"product_brand","embeddable":true,"href":"https:\/\/www.esla.eu\/ca\/wp-json\/wp\/v2\/product_brand?post=5897"},{"taxonomy":"product_cat","embeddable":true,"href":"https:\/\/www.esla.eu\/ca\/wp-json\/wp\/v2\/product_cat?post=5897"},{"taxonomy":"product_tag","embeddable":true,"href":"https:\/\/www.esla.eu\/ca\/wp-json\/wp\/v2\/product_tag?post=5897"}],"curies":[{"name":"wp","href":"https:\/\/api.w.org\/{rel}","templated":true}]}}