{"id":5909,"date":"2024-03-12T16:17:19","date_gmt":"2024-03-12T15:17:19","guid":{"rendered":"https:\/\/esla.crealogica.eu\/productos\/sense%20categoria\/4043-escala-dalumini-articulada-transformable-en131-1-2\/"},"modified":"2025-05-29T16:06:00","modified_gmt":"2025-05-29T14:06:00","slug":"4043-escala-dalumini-articulada-transformable-en131-1-2","status":"publish","type":"product","link":"https:\/\/www.esla.eu\/ca\/productes\/escales-portatils\/4043-escala-dalumini-articulada-transformable-en131-1-2\/","title":{"rendered":"4043 &#8211; Escala d&#8217;alumini articulada transformable EN131.1-2"},"content":{"rendered":"<p><strong>Caracter\u00edstiques a destacar<\/strong><\/p>\n<p>Al\u00e7ada m\u00e0xima de treball aproximada (mts): 6,7 recolzada \/ 4 sense recolzar<\/p>\n<p>Inclinaci\u00f3 \u00b0: 75<\/p>\n<p>Esgla\u00f3 (mm): 30<\/p>\n<p>Separaci\u00f3 graons (mm): 280<\/p>\n<p><strong>Altres detalls<\/strong><\/p>\n<p>Montants laterals extrusionats ergon\u00f2mics.<\/p>\n<p>Ocupa poc espai, f\u00e0cilment transportable.<\/p>\n<p>6 articulacions.<\/p>\n<p>Doble estabilitzador.<\/p>\n","protected":false},"excerpt":{"rendered":"<p>Caracter\u00edstiques a destacar Al\u00e7ada m\u00e0xima de treball aproximada (mts): 6,7 recolzada \/ 4 sense recolzar Inclinaci\u00f3 \u00b0: 75 Esgla\u00f3 (mm): 30 Separaci\u00f3 graons (mm): 280 Altres detalls Montants laterals extrusionats ergon\u00f2mics. Ocupa poc espai, f\u00e0cilment transportable. 6 articulacions. Doble estabilitzador.<\/p>\n","protected":false},"featured_media":1842,"template":"","meta":{"inline_featured_image":false},"product_brand":[],"product_cat":[64],"product_tag":[],"class_list":{"0":"post-5909","1":"product","2":"type-product","3":"status-publish","4":"has-post-thumbnail","6":"product_cat-escales-portatils","8":"first","9":"instock","10":"shipping-taxable","11":"purchasable","12":"product-type-simple"},"_links":{"self":[{"href":"https:\/\/www.esla.eu\/ca\/wp-json\/wp\/v2\/product\/5909","targetHints":{"allow":["GET"]}}],"collection":[{"href":"https:\/\/www.esla.eu\/ca\/wp-json\/wp\/v2\/product"}],"about":[{"href":"https:\/\/www.esla.eu\/ca\/wp-json\/wp\/v2\/types\/product"}],"wp:featuredmedia":[{"embeddable":true,"href":"https:\/\/www.esla.eu\/ca\/wp-json\/wp\/v2\/media\/1842"}],"wp:attachment":[{"href":"https:\/\/www.esla.eu\/ca\/wp-json\/wp\/v2\/media?parent=5909"}],"wp:term":[{"taxonomy":"product_brand","embeddable":true,"href":"https:\/\/www.esla.eu\/ca\/wp-json\/wp\/v2\/product_brand?post=5909"},{"taxonomy":"product_cat","embeddable":true,"href":"https:\/\/www.esla.eu\/ca\/wp-json\/wp\/v2\/product_cat?post=5909"},{"taxonomy":"product_tag","embeddable":true,"href":"https:\/\/www.esla.eu\/ca\/wp-json\/wp\/v2\/product_tag?post=5909"}],"curies":[{"name":"wp","href":"https:\/\/api.w.org\/{rel}","templated":true}]}}