{"id":5911,"date":"2024-03-15T12:06:59","date_gmt":"2024-03-15T11:06:59","guid":{"rendered":"https:\/\/esla.crealogica.eu\/productos\/sense%20categoria\/8042-escala-telescopica-transformable-de-4-trams-en131-1-2\/"},"modified":"2025-05-29T16:05:50","modified_gmt":"2025-05-29T14:05:50","slug":"8042-escala-telescopica-transformable-de-4-trams-en131-1-2","status":"publish","type":"product","link":"https:\/\/www.esla.eu\/ca\/productes\/escales-portatils\/8042-escala-telescopica-transformable-de-4-trams-en131-1-2\/","title":{"rendered":"8042 &#8211; Escala telesc\u00f2pica transformable de 4 trams EN131.1-2"},"content":{"rendered":"<p><strong>Caracter\u00edstiques a destacar<\/strong><\/p>\n<p>Al\u00e7ada m\u00e0xima de treball aproximada (mts): 7 recolzada \/ 4 sense recolzar<\/p>\n<p>Inclinaci\u00f3 \u00b0: 75<\/p>\n<p>Esgla\u00f3 (mm): 30<\/p>\n<p>Separaci\u00f3 graons (mm): 280<\/p>\n<p><strong>Altres detalls<\/strong><\/p>\n<p>Montants laterals extrusionats ergon\u00f2mics.<\/p>\n<p>Ocupa poc espai, f\u00e0cilment transportable.<\/p>\n<p>Ases bloqueig de fundici\u00f3 d\u2019alumini.<\/p>\n<p>En la posici\u00f3 de tisora es pot plegar l\u2019escala sense treure l\u2019articulaci\u00f3.<\/p>\n","protected":false},"excerpt":{"rendered":"<p>Caracter\u00edstiques a destacar Al\u00e7ada m\u00e0xima de treball aproximada (mts): 7 recolzada \/ 4 sense recolzar Inclinaci\u00f3 \u00b0: 75 Esgla\u00f3 (mm): 30 Separaci\u00f3 graons (mm): 280 Altres detalls Montants laterals extrusionats ergon\u00f2mics. Ocupa poc espai, f\u00e0cilment transportable. Ases bloqueig de fundici\u00f3 d\u2019alumini. En la posici\u00f3 de tisora es pot plegar l\u2019escala sense treure l\u2019articulaci\u00f3.<\/p>\n","protected":false},"featured_media":2697,"template":"","meta":{"inline_featured_image":false},"product_brand":[],"product_cat":[64],"product_tag":[],"class_list":{"0":"post-5911","1":"product","2":"type-product","3":"status-publish","4":"has-post-thumbnail","6":"product_cat-escales-portatils","8":"first","9":"instock","10":"shipping-taxable","11":"purchasable","12":"product-type-simple"},"_links":{"self":[{"href":"https:\/\/www.esla.eu\/ca\/wp-json\/wp\/v2\/product\/5911","targetHints":{"allow":["GET"]}}],"collection":[{"href":"https:\/\/www.esla.eu\/ca\/wp-json\/wp\/v2\/product"}],"about":[{"href":"https:\/\/www.esla.eu\/ca\/wp-json\/wp\/v2\/types\/product"}],"wp:featuredmedia":[{"embeddable":true,"href":"https:\/\/www.esla.eu\/ca\/wp-json\/wp\/v2\/media\/2697"}],"wp:attachment":[{"href":"https:\/\/www.esla.eu\/ca\/wp-json\/wp\/v2\/media?parent=5911"}],"wp:term":[{"taxonomy":"product_brand","embeddable":true,"href":"https:\/\/www.esla.eu\/ca\/wp-json\/wp\/v2\/product_brand?post=5911"},{"taxonomy":"product_cat","embeddable":true,"href":"https:\/\/www.esla.eu\/ca\/wp-json\/wp\/v2\/product_cat?post=5911"},{"taxonomy":"product_tag","embeddable":true,"href":"https:\/\/www.esla.eu\/ca\/wp-json\/wp\/v2\/product_tag?post=5911"}],"curies":[{"name":"wp","href":"https:\/\/api.w.org\/{rel}","templated":true}]}}