{"id":5915,"date":"2024-03-13T10:56:04","date_gmt":"2024-03-13T09:56:04","guid":{"rendered":"https:\/\/esla.crealogica.eu\/productos\/sense%20categoria\/6045-escala-dalumini-transformable-de-2-trams-en131-1-2\/"},"modified":"2025-05-29T16:05:57","modified_gmt":"2025-05-29T14:05:57","slug":"6045-escala-dalumini-transformable-de-2-trams-en131-1-2","status":"publish","type":"product","link":"https:\/\/www.esla.eu\/ca\/productes\/escales-portatils\/6045-escala-dalumini-transformable-de-2-trams-en131-1-2\/","title":{"rendered":"6045 &#8211; Escala d&#8217;alumini transformable de 2 trams EN131.1-2"},"content":{"rendered":"<p><strong>Caracter\u00edstiques a destacar<\/strong><\/p>\n<p>Al\u00e7ada m\u00e0xima de treball aproximada (mts): 8 recolzada \/ 5 sense recolzar<\/p>\n<p>Inclinaci\u00f3 \u00b0: 75<\/p>\n<p>Esgla\u00f3 (mm): 30<\/p>\n<p>Ample (mm): 355 \/ 425 (960-1150)<\/p>\n<p>Separaci\u00f3 graons (mm): 280<\/p>\n<p><strong>Altres detalls<\/strong><\/p>\n<p>Montants laterals extrusionats ergon\u00f2mics.<\/p>\n<p>Guies en acer, recobertes amb pl\u00e0stic interior per millor lliscament.<\/p>\n<p>Estabilitzador curvat que llibera 125 mm del terra.<\/p>\n","protected":false},"excerpt":{"rendered":"<p>Caracter\u00edstiques a destacar Al\u00e7ada m\u00e0xima de treball aproximada (mts): 8 recolzada \/ 5 sense recolzar Inclinaci\u00f3 \u00b0: 75 Esgla\u00f3 (mm): 30 Ample (mm): 355 \/ 425 (960-1150) Separaci\u00f3 graons (mm): 280 Altres detalls Montants laterals extrusionats ergon\u00f2mics. Guies en acer, recobertes amb pl\u00e0stic interior per millor lliscament. Estabilitzador curvat que llibera 125 mm del terra.<\/p>\n","protected":false},"featured_media":2200,"template":"","meta":{"inline_featured_image":false},"product_brand":[],"product_cat":[64],"product_tag":[],"class_list":{"0":"post-5915","1":"product","2":"type-product","3":"status-publish","4":"has-post-thumbnail","6":"product_cat-escales-portatils","8":"first","9":"instock","10":"shipping-taxable","11":"purchasable","12":"product-type-simple"},"_links":{"self":[{"href":"https:\/\/www.esla.eu\/ca\/wp-json\/wp\/v2\/product\/5915","targetHints":{"allow":["GET"]}}],"collection":[{"href":"https:\/\/www.esla.eu\/ca\/wp-json\/wp\/v2\/product"}],"about":[{"href":"https:\/\/www.esla.eu\/ca\/wp-json\/wp\/v2\/types\/product"}],"wp:featuredmedia":[{"embeddable":true,"href":"https:\/\/www.esla.eu\/ca\/wp-json\/wp\/v2\/media\/2200"}],"wp:attachment":[{"href":"https:\/\/www.esla.eu\/ca\/wp-json\/wp\/v2\/media?parent=5915"}],"wp:term":[{"taxonomy":"product_brand","embeddable":true,"href":"https:\/\/www.esla.eu\/ca\/wp-json\/wp\/v2\/product_brand?post=5915"},{"taxonomy":"product_cat","embeddable":true,"href":"https:\/\/www.esla.eu\/ca\/wp-json\/wp\/v2\/product_cat?post=5915"},{"taxonomy":"product_tag","embeddable":true,"href":"https:\/\/www.esla.eu\/ca\/wp-json\/wp\/v2\/product_tag?post=5915"}],"curies":[{"name":"wp","href":"https:\/\/api.w.org\/{rel}","templated":true}]}}