{"id":5924,"date":"2024-03-13T17:00:27","date_gmt":"2024-03-13T16:00:27","guid":{"rendered":"https:\/\/esla.crealogica.eu\/productos\/sense%20categoria\/8024-escala-de-tisora-amb-doble-acces-i-grao-ample-en131-1-2\/"},"modified":"2025-05-29T16:05:53","modified_gmt":"2025-05-29T14:05:53","slug":"8024-escala-de-tisora-amb-doble-acces-i-grao-ample-en131-1-2","status":"publish","type":"product","link":"https:\/\/www.esla.eu\/ca\/productes\/escales-portatils\/8024-escala-de-tisora-amb-doble-acces-i-grao-ample-en131-1-2\/","title":{"rendered":"8024 &#8211; Escala de tisora amb doble acc\u00e9s i gra\u00f3 ample EN131.1-2"},"content":{"rendered":"<p><strong>Caracter\u00edstiques a destacar<\/strong><\/p>\n<p>Al\u00e7ada m\u00e0xima de treball aproximada (mts): 4,5<\/p>\n<p>Inclinaci\u00f3 \u00b0: 68<\/p>\n<p>Esgla\u00f3 (mm): 80<\/p>\n<p>Separaci\u00f3 graons (mm): 230<\/p>\n<p><strong>Altres detalls<\/strong><\/p>\n<p>Cintes obertura gran resist\u00e8ncia.<\/p>\n<p>Tirants refor\u00e7 primer gra\u00f3.<\/p>\n<p>Peus en angle que ofereixen m\u00e9s superf\u00edcie de recolzament.<\/p>\n<p>Bisagra obertura de fundici\u00f3 d\u2019 alta resist\u00e8ncia.<\/p>\n","protected":false},"excerpt":{"rendered":"<p>Caracter\u00edstiques a destacar Al\u00e7ada m\u00e0xima de treball aproximada (mts): 4,5 Inclinaci\u00f3 \u00b0: 68 Esgla\u00f3 (mm): 80 Separaci\u00f3 graons (mm): 230 Altres detalls Cintes obertura gran resist\u00e8ncia. Tirants refor\u00e7 primer gra\u00f3. Peus en angle que ofereixen m\u00e9s superf\u00edcie de recolzament. Bisagra obertura de fundici\u00f3 d\u2019 alta resist\u00e8ncia.<\/p>\n","protected":false},"featured_media":2452,"template":"","meta":{"inline_featured_image":false},"product_brand":[],"product_cat":[64],"product_tag":[],"class_list":{"0":"post-5924","1":"product","2":"type-product","3":"status-publish","4":"has-post-thumbnail","6":"product_cat-escales-portatils","8":"first","9":"instock","10":"shipping-taxable","11":"purchasable","12":"product-type-simple"},"_links":{"self":[{"href":"https:\/\/www.esla.eu\/ca\/wp-json\/wp\/v2\/product\/5924","targetHints":{"allow":["GET"]}}],"collection":[{"href":"https:\/\/www.esla.eu\/ca\/wp-json\/wp\/v2\/product"}],"about":[{"href":"https:\/\/www.esla.eu\/ca\/wp-json\/wp\/v2\/types\/product"}],"wp:featuredmedia":[{"embeddable":true,"href":"https:\/\/www.esla.eu\/ca\/wp-json\/wp\/v2\/media\/2452"}],"wp:attachment":[{"href":"https:\/\/www.esla.eu\/ca\/wp-json\/wp\/v2\/media?parent=5924"}],"wp:term":[{"taxonomy":"product_brand","embeddable":true,"href":"https:\/\/www.esla.eu\/ca\/wp-json\/wp\/v2\/product_brand?post=5924"},{"taxonomy":"product_cat","embeddable":true,"href":"https:\/\/www.esla.eu\/ca\/wp-json\/wp\/v2\/product_cat?post=5924"},{"taxonomy":"product_tag","embeddable":true,"href":"https:\/\/www.esla.eu\/ca\/wp-json\/wp\/v2\/product_tag?post=5924"}],"curies":[{"name":"wp","href":"https:\/\/api.w.org\/{rel}","templated":true}]}}