{"id":5926,"date":"2024-03-13T10:28:01","date_gmt":"2024-03-13T09:28:01","guid":{"rendered":"https:\/\/esla.crealogica.eu\/productos\/sense%20categoria\/6024-escala-de-tisora-amb-doble-acces-i-grao-ample-en131-1-2\/"},"modified":"2025-05-29T16:05:57","modified_gmt":"2025-05-29T14:05:57","slug":"6024-escala-de-tisora-amb-doble-acces-i-grao-ample-en131-1-2","status":"publish","type":"product","link":"https:\/\/www.esla.eu\/ca\/productes\/escales-portatils\/6024-escala-de-tisora-amb-doble-acces-i-grao-ample-en131-1-2\/","title":{"rendered":"6024 &#8211; Escala de tisora amb doble acc\u00e9s i gra\u00f3 ample EN131.1-2"},"content":{"rendered":"<p><strong>Caracter\u00edstiques a destacar<\/strong><\/p>\n<p>Al\u00e7ada m\u00e0xima de treball aproximada (mts): 3,33<\/p>\n<p>Inclinaci\u00f3 \u00b0: 68<\/p>\n<p>Esgla\u00f3 (mm): 80<\/p>\n<p>Separaci\u00f3 graons (mm): 270<\/p>\n<p><strong>Altres detalls<\/strong><\/p>\n<p>El montant en forma D aporta una sensaci\u00f3 de seuretat molt m\u00e9s elevada durant el treball sobre la escala, aix\u00ed com una resist\u00e8ncia a la torsi\u00f3 4 vegades m\u00e9s alta<\/p>\n<p>Bisagra sense manteniment (la brut\u00edcia no pot quedar-hi adherida)<\/p>\n<p>Tacos exteriors extra grans rebarbats al montant<\/p>\n","protected":false},"excerpt":{"rendered":"<p>Caracter\u00edstiques a destacar Al\u00e7ada m\u00e0xima de treball aproximada (mts): 3,33 Inclinaci\u00f3 \u00b0: 68 Esgla\u00f3 (mm): 80 Separaci\u00f3 graons (mm): 270 Altres detalls El montant en forma D aporta una sensaci\u00f3 de seuretat molt m\u00e9s elevada durant el treball sobre la escala, aix\u00ed com una resist\u00e8ncia a la torsi\u00f3 4 vegades m\u00e9s alta Bisagra sense manteniment [&hellip;]<\/p>\n","protected":false},"featured_media":2141,"template":"","meta":{"inline_featured_image":false},"product_brand":[],"product_cat":[64],"product_tag":[],"class_list":{"0":"post-5926","1":"product","2":"type-product","3":"status-publish","4":"has-post-thumbnail","6":"product_cat-escales-portatils","8":"first","9":"instock","10":"shipping-taxable","11":"purchasable","12":"product-type-simple"},"_links":{"self":[{"href":"https:\/\/www.esla.eu\/ca\/wp-json\/wp\/v2\/product\/5926","targetHints":{"allow":["GET"]}}],"collection":[{"href":"https:\/\/www.esla.eu\/ca\/wp-json\/wp\/v2\/product"}],"about":[{"href":"https:\/\/www.esla.eu\/ca\/wp-json\/wp\/v2\/types\/product"}],"wp:featuredmedia":[{"embeddable":true,"href":"https:\/\/www.esla.eu\/ca\/wp-json\/wp\/v2\/media\/2141"}],"wp:attachment":[{"href":"https:\/\/www.esla.eu\/ca\/wp-json\/wp\/v2\/media?parent=5926"}],"wp:term":[{"taxonomy":"product_brand","embeddable":true,"href":"https:\/\/www.esla.eu\/ca\/wp-json\/wp\/v2\/product_brand?post=5926"},{"taxonomy":"product_cat","embeddable":true,"href":"https:\/\/www.esla.eu\/ca\/wp-json\/wp\/v2\/product_cat?post=5926"},{"taxonomy":"product_tag","embeddable":true,"href":"https:\/\/www.esla.eu\/ca\/wp-json\/wp\/v2\/product_tag?post=5926"}],"curies":[{"name":"wp","href":"https:\/\/api.w.org\/{rel}","templated":true}]}}