{"id":5928,"date":"2024-03-13T10:14:14","date_gmt":"2024-03-13T09:14:14","guid":{"rendered":"https:\/\/esla.crealogica.eu\/productos\/sense%20categoria\/6023-escala-de-tisora-amb-doble-acces-en131-1-2\/"},"modified":"2025-05-29T16:05:58","modified_gmt":"2025-05-29T14:05:58","slug":"6023-escala-de-tisora-amb-doble-acces-en131-1-2","status":"publish","type":"product","link":"https:\/\/www.esla.eu\/ca\/productes\/escales-portatils\/6023-escala-de-tisora-amb-doble-acces-en131-1-2\/","title":{"rendered":"6023 &#8211; Escala de tisora amb doble acc\u00e9s EN131.1-2"},"content":{"rendered":"<p><strong>Caracter\u00edstiques a destacar<\/strong><\/p>\n<p>Al\u00e7ada m\u00e0xima de treball aproximada (mts): 6<\/p>\n<p>Inclinaci\u00f3 \u00b0: 75<\/p>\n<p>Esgla\u00f3 (mm): 30<\/p>\n<p>Separaci\u00f3 graons (mm): 270<\/p>\n<p><strong>Altres detalls<\/strong><\/p>\n<p>Montants laterals extrusionats ergon\u00f2mics.<\/p>\n<p>Cinta obertura 30 mm.<\/p>\n<p>Tirants refor\u00e7 primer gra\u00f3.<\/p>\n<p>Peus en ancle que ofereixen m\u00e9s superf\u00edcie de recolzament.<\/p>\n","protected":false},"excerpt":{"rendered":"<p>Caracter\u00edstiques a destacar Al\u00e7ada m\u00e0xima de treball aproximada (mts): 6 Inclinaci\u00f3 \u00b0: 75 Esgla\u00f3 (mm): 30 Separaci\u00f3 graons (mm): 270 Altres detalls Montants laterals extrusionats ergon\u00f2mics. Cinta obertura 30 mm. Tirants refor\u00e7 primer gra\u00f3. Peus en ancle que ofereixen m\u00e9s superf\u00edcie de recolzament.<\/p>\n","protected":false},"featured_media":2124,"template":"","meta":{"inline_featured_image":false},"product_brand":[],"product_cat":[64],"product_tag":[],"class_list":{"0":"post-5928","1":"product","2":"type-product","3":"status-publish","4":"has-post-thumbnail","6":"product_cat-escales-portatils","8":"first","9":"instock","10":"shipping-taxable","11":"purchasable","12":"product-type-simple"},"_links":{"self":[{"href":"https:\/\/www.esla.eu\/ca\/wp-json\/wp\/v2\/product\/5928","targetHints":{"allow":["GET"]}}],"collection":[{"href":"https:\/\/www.esla.eu\/ca\/wp-json\/wp\/v2\/product"}],"about":[{"href":"https:\/\/www.esla.eu\/ca\/wp-json\/wp\/v2\/types\/product"}],"wp:featuredmedia":[{"embeddable":true,"href":"https:\/\/www.esla.eu\/ca\/wp-json\/wp\/v2\/media\/2124"}],"wp:attachment":[{"href":"https:\/\/www.esla.eu\/ca\/wp-json\/wp\/v2\/media?parent=5928"}],"wp:term":[{"taxonomy":"product_brand","embeddable":true,"href":"https:\/\/www.esla.eu\/ca\/wp-json\/wp\/v2\/product_brand?post=5928"},{"taxonomy":"product_cat","embeddable":true,"href":"https:\/\/www.esla.eu\/ca\/wp-json\/wp\/v2\/product_cat?post=5928"},{"taxonomy":"product_tag","embeddable":true,"href":"https:\/\/www.esla.eu\/ca\/wp-json\/wp\/v2\/product_tag?post=5928"}],"curies":[{"name":"wp","href":"https:\/\/api.w.org\/{rel}","templated":true}]}}