{"id":5931,"date":"2024-03-13T09:26:49","date_gmt":"2024-03-13T08:26:49","guid":{"rendered":"https:\/\/esla.crealogica.eu\/productos\/sense%20categoria\/4123-escales-tisora-doble-acces-amb-potes-prolongadores-en131-1-2\/"},"modified":"2025-05-29T16:05:59","modified_gmt":"2025-05-29T14:05:59","slug":"4123-escales-tisora-doble-acces-amb-potes-prolongadores-en131-1-2","status":"publish","type":"product","link":"https:\/\/www.esla.eu\/ca\/productes\/escales-portatils\/4123-escales-tisora-doble-acces-amb-potes-prolongadores-en131-1-2\/","title":{"rendered":"4123 &#8211; Escales tisora doble acc\u00e9s amb potes prolongadores EN131.1-2"},"content":{"rendered":"<p><strong>Caracter\u00edstiques a destacar<\/strong><\/p>\n<p>Al\u00e7ada m\u00e0xima de treball aproximada (mts): 3,05<\/p>\n<p>Inclinaci\u00f3 \u00b0: 75<\/p>\n<p>Esgla\u00f3 (mm): 30<\/p>\n<p>Separaci\u00f3 graons (mm): 270<\/p>\n<p><strong>Altres detalls<\/strong><\/p>\n<p>Quatre prolongadors de base amb regulaci\u00f3 (2&#215;1,000, 2x 370)<\/p>\n<p>Protecci\u00f3 contra l&#8217;expansi\u00f3 amb cintes d&#8217;alta resist\u00e8ncia<\/p>\n<p>Dispositiu de bloqueig amb tacos de retenci\u00f3<\/p>\n","protected":false},"excerpt":{"rendered":"<p>Caracter\u00edstiques a destacar Al\u00e7ada m\u00e0xima de treball aproximada (mts): 3,05 Inclinaci\u00f3 \u00b0: 75 Esgla\u00f3 (mm): 30 Separaci\u00f3 graons (mm): 270 Altres detalls Quatre prolongadors de base amb regulaci\u00f3 (2&#215;1,000, 2x 370) Protecci\u00f3 contra l&#8217;expansi\u00f3 amb cintes d&#8217;alta resist\u00e8ncia Dispositiu de bloqueig amb tacos de retenci\u00f3<\/p>\n","protected":false},"featured_media":2056,"template":"","meta":{"inline_featured_image":false},"product_brand":[],"product_cat":[64],"product_tag":[],"class_list":{"0":"post-5931","1":"product","2":"type-product","3":"status-publish","4":"has-post-thumbnail","6":"product_cat-escales-portatils","8":"first","9":"instock","10":"shipping-taxable","11":"purchasable","12":"product-type-simple"},"_links":{"self":[{"href":"https:\/\/www.esla.eu\/ca\/wp-json\/wp\/v2\/product\/5931","targetHints":{"allow":["GET"]}}],"collection":[{"href":"https:\/\/www.esla.eu\/ca\/wp-json\/wp\/v2\/product"}],"about":[{"href":"https:\/\/www.esla.eu\/ca\/wp-json\/wp\/v2\/types\/product"}],"wp:featuredmedia":[{"embeddable":true,"href":"https:\/\/www.esla.eu\/ca\/wp-json\/wp\/v2\/media\/2056"}],"wp:attachment":[{"href":"https:\/\/www.esla.eu\/ca\/wp-json\/wp\/v2\/media?parent=5931"}],"wp:term":[{"taxonomy":"product_brand","embeddable":true,"href":"https:\/\/www.esla.eu\/ca\/wp-json\/wp\/v2\/product_brand?post=5931"},{"taxonomy":"product_cat","embeddable":true,"href":"https:\/\/www.esla.eu\/ca\/wp-json\/wp\/v2\/product_cat?post=5931"},{"taxonomy":"product_tag","embeddable":true,"href":"https:\/\/www.esla.eu\/ca\/wp-json\/wp\/v2\/product_tag?post=5931"}],"curies":[{"name":"wp","href":"https:\/\/api.w.org\/{rel}","templated":true}]}}