{"id":5940,"date":"2024-03-18T11:38:45","date_gmt":"2024-03-18T10:38:45","guid":{"rendered":"https:\/\/esla.crealogica.eu\/productos\/sense%20categoria\/8483-escales-tisora-amb-plataforma-gran-en131-1-2\/"},"modified":"2025-05-29T16:05:45","modified_gmt":"2025-05-29T14:05:45","slug":"8483-escales-tisora-amb-plataforma-gran-en131-1-2","status":"publish","type":"product","link":"https:\/\/www.esla.eu\/ca\/productes\/escales-portatils\/8483-escales-tisora-amb-plataforma-gran-en131-1-2\/","title":{"rendered":"8483 &#8211;  Escales tisora amb plataforma gran \u200bEN131.1-2"},"content":{"rendered":"<p><strong>Caracter\u00edstiques a destacar<\/strong><\/p>\n<p>Al\u00e7ada m\u00e0xima de treball aproximada (mts): 3,36<\/p>\n<p>Inclinaci\u00f3 \u00b0: 68<\/p>\n<p>Esgla\u00f3 (mm): 50<\/p>\n<p>Separaci\u00f3 graons (mm): 250<\/p>\n<p><strong>Altres detalls<\/strong><\/p>\n<p>Recolzament estable gr\u00e0cies a l&#8217;estabilitzador amb regulaci\u00f3 continua (a partir de 4 graons)<\/p>\n<p>Safata funcional amb possibilitat de muntar-la en dues al\u00e7ades<\/p>\n<p>\u00c0mplia plataforma de 600 x 425<\/p>\n<p>Despla\u00e7ament c\u00f2mode gr\u00e0cies a les rodes basculants<\/p>\n<p>&nbsp;<\/p>\n","protected":false},"excerpt":{"rendered":"<p>Caracter\u00edstiques a destacar Al\u00e7ada m\u00e0xima de treball aproximada (mts): 3,36 Inclinaci\u00f3 \u00b0: 68 Esgla\u00f3 (mm): 50 Separaci\u00f3 graons (mm): 250 Altres detalls Recolzament estable gr\u00e0cies a l&#8217;estabilitzador amb regulaci\u00f3 continua (a partir de 4 graons) Safata funcional amb possibilitat de muntar-la en dues al\u00e7ades \u00c0mplia plataforma de 600 x 425 Despla\u00e7ament c\u00f2mode gr\u00e0cies a les [&hellip;]<\/p>\n","protected":false},"featured_media":3676,"template":"","meta":{"inline_featured_image":false},"product_brand":[],"product_cat":[64],"product_tag":[],"class_list":{"0":"post-5940","1":"product","2":"type-product","3":"status-publish","4":"has-post-thumbnail","6":"product_cat-escales-portatils","8":"first","9":"instock","10":"shipping-taxable","11":"purchasable","12":"product-type-simple"},"_links":{"self":[{"href":"https:\/\/www.esla.eu\/ca\/wp-json\/wp\/v2\/product\/5940","targetHints":{"allow":["GET"]}}],"collection":[{"href":"https:\/\/www.esla.eu\/ca\/wp-json\/wp\/v2\/product"}],"about":[{"href":"https:\/\/www.esla.eu\/ca\/wp-json\/wp\/v2\/types\/product"}],"wp:featuredmedia":[{"embeddable":true,"href":"https:\/\/www.esla.eu\/ca\/wp-json\/wp\/v2\/media\/3676"}],"wp:attachment":[{"href":"https:\/\/www.esla.eu\/ca\/wp-json\/wp\/v2\/media?parent=5940"}],"wp:term":[{"taxonomy":"product_brand","embeddable":true,"href":"https:\/\/www.esla.eu\/ca\/wp-json\/wp\/v2\/product_brand?post=5940"},{"taxonomy":"product_cat","embeddable":true,"href":"https:\/\/www.esla.eu\/ca\/wp-json\/wp\/v2\/product_cat?post=5940"},{"taxonomy":"product_tag","embeddable":true,"href":"https:\/\/www.esla.eu\/ca\/wp-json\/wp\/v2\/product_tag?post=5940"}],"curies":[{"name":"wp","href":"https:\/\/api.w.org\/{rel}","templated":true}]}}