{"id":5942,"date":"2024-03-18T11:27:17","date_gmt":"2024-03-18T10:27:17","guid":{"rendered":"https:\/\/esla.crealogica.eu\/productos\/sense%20categoria\/8081-escala-de-tisora-amb-plataforma-gran-en131-1-2\/"},"modified":"2025-05-29T16:05:45","modified_gmt":"2025-05-29T14:05:45","slug":"8081-escala-de-tisora-amb-plataforma-gran-en131-1-2","status":"publish","type":"product","link":"https:\/\/www.esla.eu\/ca\/productes\/escales-portatils\/8081-escala-de-tisora-amb-plataforma-gran-en131-1-2\/","title":{"rendered":"8081 &#8211; Escala de tisora amb plataforma gran EN131.1-2"},"content":{"rendered":"<p><strong>Caracter\u00edstiques a destacar<\/strong><\/p>\n<p>Al\u00e7ada m\u00e0xima de treball aproximada (mts): 4,8<\/p>\n<p>Inclinaci\u00f3 \u00b0: 68<\/p>\n<p>Esgla\u00f3 (mm): 80<\/p>\n<p>Separaci\u00f3 graons (mm): 250<\/p>\n<p><strong>Altres detalls<\/strong><\/p>\n<p>Montants laterals extrusionats ergon\u00f2mics.<\/p>\n<p>Peus en angle que ofereixen m\u00e9s superf\u00edcie de recolzament.<\/p>\n<p>Safata superior per eines de pl\u00e0stic, amb gantxo per penjar galleda de fins a 25 quilos.<\/p>\n<p>Plataforma 440 x 400.<\/p>\n<p>Tirants refor\u00e7 primer gra\u00f3.<\/p>\n<p>Al\u00e7ada barana 800 mm.<\/p>\n<p>Pasamans superior fins a mitja escala.<\/p>\n<p>Cintes obertura gran resist\u00e8ncia a partir 8 graons.<\/p>\n<p>Rodetes 100 mm part posterior per transportar.<\/p>\n","protected":false},"excerpt":{"rendered":"<p>Caracter\u00edstiques a destacar Al\u00e7ada m\u00e0xima de treball aproximada (mts): 4,8 Inclinaci\u00f3 \u00b0: 68 Esgla\u00f3 (mm): 80 Separaci\u00f3 graons (mm): 250 Altres detalls Montants laterals extrusionats ergon\u00f2mics. Peus en angle que ofereixen m\u00e9s superf\u00edcie de recolzament. Safata superior per eines de pl\u00e0stic, amb gantxo per penjar galleda de fins a 25 quilos. Plataforma 440 x 400. [&hellip;]<\/p>\n","protected":false},"featured_media":3573,"template":"","meta":{"inline_featured_image":false},"product_brand":[],"product_cat":[64],"product_tag":[],"class_list":{"0":"post-5942","1":"product","2":"type-product","3":"status-publish","4":"has-post-thumbnail","6":"product_cat-escales-portatils","8":"first","9":"instock","10":"shipping-taxable","11":"purchasable","12":"product-type-simple"},"_links":{"self":[{"href":"https:\/\/www.esla.eu\/ca\/wp-json\/wp\/v2\/product\/5942","targetHints":{"allow":["GET"]}}],"collection":[{"href":"https:\/\/www.esla.eu\/ca\/wp-json\/wp\/v2\/product"}],"about":[{"href":"https:\/\/www.esla.eu\/ca\/wp-json\/wp\/v2\/types\/product"}],"wp:featuredmedia":[{"embeddable":true,"href":"https:\/\/www.esla.eu\/ca\/wp-json\/wp\/v2\/media\/3573"}],"wp:attachment":[{"href":"https:\/\/www.esla.eu\/ca\/wp-json\/wp\/v2\/media?parent=5942"}],"wp:term":[{"taxonomy":"product_brand","embeddable":true,"href":"https:\/\/www.esla.eu\/ca\/wp-json\/wp\/v2\/product_brand?post=5942"},{"taxonomy":"product_cat","embeddable":true,"href":"https:\/\/www.esla.eu\/ca\/wp-json\/wp\/v2\/product_cat?post=5942"},{"taxonomy":"product_tag","embeddable":true,"href":"https:\/\/www.esla.eu\/ca\/wp-json\/wp\/v2\/product_tag?post=5942"}],"curies":[{"name":"wp","href":"https:\/\/api.w.org\/{rel}","templated":true}]}}