{"id":5946,"date":"2024-03-13T13:56:09","date_gmt":"2024-03-13T12:56:09","guid":{"rendered":"https:\/\/esla.crealogica.eu\/productos\/sense%20categoria\/6060-6061-escales-tisora-amb-plataforma-gran-en131-1-2\/"},"modified":"2025-05-29T16:05:54","modified_gmt":"2025-05-29T14:05:54","slug":"6060-6061-escales-tisora-amb-plataforma-gran-en131-1-2","status":"publish","type":"product","link":"https:\/\/www.esla.eu\/ca\/productes\/escales-portatils\/6060-6061-escales-tisora-amb-plataforma-gran-en131-1-2\/","title":{"rendered":"6060-6061 &#8211; Escales tisora amb plataforma gran EN131.1-2"},"content":{"rendered":"<p><strong>Caracter\u00edstiques a destacar<\/strong><\/p>\n<p>Al\u00e7ada m\u00e0xima de treball aproximada (mts): 2,65<\/p>\n<p>Inclinaci\u00f3 \u00b0: 47<\/p>\n<p>Esgla\u00f3 (mm): 230<\/p>\n<p>Separaci\u00f3 graons (mm): 250<\/p>\n<p><strong>Altres detalls<\/strong><\/p>\n<p>Escala plegable<\/p>\n<p>Graons revestits de goma antilliscant<\/p>\n<p>S\u00f2lid refor\u00e7, resistent a la presi\u00f3 i la tracci\u00f3 entre la escala i el tram suport<\/p>\n<p>Amb barana de protecci\u00f3 i safata<\/p>\n","protected":false},"excerpt":{"rendered":"<p>Caracter\u00edstiques a destacar Al\u00e7ada m\u00e0xima de treball aproximada (mts): 2,65 Inclinaci\u00f3 \u00b0: 47 Esgla\u00f3 (mm): 230 Separaci\u00f3 graons (mm): 250 Altres detalls Escala plegable Graons revestits de goma antilliscant S\u00f2lid refor\u00e7, resistent a la presi\u00f3 i la tracci\u00f3 entre la escala i el tram suport Amb barana de protecci\u00f3 i safata<\/p>\n","protected":false},"featured_media":2366,"template":"","meta":{"inline_featured_image":false},"product_brand":[],"product_cat":[64],"product_tag":[],"class_list":{"0":"post-5946","1":"product","2":"type-product","3":"status-publish","4":"has-post-thumbnail","6":"product_cat-escales-portatils","8":"first","9":"instock","10":"shipping-taxable","11":"purchasable","12":"product-type-simple"},"_links":{"self":[{"href":"https:\/\/www.esla.eu\/ca\/wp-json\/wp\/v2\/product\/5946","targetHints":{"allow":["GET"]}}],"collection":[{"href":"https:\/\/www.esla.eu\/ca\/wp-json\/wp\/v2\/product"}],"about":[{"href":"https:\/\/www.esla.eu\/ca\/wp-json\/wp\/v2\/types\/product"}],"wp:featuredmedia":[{"embeddable":true,"href":"https:\/\/www.esla.eu\/ca\/wp-json\/wp\/v2\/media\/2366"}],"wp:attachment":[{"href":"https:\/\/www.esla.eu\/ca\/wp-json\/wp\/v2\/media?parent=5946"}],"wp:term":[{"taxonomy":"product_brand","embeddable":true,"href":"https:\/\/www.esla.eu\/ca\/wp-json\/wp\/v2\/product_brand?post=5946"},{"taxonomy":"product_cat","embeddable":true,"href":"https:\/\/www.esla.eu\/ca\/wp-json\/wp\/v2\/product_cat?post=5946"},{"taxonomy":"product_tag","embeddable":true,"href":"https:\/\/www.esla.eu\/ca\/wp-json\/wp\/v2\/product_tag?post=5946"}],"curies":[{"name":"wp","href":"https:\/\/api.w.org\/{rel}","templated":true}]}}