{"id":5948,"date":"2024-03-14T11:20:00","date_gmt":"2024-03-14T10:20:00","guid":{"rendered":"https:\/\/esla.crealogica.eu\/productos\/sense%20categoria\/8026-escala-de-tisora-amb-plataforma-en131-1-2\/"},"modified":"2025-05-29T16:05:52","modified_gmt":"2025-05-29T14:05:52","slug":"8026-escala-de-tisora-amb-plataforma-en131-1-2","status":"publish","type":"product","link":"https:\/\/www.esla.eu\/ca\/productes\/escales-portatils\/8026-escala-de-tisora-amb-plataforma-en131-1-2\/","title":{"rendered":"8026 &#8211; Escala de tisora amb plataforma EN131.1-2"},"content":{"rendered":"<p><strong>Caracter\u00edstiques a destacar<\/strong><\/p>\n<p>Al\u00e7ada m\u00e0xima de treball aproximada (mts): 5,2<\/p>\n<p>Inclinaci\u00f3 \u00b0: 68<\/p>\n<p>Esgla\u00f3 (mm): 80<\/p>\n<p>Separaci\u00f3 graons (mm): 230<\/p>\n<p><strong>Altres detalls<\/strong><\/p>\n<p>Montants laterals extrusionats ergon\u00f2mics.<\/p>\n<p>Peus en angle que ofereixen m\u00e9s superf\u00edcie de recolzament.<\/p>\n<p>Safata superior d\u2019 alumini per eines.<\/p>\n<p>Plataforma 250 x 250.<\/p>\n<p>Tirants refor\u00e7 primer gra\u00f3.<\/p>\n<p>Cintes obertura gran resist\u00e8ncia a partir 7 graons.<\/p>\n","protected":false},"excerpt":{"rendered":"<p>Caracter\u00edstiques a destacar Al\u00e7ada m\u00e0xima de treball aproximada (mts): 5,2 Inclinaci\u00f3 \u00b0: 68 Esgla\u00f3 (mm): 80 Separaci\u00f3 graons (mm): 230 Altres detalls Montants laterals extrusionats ergon\u00f2mics. Peus en angle que ofereixen m\u00e9s superf\u00edcie de recolzament. Safata superior d\u2019 alumini per eines. Plataforma 250 x 250. Tirants refor\u00e7 primer gra\u00f3. Cintes obertura gran resist\u00e8ncia a partir [&hellip;]<\/p>\n","protected":false},"featured_media":2487,"template":"","meta":{"inline_featured_image":false},"product_brand":[],"product_cat":[64],"product_tag":[],"class_list":{"0":"post-5948","1":"product","2":"type-product","3":"status-publish","4":"has-post-thumbnail","6":"product_cat-escales-portatils","8":"first","9":"instock","10":"shipping-taxable","11":"purchasable","12":"product-type-simple"},"_links":{"self":[{"href":"https:\/\/www.esla.eu\/ca\/wp-json\/wp\/v2\/product\/5948","targetHints":{"allow":["GET"]}}],"collection":[{"href":"https:\/\/www.esla.eu\/ca\/wp-json\/wp\/v2\/product"}],"about":[{"href":"https:\/\/www.esla.eu\/ca\/wp-json\/wp\/v2\/types\/product"}],"wp:featuredmedia":[{"embeddable":true,"href":"https:\/\/www.esla.eu\/ca\/wp-json\/wp\/v2\/media\/2487"}],"wp:attachment":[{"href":"https:\/\/www.esla.eu\/ca\/wp-json\/wp\/v2\/media?parent=5948"}],"wp:term":[{"taxonomy":"product_brand","embeddable":true,"href":"https:\/\/www.esla.eu\/ca\/wp-json\/wp\/v2\/product_brand?post=5948"},{"taxonomy":"product_cat","embeddable":true,"href":"https:\/\/www.esla.eu\/ca\/wp-json\/wp\/v2\/product_cat?post=5948"},{"taxonomy":"product_tag","embeddable":true,"href":"https:\/\/www.esla.eu\/ca\/wp-json\/wp\/v2\/product_tag?post=5948"}],"curies":[{"name":"wp","href":"https:\/\/api.w.org\/{rel}","templated":true}]}}