{"id":5955,"date":"2024-03-18T12:11:06","date_gmt":"2024-03-18T11:11:06","guid":{"rendered":"https:\/\/esla.crealogica.eu\/productos\/sense%20categoria\/71020-tamboret-plegable-en14183\/"},"modified":"2025-05-29T16:05:45","modified_gmt":"2025-05-29T14:05:45","slug":"71020-tamboret-plegable-en14183","status":"publish","type":"product","link":"https:\/\/www.esla.eu\/ca\/productes\/escales-portatils\/71020-tamboret-plegable-en14183\/","title":{"rendered":"71020 &#8211; Tamboret plegable EN14183"},"content":{"rendered":"<p><strong>Caracter\u00edstiques a destacar<\/strong><\/p>\n<p>Al\u00e7ada m\u00e0xima de treball aproximada (mts): 2,34<\/p>\n<p>Inclinaci\u00f3 \u00b0: 68<\/p>\n<p>Esgla\u00f3 (mm): 80<\/p>\n<p>Separaci\u00f3 graons (mm): 210<\/p>\n<p><strong>Altres detalls<\/strong><\/p>\n<p>Especialment apropiada per l&#8217;\u00fas en magatzems o tasques de manteniment<\/p>\n<p>Alta estabilitat gr\u00e0cies a la uni\u00f3 soldada entre montants i graons<\/p>\n<p>S\u00f2lida plataforma de material de fundici\u00f3 amb superf\u00edcie de 400&#215;300 mm<\/p>\n<p>Pe\u00e7a de bloqueig r\u00edgida per evitar el tancament involuntari<\/p>\n<p>Ocupa poc espai a l&#8217;hora de ser plegada<\/p>\n","protected":false},"excerpt":{"rendered":"<p>Caracter\u00edstiques a destacar Al\u00e7ada m\u00e0xima de treball aproximada (mts): 2,34 Inclinaci\u00f3 \u00b0: 68 Esgla\u00f3 (mm): 80 Separaci\u00f3 graons (mm): 210 Altres detalls Especialment apropiada per l&#8217;\u00fas en magatzems o tasques de manteniment Alta estabilitat gr\u00e0cies a la uni\u00f3 soldada entre montants i graons S\u00f2lida plataforma de material de fundici\u00f3 amb superf\u00edcie de 400&#215;300 mm Pe\u00e7a [&hellip;]<\/p>\n","protected":false},"featured_media":3975,"template":"","meta":{"inline_featured_image":false},"product_brand":[],"product_cat":[64],"product_tag":[],"class_list":{"0":"post-5955","1":"product","2":"type-product","3":"status-publish","4":"has-post-thumbnail","6":"product_cat-escales-portatils","8":"first","9":"instock","10":"shipping-taxable","11":"purchasable","12":"product-type-simple"},"_links":{"self":[{"href":"https:\/\/www.esla.eu\/ca\/wp-json\/wp\/v2\/product\/5955","targetHints":{"allow":["GET"]}}],"collection":[{"href":"https:\/\/www.esla.eu\/ca\/wp-json\/wp\/v2\/product"}],"about":[{"href":"https:\/\/www.esla.eu\/ca\/wp-json\/wp\/v2\/types\/product"}],"wp:featuredmedia":[{"embeddable":true,"href":"https:\/\/www.esla.eu\/ca\/wp-json\/wp\/v2\/media\/3975"}],"wp:attachment":[{"href":"https:\/\/www.esla.eu\/ca\/wp-json\/wp\/v2\/media?parent=5955"}],"wp:term":[{"taxonomy":"product_brand","embeddable":true,"href":"https:\/\/www.esla.eu\/ca\/wp-json\/wp\/v2\/product_brand?post=5955"},{"taxonomy":"product_cat","embeddable":true,"href":"https:\/\/www.esla.eu\/ca\/wp-json\/wp\/v2\/product_cat?post=5955"},{"taxonomy":"product_tag","embeddable":true,"href":"https:\/\/www.esla.eu\/ca\/wp-json\/wp\/v2\/product_tag?post=5955"}],"curies":[{"name":"wp","href":"https:\/\/api.w.org\/{rel}","templated":true}]}}