{"id":5957,"date":"2024-03-18T08:47:44","date_gmt":"2024-03-18T07:47:44","guid":{"rendered":"https:\/\/esla.crealogica.eu\/productos\/sense%20categoria\/7077-bastida-mobil-amb-estabilitzador-dimensions-plataforma-208-x-061-en-1004\/"},"modified":"2025-05-29T16:05:49","modified_gmt":"2025-05-29T14:05:49","slug":"7077-bastida-mobil-amb-estabilitzador-dimensions-plataforma-208-x-061-en-1004","status":"publish","type":"product","link":"https:\/\/www.esla.eu\/ca\/productes\/bastides-mobils\/7077-bastida-mobil-amb-estabilitzador-dimensions-plataforma-208-x-061-en-1004\/","title":{"rendered":"7077 &#8211; Bastida m\u00f2bil amb estabilitzador. Dimensions plataforma: 2,08 x 0,61 EN 1004"},"content":{"rendered":"<p><strong>Caracter\u00edstiques a destacar<\/strong><\/p>\n<p><span lang=\"ES\">Dimensions plataforma 2,08 \u00d7 0,61 m<\/span><\/p>\n<p><span lang=\"ES\">C\u00e0rrega m\u00e0xima admisible 200 kg\/m\u00b2<\/span><\/p>\n<p>Important consultar les\u00a0<strong>instruccions de muntatge i la fitxa del producte\u00a0<\/strong>(documentaci\u00f3 producte) pels complements que seran necessaris segons l&#8217;us intern, extern i d\u2019altres<\/p>\n","protected":false},"excerpt":{"rendered":"<p>Caracter\u00edstiques a destacar Dimensions plataforma 2,08 \u00d7 0,61 m C\u00e0rrega m\u00e0xima admisible 200 kg\/m\u00b2 Important consultar les\u00a0instruccions de muntatge i la fitxa del producte\u00a0(documentaci\u00f3 producte) pels complements que seran necessaris segons l&#8217;us intern, extern i d\u2019altres<\/p>\n","protected":false},"featured_media":2790,"template":"","meta":{"inline_featured_image":false},"product_brand":[],"product_cat":[63],"product_tag":[],"class_list":{"0":"post-5957","1":"product","2":"type-product","3":"status-publish","4":"has-post-thumbnail","6":"product_cat-bastides-mobils","8":"first","9":"instock","10":"shipping-taxable","11":"product-type-simple"},"_links":{"self":[{"href":"https:\/\/www.esla.eu\/ca\/wp-json\/wp\/v2\/product\/5957","targetHints":{"allow":["GET"]}}],"collection":[{"href":"https:\/\/www.esla.eu\/ca\/wp-json\/wp\/v2\/product"}],"about":[{"href":"https:\/\/www.esla.eu\/ca\/wp-json\/wp\/v2\/types\/product"}],"wp:featuredmedia":[{"embeddable":true,"href":"https:\/\/www.esla.eu\/ca\/wp-json\/wp\/v2\/media\/2790"}],"wp:attachment":[{"href":"https:\/\/www.esla.eu\/ca\/wp-json\/wp\/v2\/media?parent=5957"}],"wp:term":[{"taxonomy":"product_brand","embeddable":true,"href":"https:\/\/www.esla.eu\/ca\/wp-json\/wp\/v2\/product_brand?post=5957"},{"taxonomy":"product_cat","embeddable":true,"href":"https:\/\/www.esla.eu\/ca\/wp-json\/wp\/v2\/product_cat?post=5957"},{"taxonomy":"product_tag","embeddable":true,"href":"https:\/\/www.esla.eu\/ca\/wp-json\/wp\/v2\/product_tag?post=5957"}],"curies":[{"name":"wp","href":"https:\/\/api.w.org\/{rel}","templated":true}]}}