{"id":5984,"date":"2024-03-18T09:25:02","date_gmt":"2024-03-18T08:25:02","guid":{"rendered":"https:\/\/esla.crealogica.eu\/productos\/sense%20categoria\/8576-bastida-mobil-amb-escala-amb-estabilitzador-dimensions-plataforma-190-x-130-en-1004\/"},"modified":"2025-05-29T16:05:46","modified_gmt":"2025-05-29T14:05:46","slug":"8576-bastida-mobil-amb-escala-amb-estabilitzador-dimensions-plataforma-190-x-130-en-1004","status":"publish","type":"product","link":"https:\/\/www.esla.eu\/ca\/productes\/bastides-mobils\/8576-bastida-mobil-amb-escala-amb-estabilitzador-dimensions-plataforma-190-x-130-en-1004\/","title":{"rendered":"8576 &#8211; Bastida m\u00f2bil amb escala amb estabilitzador. Dimensions plataforma: 1,90 x 1,30 EN 1004"},"content":{"rendered":"<p><strong>Caracter\u00edstiques a destacar<\/strong><\/p>\n<p><span lang=\"ES\">Dimensions plataforma 1,90 \u00d7 1,30 m<\/span><\/p>\n<p><span lang=\"ES\">C\u00e0rrega m\u00e0xima admisible 150 kg\/m\u00b2<\/span><\/p>\n<p>Important consultar les\u00a0<strong>instruccions de muntatge i la fitxa del producte\u00a0<\/strong>(documentaci\u00f3 producte) pels complements que seran necessaris segons l&#8217;us intern, extern i d\u2019altres.<\/p>\n","protected":false},"excerpt":{"rendered":"<p>Caracter\u00edstiques a destacar Dimensions plataforma 1,90 \u00d7 1,30 m C\u00e0rrega m\u00e0xima admisible 150 kg\/m\u00b2 Important consultar les\u00a0instruccions de muntatge i la fitxa del producte\u00a0(documentaci\u00f3 producte) pels complements que seran necessaris segons l&#8217;us intern, extern i d\u2019altres.<\/p>\n","protected":false},"featured_media":2944,"template":"","meta":{"inline_featured_image":false},"product_brand":[],"product_cat":[63],"product_tag":[],"class_list":{"0":"post-5984","1":"product","2":"type-product","3":"status-publish","4":"has-post-thumbnail","6":"product_cat-bastides-mobils","8":"first","9":"instock","10":"shipping-taxable","11":"product-type-simple"},"_links":{"self":[{"href":"https:\/\/www.esla.eu\/ca\/wp-json\/wp\/v2\/product\/5984","targetHints":{"allow":["GET"]}}],"collection":[{"href":"https:\/\/www.esla.eu\/ca\/wp-json\/wp\/v2\/product"}],"about":[{"href":"https:\/\/www.esla.eu\/ca\/wp-json\/wp\/v2\/types\/product"}],"wp:featuredmedia":[{"embeddable":true,"href":"https:\/\/www.esla.eu\/ca\/wp-json\/wp\/v2\/media\/2944"}],"wp:attachment":[{"href":"https:\/\/www.esla.eu\/ca\/wp-json\/wp\/v2\/media?parent=5984"}],"wp:term":[{"taxonomy":"product_brand","embeddable":true,"href":"https:\/\/www.esla.eu\/ca\/wp-json\/wp\/v2\/product_brand?post=5984"},{"taxonomy":"product_cat","embeddable":true,"href":"https:\/\/www.esla.eu\/ca\/wp-json\/wp\/v2\/product_cat?post=5984"},{"taxonomy":"product_tag","embeddable":true,"href":"https:\/\/www.esla.eu\/ca\/wp-json\/wp\/v2\/product_tag?post=5984"}],"curies":[{"name":"wp","href":"https:\/\/api.w.org\/{rel}","templated":true}]}}