{"id":5987,"date":"2024-03-13T11:39:41","date_gmt":"2024-03-13T10:39:41","guid":{"rendered":"https:\/\/esla.crealogica.eu\/productos\/sense%20categoria\/f6100-escales-per-recolzar-1-tram-fibra-de-vidre-en-131-1-en-131-2-i-en-50528\/"},"modified":"2025-05-29T16:05:56","modified_gmt":"2025-05-29T14:05:56","slug":"f6100-escales-per-recolzar-1-tram-fibra-de-vidre-en-131-1-en-131-2-i-en-50528","status":"publish","type":"product","link":"https:\/\/www.esla.eu\/ca\/productes\/escales-portatils\/f6100-escales-per-recolzar-1-tram-fibra-de-vidre-en-131-1-en-131-2-i-en-50528\/","title":{"rendered":"F6100 &#8211; Escales per recolzar 1 tram fibra de vidre EN 131.1 \u2013 EN 131.2 i EN 50528"},"content":{"rendered":"<p><strong>Caracter\u00edstiques a destacar<\/strong><\/p>\n<p>Al\u00e7ada m\u00e0xima de treball aproximada (mts): 7<\/p>\n<p>Inclinaci\u00f3 \u00b0: 75<\/p>\n<p>Esgla\u00f3 (mm): 30<\/p>\n<p>Ample (mm): 400\/450<\/p>\n<p>Separaci\u00f3 graons (mm): 280<\/p>\n<p><strong>Altres detalls<\/strong><\/p>\n<p>Equipada amb peus basculants a partir model F6110. Models inferiors peus fixes<\/p>\n<p>Aillant en front agents el\u00e8ctrics i t\u00e8rmics<\/p>\n<p>Antimagn\u00e8tic i ressistent a la humitat, els \u00e1cids, la corrossi\u00f3 i els raigs ultravioletes<\/p>\n<p>Cargoleria i peces d&#8217;uni\u00f3 en acer inoxidable<\/p>\n<p>Montants tancats amb tapas i graons segellats amb tapons<\/p>\n","protected":false},"excerpt":{"rendered":"<p>Caracter\u00edstiques a destacar Al\u00e7ada m\u00e0xima de treball aproximada (mts): 7 Inclinaci\u00f3 \u00b0: 75 Esgla\u00f3 (mm): 30 Ample (mm): 400\/450 Separaci\u00f3 graons (mm): 280 Altres detalls Equipada amb peus basculants a partir model F6110. Models inferiors peus fixes Aillant en front agents el\u00e8ctrics i t\u00e8rmics Antimagn\u00e8tic i ressistent a la humitat, els \u00e1cids, la corrossi\u00f3 i [&hellip;]<\/p>\n","protected":false},"featured_media":2244,"template":"","meta":{"inline_featured_image":false},"product_brand":[],"product_cat":[64],"product_tag":[],"class_list":{"0":"post-5987","1":"product","2":"type-product","3":"status-publish","4":"has-post-thumbnail","6":"product_cat-escales-portatils","8":"first","9":"instock","10":"shipping-taxable","11":"purchasable","12":"product-type-simple"},"_links":{"self":[{"href":"https:\/\/www.esla.eu\/ca\/wp-json\/wp\/v2\/product\/5987","targetHints":{"allow":["GET"]}}],"collection":[{"href":"https:\/\/www.esla.eu\/ca\/wp-json\/wp\/v2\/product"}],"about":[{"href":"https:\/\/www.esla.eu\/ca\/wp-json\/wp\/v2\/types\/product"}],"wp:featuredmedia":[{"embeddable":true,"href":"https:\/\/www.esla.eu\/ca\/wp-json\/wp\/v2\/media\/2244"}],"wp:attachment":[{"href":"https:\/\/www.esla.eu\/ca\/wp-json\/wp\/v2\/media?parent=5987"}],"wp:term":[{"taxonomy":"product_brand","embeddable":true,"href":"https:\/\/www.esla.eu\/ca\/wp-json\/wp\/v2\/product_brand?post=5987"},{"taxonomy":"product_cat","embeddable":true,"href":"https:\/\/www.esla.eu\/ca\/wp-json\/wp\/v2\/product_cat?post=5987"},{"taxonomy":"product_tag","embeddable":true,"href":"https:\/\/www.esla.eu\/ca\/wp-json\/wp\/v2\/product_tag?post=5987"}],"curies":[{"name":"wp","href":"https:\/\/api.w.org\/{rel}","templated":true}]}}