{"id":5991,"date":"2024-03-13T12:30:21","date_gmt":"2024-03-13T11:30:21","guid":{"rendered":"https:\/\/esla.crealogica.eu\/productos\/sense%20categoria\/f7200m-escala-per-recolzar-extensible-de-2-trams-manual-fibra-de-vidre-en-131-1-en-131-2-i-en-50528\/"},"modified":"2025-05-29T16:05:55","modified_gmt":"2025-05-29T14:05:55","slug":"f7200m-escala-per-recolzar-extensible-de-2-trams-manual-fibra-de-vidre-en-131-1-en-131-2-i-en-50528","status":"publish","type":"product","link":"https:\/\/www.esla.eu\/ca\/productes\/escales-portatils\/f7200m-escala-per-recolzar-extensible-de-2-trams-manual-fibra-de-vidre-en-131-1-en-131-2-i-en-50528\/","title":{"rendered":"F7200M &#8211; Escala per recolzar extensible de 2 trams manual fibra de vidre EN 131.1 \u2013 EN 131.2 i EN 50528"},"content":{"rendered":"<p><strong>Caracter\u00edstiques a destacar<\/strong><\/p>\n<p>Al\u00e7ada m\u00e0xima de treball aproximada (mts): 11<\/p>\n<p>Inclinaci\u00f3 \u00b0: 75<\/p>\n<p>Esgla\u00f3 (mm): 30<\/p>\n<p>Ample (mm): 450\/500<\/p>\n<p>Separaci\u00f3 graons (mm): 280<\/p>\n<p><strong>Altres detalls<\/strong><\/p>\n<p>El primer i \u00faltim gra\u00f3 estan refor\u00e7ats<\/p>\n<p>Es poden treballar els 2 trams per separat<\/p>\n<p>Equipada amb peus basculants<\/p>\n<p>Potes regulable en al\u00e7ada opcionals<\/p>\n<p>Aillant enfront agents el\u00e8ctrics i t\u00e8rmics<\/p>\n<p>Antimagn\u00e8tic i ressistent a la humitat, els \u00e1cids, la corrossi\u00f3 i els raigs ultravioletes<\/p>\n<p>Cargoleria i peces d&#8217;uni\u00f3 en acer inoxidable<\/p>\n<p>Rodes per lliscar a les fa\u00e7anes a partir model F7210M (no incloses models inferiors)<\/p>\n<p>Montants tancats amb tapas i graons segellats amb tapons.<\/p>\n<p>Rodetes de lliscament entre trams per evitar el desgast dels perfils<\/p>\n","protected":false},"excerpt":{"rendered":"<p>Caracter\u00edstiques a destacar Al\u00e7ada m\u00e0xima de treball aproximada (mts): 11 Inclinaci\u00f3 \u00b0: 75 Esgla\u00f3 (mm): 30 Ample (mm): 450\/500 Separaci\u00f3 graons (mm): 280 Altres detalls El primer i \u00faltim gra\u00f3 estan refor\u00e7ats Es poden treballar els 2 trams per separat Equipada amb peus basculants Potes regulable en al\u00e7ada opcionals Aillant enfront agents el\u00e8ctrics i t\u00e8rmics [&hellip;]<\/p>\n","protected":false},"featured_media":2293,"template":"","meta":{"inline_featured_image":false},"product_brand":[],"product_cat":[64],"product_tag":[],"class_list":{"0":"post-5991","1":"product","2":"type-product","3":"status-publish","4":"has-post-thumbnail","6":"product_cat-escales-portatils","8":"first","9":"instock","10":"shipping-taxable","11":"purchasable","12":"product-type-simple"},"_links":{"self":[{"href":"https:\/\/www.esla.eu\/ca\/wp-json\/wp\/v2\/product\/5991","targetHints":{"allow":["GET"]}}],"collection":[{"href":"https:\/\/www.esla.eu\/ca\/wp-json\/wp\/v2\/product"}],"about":[{"href":"https:\/\/www.esla.eu\/ca\/wp-json\/wp\/v2\/types\/product"}],"wp:featuredmedia":[{"embeddable":true,"href":"https:\/\/www.esla.eu\/ca\/wp-json\/wp\/v2\/media\/2293"}],"wp:attachment":[{"href":"https:\/\/www.esla.eu\/ca\/wp-json\/wp\/v2\/media?parent=5991"}],"wp:term":[{"taxonomy":"product_brand","embeddable":true,"href":"https:\/\/www.esla.eu\/ca\/wp-json\/wp\/v2\/product_brand?post=5991"},{"taxonomy":"product_cat","embeddable":true,"href":"https:\/\/www.esla.eu\/ca\/wp-json\/wp\/v2\/product_cat?post=5991"},{"taxonomy":"product_tag","embeddable":true,"href":"https:\/\/www.esla.eu\/ca\/wp-json\/wp\/v2\/product_tag?post=5991"}],"curies":[{"name":"wp","href":"https:\/\/api.w.org\/{rel}","templated":true}]}}