{"id":5993,"date":"2024-03-13T11:19:52","date_gmt":"2024-03-13T10:19:52","guid":{"rendered":"https:\/\/esla.crealogica.eu\/productos\/sense%20categoria\/f6tpp-escala-de-tisora-amb-plataforma-fibra-de-vidre-en-131-1-en-131-2-i-en-50528\/"},"modified":"2025-05-29T16:05:57","modified_gmt":"2025-05-29T14:05:57","slug":"f6tpp-escala-de-tisora-amb-plataforma-fibra-de-vidre-en-131-1-en-131-2-i-en-50528","status":"publish","type":"product","link":"https:\/\/www.esla.eu\/ca\/productes\/escales-portatils\/f6tpp-escala-de-tisora-amb-plataforma-fibra-de-vidre-en-131-1-en-131-2-i-en-50528\/","title":{"rendered":"F6TPW &#8211; Escala de tisora amb plataforma fibra de vidre EN 131.1 \u2013 EN 131.2 i EN 50528"},"content":{"rendered":"<p><strong>Caracter\u00edstiques a destacar<\/strong><\/p>\n<p>Al\u00e7ada m\u00e0xima de treball aproximada (mts): 3,49<\/p>\n<p>Inclinaci\u00f3 \u00b0: 68<\/p>\n<p>Esgla\u00f3 (mm): 82<\/p>\n<p>Separaci\u00f3 graons (mm): 280<\/p>\n<p><strong>Altres detalls<\/strong><\/p>\n<p>Fabricada completament en pli\u00e8ster refor\u00e7at amb fibra de vidre, tan el tran de pujada com el de suport<\/p>\n<p>Antimagn\u00e8tic i ressistent a la humitat, els \u00e1cids, la corrossi\u00f3 i els raigs ultravioletes<\/p>\n<p>Plataforma antilliscant de 31 x 33 cm. De poli\u00e8ster refor\u00e7at amb fibra de vidre<\/p>\n<p>Cargoleria i peces en acer inoxidable<\/p>\n<p>Cintes antiapertura<\/p>\n<p>Safata superior porta eines<\/p>\n<p>Estabilitzadors a la base per millorar l&#8217;estabilitat<\/p>\n","protected":false},"excerpt":{"rendered":"<p>Caracter\u00edstiques a destacar Al\u00e7ada m\u00e0xima de treball aproximada (mts): 3,49 Inclinaci\u00f3 \u00b0: 68 Esgla\u00f3 (mm): 82 Separaci\u00f3 graons (mm): 280 Altres detalls Fabricada completament en pli\u00e8ster refor\u00e7at amb fibra de vidre, tan el tran de pujada com el de suport Antimagn\u00e8tic i ressistent a la humitat, els \u00e1cids, la corrossi\u00f3 i els raigs ultravioletes Plataforma [&hellip;]<\/p>\n","protected":false},"featured_media":10951,"template":"","meta":{"inline_featured_image":false},"product_brand":[],"product_cat":[64],"product_tag":[],"class_list":{"0":"post-5993","1":"product","2":"type-product","3":"status-publish","4":"has-post-thumbnail","6":"product_cat-escales-portatils","8":"first","9":"instock","10":"shipping-taxable","11":"purchasable","12":"product-type-simple"},"_links":{"self":[{"href":"https:\/\/www.esla.eu\/ca\/wp-json\/wp\/v2\/product\/5993","targetHints":{"allow":["GET"]}}],"collection":[{"href":"https:\/\/www.esla.eu\/ca\/wp-json\/wp\/v2\/product"}],"about":[{"href":"https:\/\/www.esla.eu\/ca\/wp-json\/wp\/v2\/types\/product"}],"wp:featuredmedia":[{"embeddable":true,"href":"https:\/\/www.esla.eu\/ca\/wp-json\/wp\/v2\/media\/10951"}],"wp:attachment":[{"href":"https:\/\/www.esla.eu\/ca\/wp-json\/wp\/v2\/media?parent=5993"}],"wp:term":[{"taxonomy":"product_brand","embeddable":true,"href":"https:\/\/www.esla.eu\/ca\/wp-json\/wp\/v2\/product_brand?post=5993"},{"taxonomy":"product_cat","embeddable":true,"href":"https:\/\/www.esla.eu\/ca\/wp-json\/wp\/v2\/product_cat?post=5993"},{"taxonomy":"product_tag","embeddable":true,"href":"https:\/\/www.esla.eu\/ca\/wp-json\/wp\/v2\/product_tag?post=5993"}],"curies":[{"name":"wp","href":"https:\/\/api.w.org\/{rel}","templated":true}]}}