{"id":5995,"date":"2024-03-13T14:22:29","date_gmt":"2024-03-13T13:22:29","guid":{"rendered":"https:\/\/esla.crealogica.eu\/productos\/sense%20categoria\/fatp-escala-de-tisora-de-grao-ample-amb-doble-acces-fibra-de-vidre-en131-1-2-i-en-50528\/"},"modified":"2025-05-29T16:05:53","modified_gmt":"2025-05-29T14:05:53","slug":"fatp-escala-de-tisora-de-grao-ample-amb-doble-acces-fibra-de-vidre-en131-1-2-i-en-50528","status":"publish","type":"product","link":"https:\/\/www.esla.eu\/ca\/productes\/escales-portatils\/fatp-escala-de-tisora-de-grao-ample-amb-doble-acces-fibra-de-vidre-en131-1-2-i-en-50528\/","title":{"rendered":"FATP &#8211; Escala de tisora de gra\u00f3 ample amb doble acc\u00e9s fibra de vidre EN131.1-2 i EN 50528"},"content":{"rendered":"<p><strong>Caracter\u00edstiques a destacar<\/strong><\/p>\n<p>Al\u00e7ada m\u00e0xima de treball aproximada (mts): 3,65<\/p>\n<p>Inclinaci\u00f3 \u00b0: 68<\/p>\n<p>Esgla\u00f3 (mm): 80<\/p>\n<p>Separaci\u00f3 graons (mm): 250<\/p>\n<p><strong>Altres detalls<\/strong><\/p>\n<p>Tram d&#8217;ascens de poli\u00e9ster refor\u00e7at amb fibra de vidre<\/p>\n<p>Gra\u00f3 refor\u00e7at d&#8217;alumini<\/p>\n<p>Barres de seguretat antiobertura en ferro<\/p>\n<p>Escaires de refor\u00e7 en gra\u00f3 intermig i inferior<\/p>\n","protected":false},"excerpt":{"rendered":"<p>Caracter\u00edstiques a destacar Al\u00e7ada m\u00e0xima de treball aproximada (mts): 3,65 Inclinaci\u00f3 \u00b0: 68 Esgla\u00f3 (mm): 80 Separaci\u00f3 graons (mm): 250 Altres detalls Tram d&#8217;ascens de poli\u00e9ster refor\u00e7at amb fibra de vidre Gra\u00f3 refor\u00e7at d&#8217;alumini Barres de seguretat antiobertura en ferro Escaires de refor\u00e7 en gra\u00f3 intermig i inferior<\/p>\n","protected":false},"featured_media":2397,"template":"","meta":{"inline_featured_image":false},"product_brand":[],"product_cat":[64],"product_tag":[],"class_list":{"0":"post-5995","1":"product","2":"type-product","3":"status-publish","4":"has-post-thumbnail","6":"product_cat-escales-portatils","8":"first","9":"instock","10":"shipping-taxable","11":"purchasable","12":"product-type-simple"},"_links":{"self":[{"href":"https:\/\/www.esla.eu\/ca\/wp-json\/wp\/v2\/product\/5995","targetHints":{"allow":["GET"]}}],"collection":[{"href":"https:\/\/www.esla.eu\/ca\/wp-json\/wp\/v2\/product"}],"about":[{"href":"https:\/\/www.esla.eu\/ca\/wp-json\/wp\/v2\/types\/product"}],"wp:featuredmedia":[{"embeddable":true,"href":"https:\/\/www.esla.eu\/ca\/wp-json\/wp\/v2\/media\/2397"}],"wp:attachment":[{"href":"https:\/\/www.esla.eu\/ca\/wp-json\/wp\/v2\/media?parent=5995"}],"wp:term":[{"taxonomy":"product_brand","embeddable":true,"href":"https:\/\/www.esla.eu\/ca\/wp-json\/wp\/v2\/product_brand?post=5995"},{"taxonomy":"product_cat","embeddable":true,"href":"https:\/\/www.esla.eu\/ca\/wp-json\/wp\/v2\/product_cat?post=5995"},{"taxonomy":"product_tag","embeddable":true,"href":"https:\/\/www.esla.eu\/ca\/wp-json\/wp\/v2\/product_tag?post=5995"}],"curies":[{"name":"wp","href":"https:\/\/api.w.org\/{rel}","templated":true}]}}