{"id":5997,"date":"2024-03-14T11:49:23","date_gmt":"2024-03-14T10:49:23","guid":{"rendered":"https:\/\/esla.crealogica.eu\/productos\/sense%20categoria\/ft-escala-de-tisora-amb-doble-acces-fibra-de-vidre-en131-1-2-i-en-50528\/"},"modified":"2025-05-29T16:05:52","modified_gmt":"2025-05-29T14:05:52","slug":"ft-escala-de-tisora-amb-doble-acces-fibra-de-vidre-en131-1-2-i-en-50528","status":"publish","type":"product","link":"https:\/\/www.esla.eu\/ca\/productes\/escales-portatils\/ft-escala-de-tisora-amb-doble-acces-fibra-de-vidre-en131-1-2-i-en-50528\/","title":{"rendered":"FT &#8211; Escala de tisora amb doble acc\u00e9s fibra de vidre EN131.1-2 i EN 50528"},"content":{"rendered":"<p><strong>Caracter\u00edstiques a destacar<\/strong><\/p>\n<p>Al\u00e7ada m\u00e0xima de treball aproximada (mts): 5,5<\/p>\n<p>Inclinaci\u00f3 \u00b0: 75<\/p>\n<p>Esgla\u00f3 (mm): 30<\/p>\n<p>Ample (mm): 400<\/p>\n<p>Separaci\u00f3 graons (mm): 280<\/p>\n<p><strong>Altres detalls<\/strong><\/p>\n<p>L&#8217;escala t\u00e9 doble estabilitzador amb peus de goma anttiscants<\/p>\n<p>Cintes de bloqueig per evitar l&#8217;obertura<\/p>\n<p>Aillant en front agents el\u00e8ctrics i t\u00e8rmics<\/p>\n<p>Antimagn\u00e8tic i ressistent a la humitat, els \u00e1cids, la corrossi\u00f3 i els raigs ultravioletes<\/p>\n<p>Cargoleria i peces d&#8217;uni\u00f3 en acer inoxidable<\/p>\n<p>Montants tancats amb tapas i graons segellats amb tapons.<\/p>\n","protected":false},"excerpt":{"rendered":"<p>Caracter\u00edstiques a destacar Al\u00e7ada m\u00e0xima de treball aproximada (mts): 5,5 Inclinaci\u00f3 \u00b0: 75 Esgla\u00f3 (mm): 30 Ample (mm): 400 Separaci\u00f3 graons (mm): 280 Altres detalls L&#8217;escala t\u00e9 doble estabilitzador amb peus de goma anttiscants Cintes de bloqueig per evitar l&#8217;obertura Aillant en front agents el\u00e8ctrics i t\u00e8rmics Antimagn\u00e8tic i ressistent a la humitat, els \u00e1cids, [&hellip;]<\/p>\n","protected":false},"featured_media":2529,"template":"","meta":{"inline_featured_image":false},"product_brand":[],"product_cat":[64],"product_tag":[],"class_list":{"0":"post-5997","1":"product","2":"type-product","3":"status-publish","4":"has-post-thumbnail","6":"product_cat-escales-portatils","8":"first","9":"instock","10":"shipping-taxable","11":"purchasable","12":"product-type-simple"},"_links":{"self":[{"href":"https:\/\/www.esla.eu\/ca\/wp-json\/wp\/v2\/product\/5997","targetHints":{"allow":["GET"]}}],"collection":[{"href":"https:\/\/www.esla.eu\/ca\/wp-json\/wp\/v2\/product"}],"about":[{"href":"https:\/\/www.esla.eu\/ca\/wp-json\/wp\/v2\/types\/product"}],"wp:featuredmedia":[{"embeddable":true,"href":"https:\/\/www.esla.eu\/ca\/wp-json\/wp\/v2\/media\/2529"}],"wp:attachment":[{"href":"https:\/\/www.esla.eu\/ca\/wp-json\/wp\/v2\/media?parent=5997"}],"wp:term":[{"taxonomy":"product_brand","embeddable":true,"href":"https:\/\/www.esla.eu\/ca\/wp-json\/wp\/v2\/product_brand?post=5997"},{"taxonomy":"product_cat","embeddable":true,"href":"https:\/\/www.esla.eu\/ca\/wp-json\/wp\/v2\/product_cat?post=5997"},{"taxonomy":"product_tag","embeddable":true,"href":"https:\/\/www.esla.eu\/ca\/wp-json\/wp\/v2\/product_tag?post=5997"}],"curies":[{"name":"wp","href":"https:\/\/api.w.org\/{rel}","templated":true}]}}