{"id":6002,"date":"2024-03-14T11:38:51","date_gmt":"2024-03-14T10:38:51","guid":{"rendered":"https:\/\/esla.crealogica.eu\/productos\/sense%20categoria\/fc7300-escales-transformables-3-trams-fibra-de-vidre-en131-1-2-i-en-50528\/"},"modified":"2025-05-29T16:05:52","modified_gmt":"2025-05-29T14:05:52","slug":"fc7300-escales-transformables-3-trams-fibra-de-vidre-en131-1-2-i-en-50528","status":"publish","type":"product","link":"https:\/\/www.esla.eu\/ca\/productes\/escales-portatils\/fc7300-escales-transformables-3-trams-fibra-de-vidre-en131-1-2-i-en-50528\/","title":{"rendered":"FC7300 &#8211; Escales transformables 3 trams fibra de vidre EN131.1-2 i EN 50528"},"content":{"rendered":"<p><strong>Caracter\u00edstiques a destacar<\/strong><\/p>\n<p>Inclinaci\u00f3 \u00b0: 75<\/p>\n<p>Esgla\u00f3 (mm): 30<\/p>\n<p>Ample (mm): 514<\/p>\n<p>Separaci\u00f3 graons (mm): 280<\/p>\n<p><strong>Altres detalls<\/strong><\/p>\n<p>Aillant en front agents el\u00e8ctrics i t\u00e8rmics<\/p>\n<p>Antimagn\u00e8tic i ressistent a la humitat, els \u00e1cids, la corrossi\u00f3 i els raigs ultravioletes<\/p>\n<p>Potes de goma a la base<\/p>\n<p>Cargoleria i peces d&#8217;uni\u00f3 en acer inoxidable<\/p>\n<p>Montants tancats amb tapas i graons segellats amb tapons.<\/p>\n<p>Cintes de seguretat antiobertura per utilitzar com a tisora, desmuntables quan s&#8217;utilitza com extensible<\/p>\n","protected":false},"excerpt":{"rendered":"<p>Caracter\u00edstiques a destacar Inclinaci\u00f3 \u00b0: 75 Esgla\u00f3 (mm): 30 Ample (mm): 514 Separaci\u00f3 graons (mm): 280 Altres detalls Aillant en front agents el\u00e8ctrics i t\u00e8rmics Antimagn\u00e8tic i ressistent a la humitat, els \u00e1cids, la corrossi\u00f3 i els raigs ultravioletes Potes de goma a la base Cargoleria i peces d&#8217;uni\u00f3 en acer inoxidable Montants tancats amb [&hellip;]<\/p>\n","protected":false},"featured_media":2500,"template":"","meta":{"inline_featured_image":false},"product_brand":[],"product_cat":[64],"product_tag":[],"class_list":{"0":"post-6002","1":"product","2":"type-product","3":"status-publish","4":"has-post-thumbnail","6":"product_cat-escales-portatils","8":"first","9":"instock","10":"shipping-taxable","11":"purchasable","12":"product-type-simple"},"_links":{"self":[{"href":"https:\/\/www.esla.eu\/ca\/wp-json\/wp\/v2\/product\/6002","targetHints":{"allow":["GET"]}}],"collection":[{"href":"https:\/\/www.esla.eu\/ca\/wp-json\/wp\/v2\/product"}],"about":[{"href":"https:\/\/www.esla.eu\/ca\/wp-json\/wp\/v2\/types\/product"}],"wp:featuredmedia":[{"embeddable":true,"href":"https:\/\/www.esla.eu\/ca\/wp-json\/wp\/v2\/media\/2500"}],"wp:attachment":[{"href":"https:\/\/www.esla.eu\/ca\/wp-json\/wp\/v2\/media?parent=6002"}],"wp:term":[{"taxonomy":"product_brand","embeddable":true,"href":"https:\/\/www.esla.eu\/ca\/wp-json\/wp\/v2\/product_brand?post=6002"},{"taxonomy":"product_cat","embeddable":true,"href":"https:\/\/www.esla.eu\/ca\/wp-json\/wp\/v2\/product_cat?post=6002"},{"taxonomy":"product_tag","embeddable":true,"href":"https:\/\/www.esla.eu\/ca\/wp-json\/wp\/v2\/product_tag?post=6002"}],"curies":[{"name":"wp","href":"https:\/\/api.w.org\/{rel}","templated":true}]}}