{"id":6004,"date":"2024-03-13T13:50:27","date_gmt":"2024-03-13T12:50:27","guid":{"rendered":"https:\/\/esla.crealogica.eu\/productos\/sense%20categoria\/f-alm-65-escala-de-fibra-de-magatzem-65o-en-131-7-i-en-61478\/"},"modified":"2025-05-29T16:05:54","modified_gmt":"2025-05-29T14:05:54","slug":"f-alm-65-escala-de-fibra-de-magatzem-65o-en-131-7-i-en-61478","status":"publish","type":"product","link":"https:\/\/www.esla.eu\/ca\/productes\/escales-portatils\/f-alm-65-escala-de-fibra-de-magatzem-65o-en-131-7-i-en-61478\/","title":{"rendered":"F-ALM-65 Escala de fibra de magatzem 65\u00ba EN 131-7 i EN 61478"},"content":{"rendered":"<p>-Escala de fibra de vidre, a\u00efllant davant d&#8217;agents el\u00e8ctrics i t\u00e8rmics.<\/p>\n<p>-Escala antimagn\u00e8tica i resistent a la humitat, els \u00e0cids, la corrosi\u00f3 i els raigs ultraviolats.<\/p>\n<p>-Plataforma de 605\u00d7805 mm de tramex de seguretat de fibra de vidre.<\/p>\n<p>-Pas entre esglaons 28 cm.<\/p>\n<p>-Inclinaci\u00f3 tram pujada: 65\u00ba (pujar i baixar de cara a l&#8217;escala)<\/p>\n<p>-Esglaons de fibra de vidre de 82 mm d&#8217;empremta.<\/p>\n<p>-Sabates de goma antilliscants.<\/p>\n<p>-Cargoles i ferramentes en acer inoxidable.<\/p>\n<p>-Rodes de despla\u00e7ament a la part posterior<\/p>\n<p>-Llarguers tancats per tapes i esglaons segellats amb taps.<\/p>\n<p>-Fabricades de conformitat amb la norma UNE-EN 131-7 d&#8217;Escales m\u00f2bils amb plataforma.<\/p>\n<p>-Assajos d&#8217;a\u00efllament 100 KV segons norma UNE-EN 61478 d&#8217;Escales de material a\u00efllant.<\/p>\n","protected":false},"excerpt":{"rendered":"<p>-Escala de fibra de vidre, a\u00efllant davant d&#8217;agents el\u00e8ctrics i t\u00e8rmics. -Escala antimagn\u00e8tica i resistent a la humitat, els \u00e0cids, la corrosi\u00f3 i els raigs ultraviolats. -Plataforma de 605\u00d7805 mm de tramex de seguretat de fibra de vidre. -Pas entre esglaons 28 cm. -Inclinaci\u00f3 tram pujada: 65\u00ba (pujar i baixar de cara a l&#8217;escala) -Esglaons [&hellip;]<\/p>\n","protected":false},"featured_media":2315,"template":"","meta":{"inline_featured_image":false},"product_brand":[],"product_cat":[64],"product_tag":[],"class_list":{"0":"post-6004","1":"product","2":"type-product","3":"status-publish","4":"has-post-thumbnail","6":"product_cat-escales-portatils","8":"first","9":"instock","10":"shipping-taxable","11":"purchasable","12":"product-type-simple"},"_links":{"self":[{"href":"https:\/\/www.esla.eu\/ca\/wp-json\/wp\/v2\/product\/6004","targetHints":{"allow":["GET"]}}],"collection":[{"href":"https:\/\/www.esla.eu\/ca\/wp-json\/wp\/v2\/product"}],"about":[{"href":"https:\/\/www.esla.eu\/ca\/wp-json\/wp\/v2\/types\/product"}],"wp:featuredmedia":[{"embeddable":true,"href":"https:\/\/www.esla.eu\/ca\/wp-json\/wp\/v2\/media\/2315"}],"wp:attachment":[{"href":"https:\/\/www.esla.eu\/ca\/wp-json\/wp\/v2\/media?parent=6004"}],"wp:term":[{"taxonomy":"product_brand","embeddable":true,"href":"https:\/\/www.esla.eu\/ca\/wp-json\/wp\/v2\/product_brand?post=6004"},{"taxonomy":"product_cat","embeddable":true,"href":"https:\/\/www.esla.eu\/ca\/wp-json\/wp\/v2\/product_cat?post=6004"},{"taxonomy":"product_tag","embeddable":true,"href":"https:\/\/www.esla.eu\/ca\/wp-json\/wp\/v2\/product_tag?post=6004"}],"curies":[{"name":"wp","href":"https:\/\/api.w.org\/{rel}","templated":true}]}}