{"id":6008,"date":"2024-03-13T14:08:26","date_gmt":"2024-03-13T13:08:26","guid":{"rendered":"https:\/\/esla.crealogica.eu\/productos\/sense%20categoria\/f-alm-p-escala-amb-plataforma-rodant-i-plegable-en-131-7-i-en-61478\/"},"modified":"2025-05-29T16:05:54","modified_gmt":"2025-05-29T14:05:54","slug":"f-alm-p-escala-amb-plataforma-rodant-i-plegable-en-131-7-i-en-61478","status":"publish","type":"product","link":"https:\/\/www.esla.eu\/ca\/productes\/escales-portatils\/f-alm-p-escala-amb-plataforma-rodant-i-plegable-en-131-7-i-en-61478\/","title":{"rendered":"F-ALM-P Escala amb plataforma rodant i plegable EN 131-7 i EN 61478"},"content":{"rendered":"<p>-Escala de poli\u00e8ster refor\u00e7ada amb fibra de vidre.<\/p>\n<p>-Especialment dissenyat per a treballs de llarga durada en al\u00e7ada.<\/p>\n<p>-Plegable per a un f\u00e0cil transport.<\/p>\n<p>-A\u00eflla dels agents el\u00e8ctrics i t\u00e8rmics. \u00c9s antimagn\u00e8tic i resistent a la humitat, \u00e0cids, corrosi\u00f3 i raigs ultraviolats.<\/p>\n<p>CARACTER\u00cdSTIQUES:<\/p>\n<p>-Dist\u00e0ncia entre esglaons: 28 cm.<\/p>\n<p>-Plataforma de 500 x 500 mm en reixa de seguretat de fibra de vidre.<\/p>\n<p>-Panys i cargols d&#8217;acer inoxidable.<\/p>\n<p>-Equipat amb peus de goma.<\/p>\n<p>-Equipat amb rodes a la part posterior per moure-la f\u00e0cilment.<\/p>\n<p>NORMATIVA:<\/p>\n<p>-Fabricades segons UNE-EN 131-7 &#8220;Escales m\u00f2bils amb plataforma&#8221;.<\/p>\n<p>-Assajat a 100 kV segons UNE-EN 61478 &#8220;Escala en material a\u00efllant&#8221;.<\/p>\n","protected":false},"excerpt":{"rendered":"<p>-Escala de poli\u00e8ster refor\u00e7ada amb fibra de vidre. -Especialment dissenyat per a treballs de llarga durada en al\u00e7ada. -Plegable per a un f\u00e0cil transport. -A\u00eflla dels agents el\u00e8ctrics i t\u00e8rmics. \u00c9s antimagn\u00e8tic i resistent a la humitat, \u00e0cids, corrosi\u00f3 i raigs ultraviolats. CARACTER\u00cdSTIQUES: -Dist\u00e0ncia entre esglaons: 28 cm. -Plataforma de 500 x 500 mm en [&hellip;]<\/p>\n","protected":false},"featured_media":2379,"template":"","meta":{"inline_featured_image":false},"product_brand":[],"product_cat":[64],"product_tag":[],"class_list":{"0":"post-6008","1":"product","2":"type-product","3":"status-publish","4":"has-post-thumbnail","6":"product_cat-escales-portatils","8":"first","9":"instock","10":"shipping-taxable","11":"purchasable","12":"product-type-simple"},"_links":{"self":[{"href":"https:\/\/www.esla.eu\/ca\/wp-json\/wp\/v2\/product\/6008","targetHints":{"allow":["GET"]}}],"collection":[{"href":"https:\/\/www.esla.eu\/ca\/wp-json\/wp\/v2\/product"}],"about":[{"href":"https:\/\/www.esla.eu\/ca\/wp-json\/wp\/v2\/types\/product"}],"wp:featuredmedia":[{"embeddable":true,"href":"https:\/\/www.esla.eu\/ca\/wp-json\/wp\/v2\/media\/2379"}],"wp:attachment":[{"href":"https:\/\/www.esla.eu\/ca\/wp-json\/wp\/v2\/media?parent=6008"}],"wp:term":[{"taxonomy":"product_brand","embeddable":true,"href":"https:\/\/www.esla.eu\/ca\/wp-json\/wp\/v2\/product_brand?post=6008"},{"taxonomy":"product_cat","embeddable":true,"href":"https:\/\/www.esla.eu\/ca\/wp-json\/wp\/v2\/product_cat?post=6008"},{"taxonomy":"product_tag","embeddable":true,"href":"https:\/\/www.esla.eu\/ca\/wp-json\/wp\/v2\/product_tag?post=6008"}],"curies":[{"name":"wp","href":"https:\/\/api.w.org\/{rel}","templated":true}]}}