{"id":6013,"date":"2024-03-18T12:52:32","date_gmt":"2024-03-18T11:52:32","guid":{"rendered":"https:\/\/esla.crealogica.eu\/productos\/sense categoria\/joc-ganxos-30-60-100-mm-series-escales-portatils-alumini-amb-montant-entre-60-i-83-mm\/"},"modified":"2024-03-18T12:52:32","modified_gmt":"2024-03-18T11:52:32","slug":"joc-ganxos-30-60-100-mm-series-escales-portatils-alumini-amb-montant-entre-60-i-83-mm","status":"publish","type":"product","link":"https:\/\/www.esla.eu\/ca\/productes\/accessoris\/subjeccio-ganxos\/joc-ganxos-30-60-100-mm-series-escales-portatils-alumini-amb-montant-entre-60-i-83-mm\/","title":{"rendered":"Joc ganxos 30\/60\/100 mm S\u00e8ries escales port\u00e0tils alumini amb montant entre 60 i 83 mm"},"content":{"rendered":"<p>Joc ganxos en 3 di\u00e0metres:<\/p>\n<p>54013 30 mm<\/p>\n<p>54014 60 mm<\/p>\n<p>54015 100 mm<\/p>\n<p>S\u00e8ries escales port\u00e0tils alumini amb montant entre 60 i 83 mm<\/p>\n<p>Acer galvanitzat<\/p>\n","protected":false},"excerpt":{"rendered":"<p>Joc ganxos en 3 di\u00e0metres: 54013 30 mm 54014 60 mm 54015 100 mm S\u00e8ries escales port\u00e0tils alumini amb montant entre 60 i 83 mm Acer galvanitzat<\/p>\n","protected":false},"featured_media":4136,"template":"","meta":{"inline_featured_image":false},"product_brand":[],"product_cat":[173],"product_tag":[],"class_list":{"0":"post-6013","1":"product","2":"type-product","3":"status-publish","4":"has-post-thumbnail","6":"product_cat-subjeccio-ganxos","8":"first","9":"instock","10":"shipping-taxable","11":"product-type-simple"},"_links":{"self":[{"href":"https:\/\/www.esla.eu\/ca\/wp-json\/wp\/v2\/product\/6013","targetHints":{"allow":["GET"]}}],"collection":[{"href":"https:\/\/www.esla.eu\/ca\/wp-json\/wp\/v2\/product"}],"about":[{"href":"https:\/\/www.esla.eu\/ca\/wp-json\/wp\/v2\/types\/product"}],"wp:featuredmedia":[{"embeddable":true,"href":"https:\/\/www.esla.eu\/ca\/wp-json\/wp\/v2\/media\/4136"}],"wp:attachment":[{"href":"https:\/\/www.esla.eu\/ca\/wp-json\/wp\/v2\/media?parent=6013"}],"wp:term":[{"taxonomy":"product_brand","embeddable":true,"href":"https:\/\/www.esla.eu\/ca\/wp-json\/wp\/v2\/product_brand?post=6013"},{"taxonomy":"product_cat","embeddable":true,"href":"https:\/\/www.esla.eu\/ca\/wp-json\/wp\/v2\/product_cat?post=6013"},{"taxonomy":"product_tag","embeddable":true,"href":"https:\/\/www.esla.eu\/ca\/wp-json\/wp\/v2\/product_tag?post=6013"}],"curies":[{"name":"wp","href":"https:\/\/api.w.org\/{rel}","templated":true}]}}