{"id":6014,"date":"2024-03-18T12:56:53","date_gmt":"2024-03-18T11:56:53","guid":{"rendered":"https:\/\/esla.crealogica.eu\/productos\/sense categoria\/joc-ganxos-plans-60-100-150-mm-series-escales-portatils-alumini-amb-montant-entre-60-i-83-mm\/"},"modified":"2024-03-18T12:56:53","modified_gmt":"2024-03-18T11:56:53","slug":"joc-ganxos-plans-60-100-150-mm-series-escales-portatils-alumini-amb-montant-entre-60-i-83-mm","status":"publish","type":"product","link":"https:\/\/www.esla.eu\/ca\/productes\/accessoris\/subjeccio-ganxos\/joc-ganxos-plans-60-100-150-mm-series-escales-portatils-alumini-amb-montant-entre-60-i-83-mm\/","title":{"rendered":"Joc ganxos plans 60\/100\/150 mm S\u00e8ries escales port\u00e0tils alumini amb montant entre 60 i 83 mm"},"content":{"rendered":"<p>Joc ganxos plans en 3 di\u00e0metres<\/p>\n<p>54016 60 mm<\/p>\n<p>54017 100 mm<\/p>\n<p>54018 150 mm<\/p>\n<p>S\u00e8ries escales port\u00e0tils alumini amb montant entre 60 i 83 mm<\/p>\n<p>Acer galvanitzat<\/p>\n","protected":false},"excerpt":{"rendered":"<p>Joc ganxos plans en 3 di\u00e0metres 54016 60 mm 54017 100 mm 54018 150 mm S\u00e8ries escales port\u00e0tils alumini amb montant entre 60 i 83 mm Acer galvanitzat<\/p>\n","protected":false},"featured_media":0,"template":"","meta":{"inline_featured_image":false},"product_brand":[],"product_cat":[173],"product_tag":[],"class_list":{"0":"post-6014","1":"product","2":"type-product","3":"status-publish","5":"product_cat-subjeccio-ganxos","7":"first","8":"instock","9":"shipping-taxable","10":"product-type-simple"},"_links":{"self":[{"href":"https:\/\/www.esla.eu\/ca\/wp-json\/wp\/v2\/product\/6014","targetHints":{"allow":["GET"]}}],"collection":[{"href":"https:\/\/www.esla.eu\/ca\/wp-json\/wp\/v2\/product"}],"about":[{"href":"https:\/\/www.esla.eu\/ca\/wp-json\/wp\/v2\/types\/product"}],"wp:attachment":[{"href":"https:\/\/www.esla.eu\/ca\/wp-json\/wp\/v2\/media?parent=6014"}],"wp:term":[{"taxonomy":"product_brand","embeddable":true,"href":"https:\/\/www.esla.eu\/ca\/wp-json\/wp\/v2\/product_brand?post=6014"},{"taxonomy":"product_cat","embeddable":true,"href":"https:\/\/www.esla.eu\/ca\/wp-json\/wp\/v2\/product_cat?post=6014"},{"taxonomy":"product_tag","embeddable":true,"href":"https:\/\/www.esla.eu\/ca\/wp-json\/wp\/v2\/product_tag?post=6014"}],"curies":[{"name":"wp","href":"https:\/\/api.w.org\/{rel}","templated":true}]}}