{"id":6016,"date":"2024-03-18T12:53:50","date_gmt":"2024-03-18T11:53:50","guid":{"rendered":"https:\/\/esla.crealogica.eu\/productos\/sense categoria\/51528-joc-subjeccio-escala-a-canalons-utilitzable-en-tots-els-models-descales-portatils-dalumini-recolzables-i-extensibles\/"},"modified":"2024-03-18T12:53:50","modified_gmt":"2024-03-18T11:53:50","slug":"51528-joc-subjeccio-escala-a-canalons-utilitzable-en-tots-els-models-descales-portatils-dalumini-recolzables-i-extensibles","status":"publish","type":"product","link":"https:\/\/www.esla.eu\/ca\/productes\/accessoris\/subjeccio-ganxos\/51528-joc-subjeccio-escala-a-canalons-utilitzable-en-tots-els-models-descales-portatils-dalumini-recolzables-i-extensibles\/","title":{"rendered":"51528 &#8211; Joc subjecci\u00f3 escala a canalons &#8211; Utilitzable en tots els models d&#8217;escales port\u00e0tils d&#8217;alumini recolzables i extensibles"},"content":{"rendered":"<p>Joc subjecci\u00f3 escala a canalons conforme la norma DIN 18461<\/p>\n<p>Utilitzable en tots els models d&#8217;escales port\u00e0tils d&#8217;alumini recolzables i extensibles<\/p>\n<p>La funda de les pinces \u00e9s en PVC i protegeix els canalons de possibles cops<\/p>\n","protected":false},"excerpt":{"rendered":"<p>Joc subjecci\u00f3 escala a canalons conforme la norma DIN 18461 Utilitzable en tots els models d&#8217;escales port\u00e0tils d&#8217;alumini recolzables i extensibles La funda de les pinces \u00e9s en PVC i protegeix els canalons de possibles cops<\/p>\n","protected":false},"featured_media":4142,"template":"","meta":{"inline_featured_image":false},"product_brand":[],"product_cat":[173],"product_tag":[],"class_list":{"0":"post-6016","1":"product","2":"type-product","3":"status-publish","4":"has-post-thumbnail","6":"product_cat-subjeccio-ganxos","8":"first","9":"instock","10":"shipping-taxable","11":"product-type-simple"},"_links":{"self":[{"href":"https:\/\/www.esla.eu\/ca\/wp-json\/wp\/v2\/product\/6016","targetHints":{"allow":["GET"]}}],"collection":[{"href":"https:\/\/www.esla.eu\/ca\/wp-json\/wp\/v2\/product"}],"about":[{"href":"https:\/\/www.esla.eu\/ca\/wp-json\/wp\/v2\/types\/product"}],"wp:featuredmedia":[{"embeddable":true,"href":"https:\/\/www.esla.eu\/ca\/wp-json\/wp\/v2\/media\/4142"}],"wp:attachment":[{"href":"https:\/\/www.esla.eu\/ca\/wp-json\/wp\/v2\/media?parent=6016"}],"wp:term":[{"taxonomy":"product_brand","embeddable":true,"href":"https:\/\/www.esla.eu\/ca\/wp-json\/wp\/v2\/product_brand?post=6016"},{"taxonomy":"product_cat","embeddable":true,"href":"https:\/\/www.esla.eu\/ca\/wp-json\/wp\/v2\/product_cat?post=6016"},{"taxonomy":"product_tag","embeddable":true,"href":"https:\/\/www.esla.eu\/ca\/wp-json\/wp\/v2\/product_tag?post=6016"}],"curies":[{"name":"wp","href":"https:\/\/api.w.org\/{rel}","templated":true}]}}