{"id":6017,"date":"2024-03-18T12:55:23","date_gmt":"2024-03-18T11:55:23","guid":{"rendered":"https:\/\/esla.crealogica.eu\/productos\/sense categoria\/54008-gantxo-per-galledes-utilitzable-en-tots-els-models-descales-portatils-amb-grao-de-30-mm\/"},"modified":"2024-03-18T12:55:23","modified_gmt":"2024-03-18T11:55:23","slug":"54008-gantxo-per-galledes-utilitzable-en-tots-els-models-descales-portatils-amb-grao-de-30-mm","status":"publish","type":"product","link":"https:\/\/www.esla.eu\/ca\/productes\/accessoris\/subjeccio-ganxos\/54008-gantxo-per-galledes-utilitzable-en-tots-els-models-descales-portatils-amb-grao-de-30-mm\/","title":{"rendered":"54008 &#8211; Gantxo per galledes &#8211; Utilitzable en tots els models d&#8217;escales port\u00e0tils amb gra\u00f3 de 30 mm."},"content":{"rendered":"<p>Gantxo per galledes<\/p>\n<p>Utilitzable en tots els models d&#8217;escales port\u00e0tils amb gra\u00f3 de 30 mm.<\/p>\n<p>C\u00e0rrega m\u00e0xima 25 quilos<\/p>\n","protected":false},"excerpt":{"rendered":"<p>Gantxo per galledes Utilitzable en tots els models d&#8217;escales port\u00e0tils amb gra\u00f3 de 30 mm. C\u00e0rrega m\u00e0xima 25 quilos<\/p>\n","protected":false},"featured_media":4148,"template":"","meta":{"inline_featured_image":false},"product_brand":[],"product_cat":[173],"product_tag":[],"class_list":{"0":"post-6017","1":"product","2":"type-product","3":"status-publish","4":"has-post-thumbnail","6":"product_cat-subjeccio-ganxos","8":"first","9":"instock","10":"shipping-taxable","11":"product-type-simple"},"_links":{"self":[{"href":"https:\/\/www.esla.eu\/ca\/wp-json\/wp\/v2\/product\/6017","targetHints":{"allow":["GET"]}}],"collection":[{"href":"https:\/\/www.esla.eu\/ca\/wp-json\/wp\/v2\/product"}],"about":[{"href":"https:\/\/www.esla.eu\/ca\/wp-json\/wp\/v2\/types\/product"}],"wp:featuredmedia":[{"embeddable":true,"href":"https:\/\/www.esla.eu\/ca\/wp-json\/wp\/v2\/media\/4148"}],"wp:attachment":[{"href":"https:\/\/www.esla.eu\/ca\/wp-json\/wp\/v2\/media?parent=6017"}],"wp:term":[{"taxonomy":"product_brand","embeddable":true,"href":"https:\/\/www.esla.eu\/ca\/wp-json\/wp\/v2\/product_brand?post=6017"},{"taxonomy":"product_cat","embeddable":true,"href":"https:\/\/www.esla.eu\/ca\/wp-json\/wp\/v2\/product_cat?post=6017"},{"taxonomy":"product_tag","embeddable":true,"href":"https:\/\/www.esla.eu\/ca\/wp-json\/wp\/v2\/product_tag?post=6017"}],"curies":[{"name":"wp","href":"https:\/\/api.w.org\/{rel}","templated":true}]}}