{"id":6019,"date":"2024-04-02T08:43:27","date_gmt":"2024-04-02T06:43:27","guid":{"rendered":"https:\/\/esla.crealogica.eu\/productos\/sense categoria\/a18700000-joc-fixacio-series-10600-10601-10602-10603\/"},"modified":"2024-04-02T08:43:27","modified_gmt":"2024-04-02T06:43:27","slug":"a18700000-joc-fixacio-series-10600-10601-10602-10603","status":"publish","type":"product","link":"https:\/\/www.esla.eu\/ca\/productes\/accessoris\/complements\/a18700000-joc-fixacio-series-10600-10601-10602-10603\/","title":{"rendered":"A18700000 &#8211; Joc fixaci\u00f3 &#8211; S\u00e8ries 10600 10601 10602 10603"},"content":{"rendered":"<p>Joc peces fixaci\u00f3.<\/p>\n<p>Utilitzable per fixar de forma permanent l&#8217; escala en la posici\u00f3 de treball.<\/p>\n<p>S\u00e8ries 10600-10601-10602-10603<\/p>\n","protected":false},"excerpt":{"rendered":"<p>Joc peces fixaci\u00f3. Utilitzable per fixar de forma permanent l&#8217; escala en la posici\u00f3 de treball. S\u00e8ries 10600-10601-10602-10603<\/p>\n","protected":false},"featured_media":5071,"template":"","meta":{"inline_featured_image":false},"product_brand":[],"product_cat":[174],"product_tag":[],"class_list":{"0":"post-6019","1":"product","2":"type-product","3":"status-publish","4":"has-post-thumbnail","6":"product_cat-complements","8":"first","9":"instock","10":"shipping-taxable","11":"product-type-simple"},"_links":{"self":[{"href":"https:\/\/www.esla.eu\/ca\/wp-json\/wp\/v2\/product\/6019","targetHints":{"allow":["GET"]}}],"collection":[{"href":"https:\/\/www.esla.eu\/ca\/wp-json\/wp\/v2\/product"}],"about":[{"href":"https:\/\/www.esla.eu\/ca\/wp-json\/wp\/v2\/types\/product"}],"wp:featuredmedia":[{"embeddable":true,"href":"https:\/\/www.esla.eu\/ca\/wp-json\/wp\/v2\/media\/5071"}],"wp:attachment":[{"href":"https:\/\/www.esla.eu\/ca\/wp-json\/wp\/v2\/media?parent=6019"}],"wp:term":[{"taxonomy":"product_brand","embeddable":true,"href":"https:\/\/www.esla.eu\/ca\/wp-json\/wp\/v2\/product_brand?post=6019"},{"taxonomy":"product_cat","embeddable":true,"href":"https:\/\/www.esla.eu\/ca\/wp-json\/wp\/v2\/product_cat?post=6019"},{"taxonomy":"product_tag","embeddable":true,"href":"https:\/\/www.esla.eu\/ca\/wp-json\/wp\/v2\/product_tag?post=6019"}],"curies":[{"name":"wp","href":"https:\/\/api.w.org\/{rel}","templated":true}]}}