{"id":6021,"date":"2024-04-02T08:49:31","date_gmt":"2024-04-02T06:49:31","guid":{"rendered":"https:\/\/esla.crealogica.eu\/productos\/sense categoria\/5485-distanciador-paret-series-escales-portatils-alumini-ample-interior-minim-300-mm\/"},"modified":"2024-04-02T08:49:31","modified_gmt":"2024-04-02T06:49:31","slug":"5485-distanciador-paret-series-escales-portatils-alumini-ample-interior-minim-300-mm","status":"publish","type":"product","link":"https:\/\/www.esla.eu\/ca\/productes\/accessoris\/complements\/5485-distanciador-paret-series-escales-portatils-alumini-ample-interior-minim-300-mm\/","title":{"rendered":"5485 &#8211; Distanciador paret &#8211; S\u00e8ries escales port\u00e0tils alumini ample interior m\u00ednim 300 mm"},"content":{"rendered":"<p>Distanciador paret<\/p>\n<p>Per graons de 30 x 30 mm<\/p>\n<p>Escales amb ample m\u00ednim interior 300 mm<\/p>\n<p>Dist\u00e0ncia fixe a la paret 400 mm<\/p>\n","protected":false},"excerpt":{"rendered":"<p>Distanciador paret Per graons de 30 x 30 mm Escales amb ample m\u00ednim interior 300 mm Dist\u00e0ncia fixe a la paret 400 mm<\/p>\n","protected":false},"featured_media":5094,"template":"","meta":{"inline_featured_image":false},"product_brand":[],"product_cat":[174],"product_tag":[],"class_list":{"0":"post-6021","1":"product","2":"type-product","3":"status-publish","4":"has-post-thumbnail","6":"product_cat-complements","8":"first","9":"instock","10":"shipping-taxable","11":"product-type-simple"},"_links":{"self":[{"href":"https:\/\/www.esla.eu\/ca\/wp-json\/wp\/v2\/product\/6021","targetHints":{"allow":["GET"]}}],"collection":[{"href":"https:\/\/www.esla.eu\/ca\/wp-json\/wp\/v2\/product"}],"about":[{"href":"https:\/\/www.esla.eu\/ca\/wp-json\/wp\/v2\/types\/product"}],"wp:featuredmedia":[{"embeddable":true,"href":"https:\/\/www.esla.eu\/ca\/wp-json\/wp\/v2\/media\/5094"}],"wp:attachment":[{"href":"https:\/\/www.esla.eu\/ca\/wp-json\/wp\/v2\/media?parent=6021"}],"wp:term":[{"taxonomy":"product_brand","embeddable":true,"href":"https:\/\/www.esla.eu\/ca\/wp-json\/wp\/v2\/product_brand?post=6021"},{"taxonomy":"product_cat","embeddable":true,"href":"https:\/\/www.esla.eu\/ca\/wp-json\/wp\/v2\/product_cat?post=6021"},{"taxonomy":"product_tag","embeddable":true,"href":"https:\/\/www.esla.eu\/ca\/wp-json\/wp\/v2\/product_tag?post=6021"}],"curies":[{"name":"wp","href":"https:\/\/api.w.org\/{rel}","templated":true}]}}