{"id":6022,"date":"2024-04-02T08:47:01","date_gmt":"2024-04-02T06:47:01","guid":{"rendered":"https:\/\/esla.crealogica.eu\/productos\/sense categoria\/54835-joc-suspensio-apte-per-gantxos-de-suspensio-30-60-100-mm\/"},"modified":"2024-04-02T08:47:01","modified_gmt":"2024-04-02T06:47:01","slug":"54835-joc-suspensio-apte-per-gantxos-de-suspensio-30-60-100-mm","status":"publish","type":"product","link":"https:\/\/www.esla.eu\/ca\/productes\/accessoris\/complements\/54835-joc-suspensio-apte-per-gantxos-de-suspensio-30-60-100-mm\/","title":{"rendered":"54835 &#8211; Joc suspensi\u00f3 &#8211; Apte per gantxos de suspensi\u00f3 30-60-100 mm"},"content":{"rendered":"<p>Joc suspensi\u00f3<\/p>\n<p>Apte per gantxos de suspensi\u00f3 30-60-100 mm<\/p>\n<p>Placa de fixaci\u00f3 93 mm<\/p>\n","protected":false},"excerpt":{"rendered":"<p>Joc suspensi\u00f3 Apte per gantxos de suspensi\u00f3 30-60-100 mm Placa de fixaci\u00f3 93 mm<\/p>\n","protected":false},"featured_media":5082,"template":"","meta":{"inline_featured_image":false},"product_brand":[],"product_cat":[174],"product_tag":[],"class_list":{"0":"post-6022","1":"product","2":"type-product","3":"status-publish","4":"has-post-thumbnail","6":"product_cat-complements","8":"first","9":"instock","10":"shipping-taxable","11":"product-type-simple"},"_links":{"self":[{"href":"https:\/\/www.esla.eu\/ca\/wp-json\/wp\/v2\/product\/6022","targetHints":{"allow":["GET"]}}],"collection":[{"href":"https:\/\/www.esla.eu\/ca\/wp-json\/wp\/v2\/product"}],"about":[{"href":"https:\/\/www.esla.eu\/ca\/wp-json\/wp\/v2\/types\/product"}],"wp:featuredmedia":[{"embeddable":true,"href":"https:\/\/www.esla.eu\/ca\/wp-json\/wp\/v2\/media\/5082"}],"wp:attachment":[{"href":"https:\/\/www.esla.eu\/ca\/wp-json\/wp\/v2\/media?parent=6022"}],"wp:term":[{"taxonomy":"product_brand","embeddable":true,"href":"https:\/\/www.esla.eu\/ca\/wp-json\/wp\/v2\/product_brand?post=6022"},{"taxonomy":"product_cat","embeddable":true,"href":"https:\/\/www.esla.eu\/ca\/wp-json\/wp\/v2\/product_cat?post=6022"},{"taxonomy":"product_tag","embeddable":true,"href":"https:\/\/www.esla.eu\/ca\/wp-json\/wp\/v2\/product_tag?post=6022"}],"curies":[{"name":"wp","href":"https:\/\/api.w.org\/{rel}","templated":true}]}}