{"id":6023,"date":"2024-04-02T08:52:20","date_gmt":"2024-04-02T06:52:20","guid":{"rendered":"https:\/\/esla.crealogica.eu\/productos\/sense categoria\/50378-plataforma-abatible-series-escales-portatils-alumini-ample-minim-interior-de-290-mm\/"},"modified":"2024-04-02T08:52:20","modified_gmt":"2024-04-02T06:52:20","slug":"50378-plataforma-abatible-series-escales-portatils-alumini-ample-minim-interior-de-290-mm","status":"publish","type":"product","link":"https:\/\/www.esla.eu\/ca\/productes\/accessoris\/complements\/50378-plataforma-abatible-series-escales-portatils-alumini-ample-minim-interior-de-290-mm\/","title":{"rendered":"50378 &#8211; Plataforma abatible &#8211; S\u00e8ries escales port\u00e0tils alumini ample m\u00ednim interior de 290 mm"},"content":{"rendered":"<p>Plataforma abatible per graons de 30 x 30 mm<\/p>\n<p>Escales amb ample interior m\u00ednim 290 mm<\/p>\n<p>Mides 300 x 255 mm<\/p>\n","protected":false},"excerpt":{"rendered":"<p>Plataforma abatible per graons de 30 x 30 mm Escales amb ample interior m\u00ednim 290 mm Mides 300 x 255 mm<\/p>\n","protected":false},"featured_media":5106,"template":"","meta":{"inline_featured_image":false},"product_brand":[],"product_cat":[174],"product_tag":[],"class_list":{"0":"post-6023","1":"product","2":"type-product","3":"status-publish","4":"has-post-thumbnail","6":"product_cat-complements","8":"first","9":"instock","10":"shipping-taxable","11":"product-type-simple"},"_links":{"self":[{"href":"https:\/\/www.esla.eu\/ca\/wp-json\/wp\/v2\/product\/6023","targetHints":{"allow":["GET"]}}],"collection":[{"href":"https:\/\/www.esla.eu\/ca\/wp-json\/wp\/v2\/product"}],"about":[{"href":"https:\/\/www.esla.eu\/ca\/wp-json\/wp\/v2\/types\/product"}],"wp:featuredmedia":[{"embeddable":true,"href":"https:\/\/www.esla.eu\/ca\/wp-json\/wp\/v2\/media\/5106"}],"wp:attachment":[{"href":"https:\/\/www.esla.eu\/ca\/wp-json\/wp\/v2\/media?parent=6023"}],"wp:term":[{"taxonomy":"product_brand","embeddable":true,"href":"https:\/\/www.esla.eu\/ca\/wp-json\/wp\/v2\/product_brand?post=6023"},{"taxonomy":"product_cat","embeddable":true,"href":"https:\/\/www.esla.eu\/ca\/wp-json\/wp\/v2\/product_cat?post=6023"},{"taxonomy":"product_tag","embeddable":true,"href":"https:\/\/www.esla.eu\/ca\/wp-json\/wp\/v2\/product_tag?post=6023"}],"curies":[{"name":"wp","href":"https:\/\/api.w.org\/{rel}","templated":true}]}}