{"id":6024,"date":"2024-04-02T08:54:35","date_gmt":"2024-04-02T06:54:35","guid":{"rendered":"https:\/\/esla.crealogica.eu\/productos\/sense categoria\/54489-joc-peces-posicionament-escala-en-desnivell-series-escales-portatils-dalumini-ample-interior-minim-300-mm\/"},"modified":"2024-04-02T08:54:35","modified_gmt":"2024-04-02T06:54:35","slug":"54489-joc-peces-posicionament-escala-en-desnivell-series-escales-portatils-dalumini-ample-interior-minim-300-mm","status":"publish","type":"product","link":"https:\/\/www.esla.eu\/ca\/productes\/accessoris\/complements\/54489-joc-peces-posicionament-escala-en-desnivell-series-escales-portatils-dalumini-ample-interior-minim-300-mm\/","title":{"rendered":"54489 &#8211; Joc peces posicionament escala en desnivell &#8211; S\u00e8ries escales port\u00e0tils d&#8217;alumini ample interior m\u00ednim 300 mm"},"content":{"rendered":"<p>Joc peces posicionament escala en desnivell<\/p>\n<p>Per graons de 30 x 30 mm<\/p>\n<p>Es pot obtindre una escala de tisora amb tram prolongable per salvar un desnivell<\/p>\n","protected":false},"excerpt":{"rendered":"<p>Joc peces posicionament escala en desnivell Per graons de 30 x 30 mm Es pot obtindre una escala de tisora amb tram prolongable per salvar un desnivell<\/p>\n","protected":false},"featured_media":5117,"template":"","meta":{"inline_featured_image":false},"product_brand":[],"product_cat":[174],"product_tag":[],"class_list":{"0":"post-6024","1":"product","2":"type-product","3":"status-publish","4":"has-post-thumbnail","6":"product_cat-complements","8":"first","9":"instock","10":"shipping-taxable","11":"product-type-simple"},"_links":{"self":[{"href":"https:\/\/www.esla.eu\/ca\/wp-json\/wp\/v2\/product\/6024","targetHints":{"allow":["GET"]}}],"collection":[{"href":"https:\/\/www.esla.eu\/ca\/wp-json\/wp\/v2\/product"}],"about":[{"href":"https:\/\/www.esla.eu\/ca\/wp-json\/wp\/v2\/types\/product"}],"wp:featuredmedia":[{"embeddable":true,"href":"https:\/\/www.esla.eu\/ca\/wp-json\/wp\/v2\/media\/5117"}],"wp:attachment":[{"href":"https:\/\/www.esla.eu\/ca\/wp-json\/wp\/v2\/media?parent=6024"}],"wp:term":[{"taxonomy":"product_brand","embeddable":true,"href":"https:\/\/www.esla.eu\/ca\/wp-json\/wp\/v2\/product_brand?post=6024"},{"taxonomy":"product_cat","embeddable":true,"href":"https:\/\/www.esla.eu\/ca\/wp-json\/wp\/v2\/product_cat?post=6024"},{"taxonomy":"product_tag","embeddable":true,"href":"https:\/\/www.esla.eu\/ca\/wp-json\/wp\/v2\/product_tag?post=6024"}],"curies":[{"name":"wp","href":"https:\/\/api.w.org\/{rel}","templated":true}]}}