{"id":6026,"date":"2024-04-02T08:55:47","date_gmt":"2024-04-02T06:55:47","guid":{"rendered":"https:\/\/esla.crealogica.eu\/productos\/sense categoria\/54030-bossa-eines-series-escales-portatils-alumini-amb-graons-30-x-30-mm\/"},"modified":"2024-04-02T08:55:47","modified_gmt":"2024-04-02T06:55:47","slug":"54030-bossa-eines-series-escales-portatils-alumini-amb-graons-30-x-30-mm","status":"publish","type":"product","link":"https:\/\/www.esla.eu\/ca\/productes\/accessoris\/complements\/54030-bossa-eines-series-escales-portatils-alumini-amb-graons-30-x-30-mm\/","title":{"rendered":"54030 &#8211; Bossa eines &#8211; S\u00e8ries escales port\u00e0tils alumini amb graons 30 x 30 mm"},"content":{"rendered":"<p>Bossa eines per escales port\u00e0tils alumini amb graons 30 x 30 mm<\/p>\n<p>Cot\u00f3 d&#8217;alta qualitat<\/p>\n<p>Estoig tancat pels costats<\/p>\n<p>Auto muntatge amb velcro<\/p>\n","protected":false},"excerpt":{"rendered":"<p>Bossa eines per escales port\u00e0tils alumini amb graons 30 x 30 mm Cot\u00f3 d&#8217;alta qualitat Estoig tancat pels costats Auto muntatge amb velcro<\/p>\n","protected":false},"featured_media":5076,"template":"","meta":{"inline_featured_image":false},"product_brand":[],"product_cat":[174],"product_tag":[],"class_list":{"0":"post-6026","1":"product","2":"type-product","3":"status-publish","4":"has-post-thumbnail","6":"product_cat-complements","8":"first","9":"instock","10":"shipping-taxable","11":"product-type-simple"},"_links":{"self":[{"href":"https:\/\/www.esla.eu\/ca\/wp-json\/wp\/v2\/product\/6026","targetHints":{"allow":["GET"]}}],"collection":[{"href":"https:\/\/www.esla.eu\/ca\/wp-json\/wp\/v2\/product"}],"about":[{"href":"https:\/\/www.esla.eu\/ca\/wp-json\/wp\/v2\/types\/product"}],"wp:featuredmedia":[{"embeddable":true,"href":"https:\/\/www.esla.eu\/ca\/wp-json\/wp\/v2\/media\/5076"}],"wp:attachment":[{"href":"https:\/\/www.esla.eu\/ca\/wp-json\/wp\/v2\/media?parent=6026"}],"wp:term":[{"taxonomy":"product_brand","embeddable":true,"href":"https:\/\/www.esla.eu\/ca\/wp-json\/wp\/v2\/product_brand?post=6026"},{"taxonomy":"product_cat","embeddable":true,"href":"https:\/\/www.esla.eu\/ca\/wp-json\/wp\/v2\/product_cat?post=6026"},{"taxonomy":"product_tag","embeddable":true,"href":"https:\/\/www.esla.eu\/ca\/wp-json\/wp\/v2\/product_tag?post=6026"}],"curies":[{"name":"wp","href":"https:\/\/api.w.org\/{rel}","templated":true}]}}