{"id":6027,"date":"2024-04-02T08:37:53","date_gmt":"2024-04-02T06:37:53","guid":{"rendered":"https:\/\/esla.crealogica.eu\/productos\/sense categoria\/a03020000-cadena-proteccio-dorsal-series-10100-10103-10105-10200-10205\/"},"modified":"2024-04-02T08:37:53","modified_gmt":"2024-04-02T06:37:53","slug":"a03020000-cadena-proteccio-dorsal-series-10100-10103-10105-10200-10205","status":"publish","type":"product","link":"https:\/\/www.esla.eu\/ca\/productes\/accessoris\/complements\/a03020000-cadena-proteccio-dorsal-series-10100-10103-10105-10200-10205\/","title":{"rendered":"A03020000 &#8211; Cadena protecci\u00f3 dorsal &#8211; S\u00e8ries 10100 10103 10105 10200 10205"},"content":{"rendered":"<p>Joc protecci\u00f3 cadena dorsal.<\/p>\n<p>Accessori \u00fatil per protegir la zona de treball a la plataforma i evitar el risc de caiguda.<\/p>\n<p>S\u00e8ries 10100-10103-10105-10200-10205<\/p>\n","protected":false},"excerpt":{"rendered":"<p>Joc protecci\u00f3 cadena dorsal. Accessori \u00fatil per protegir la zona de treball a la plataforma i evitar el risc de caiguda. S\u00e8ries 10100-10103-10105-10200-10205<\/p>\n","protected":false},"featured_media":0,"template":"","meta":{"inline_featured_image":false},"product_brand":[],"product_cat":[174],"product_tag":[],"class_list":{"0":"post-6027","1":"product","2":"type-product","3":"status-publish","5":"product_cat-complements","7":"first","8":"instock","9":"shipping-taxable","10":"product-type-simple"},"_links":{"self":[{"href":"https:\/\/www.esla.eu\/ca\/wp-json\/wp\/v2\/product\/6027","targetHints":{"allow":["GET"]}}],"collection":[{"href":"https:\/\/www.esla.eu\/ca\/wp-json\/wp\/v2\/product"}],"about":[{"href":"https:\/\/www.esla.eu\/ca\/wp-json\/wp\/v2\/types\/product"}],"wp:attachment":[{"href":"https:\/\/www.esla.eu\/ca\/wp-json\/wp\/v2\/media?parent=6027"}],"wp:term":[{"taxonomy":"product_brand","embeddable":true,"href":"https:\/\/www.esla.eu\/ca\/wp-json\/wp\/v2\/product_brand?post=6027"},{"taxonomy":"product_cat","embeddable":true,"href":"https:\/\/www.esla.eu\/ca\/wp-json\/wp\/v2\/product_cat?post=6027"},{"taxonomy":"product_tag","embeddable":true,"href":"https:\/\/www.esla.eu\/ca\/wp-json\/wp\/v2\/product_tag?post=6027"}],"curies":[{"name":"wp","href":"https:\/\/api.w.org\/{rel}","templated":true}]}}