{"id":6030,"date":"2024-04-02T08:59:25","date_gmt":"2024-04-02T06:59:25","guid":{"rendered":"https:\/\/esla.crealogica.eu\/productos\/sense categoria\/53761-joc-puntes-series-escales-portatils-alumini-amb-taco-exterior-rodo\/"},"modified":"2024-04-02T08:59:25","modified_gmt":"2024-04-02T06:59:25","slug":"53761-joc-puntes-series-escales-portatils-alumini-amb-taco-exterior-rodo","status":"publish","type":"product","link":"https:\/\/www.esla.eu\/ca\/productes\/accessoris\/complements\/53761-joc-puntes-series-escales-portatils-alumini-amb-taco-exterior-rodo\/","title":{"rendered":"53761 &#8211; Joc puntes &#8211; S\u00e8ries escales port\u00e0tils alumini amb taco exterior rod\u00f3"},"content":{"rendered":"<p>Joc puntes<\/p>\n<p>S\u00e8ries escales port\u00e0tils alumini amb taco exterior rod\u00f3<\/p>\n<p>Longitud punta 70 mm<\/p>\n","protected":false},"excerpt":{"rendered":"<p>Joc puntes S\u00e8ries escales port\u00e0tils alumini amb taco exterior rod\u00f3 Longitud punta 70 mm<\/p>\n","protected":false},"featured_media":0,"template":"","meta":{"inline_featured_image":false},"product_brand":[],"product_cat":[174],"product_tag":[],"class_list":{"0":"post-6030","1":"product","2":"type-product","3":"status-publish","5":"product_cat-complements","7":"first","8":"instock","9":"shipping-taxable","10":"product-type-simple"},"_links":{"self":[{"href":"https:\/\/www.esla.eu\/ca\/wp-json\/wp\/v2\/product\/6030","targetHints":{"allow":["GET"]}}],"collection":[{"href":"https:\/\/www.esla.eu\/ca\/wp-json\/wp\/v2\/product"}],"about":[{"href":"https:\/\/www.esla.eu\/ca\/wp-json\/wp\/v2\/types\/product"}],"wp:attachment":[{"href":"https:\/\/www.esla.eu\/ca\/wp-json\/wp\/v2\/media?parent=6030"}],"wp:term":[{"taxonomy":"product_brand","embeddable":true,"href":"https:\/\/www.esla.eu\/ca\/wp-json\/wp\/v2\/product_brand?post=6030"},{"taxonomy":"product_cat","embeddable":true,"href":"https:\/\/www.esla.eu\/ca\/wp-json\/wp\/v2\/product_cat?post=6030"},{"taxonomy":"product_tag","embeddable":true,"href":"https:\/\/www.esla.eu\/ca\/wp-json\/wp\/v2\/product_tag?post=6030"}],"curies":[{"name":"wp","href":"https:\/\/api.w.org\/{rel}","templated":true}]}}