{"id":6031,"date":"2024-04-02T08:50:41","date_gmt":"2024-04-02T06:50:41","guid":{"rendered":"https:\/\/esla.crealogica.eu\/productos\/sense categoria\/55008-joc-abracadera-vaca-cotxe-series-escales-portatils-dalumini\/"},"modified":"2024-04-02T08:50:41","modified_gmt":"2024-04-02T06:50:41","slug":"55008-joc-abracadera-vaca-cotxe-series-escales-portatils-dalumini","status":"publish","type":"product","link":"https:\/\/www.esla.eu\/ca\/productes\/accessoris\/complements\/55008-joc-abracadera-vaca-cotxe-series-escales-portatils-dalumini\/","title":{"rendered":"55008 &#8211; Joc abra\u00e7adera vaca cotxe &#8211; S\u00e8ries escales port\u00e0tils d&#8217;alumini"},"content":{"rendered":"<p>Joc abra\u00e7adera vaca cotxe<\/p>\n<p>Equipat amb tancament de clau per protegir les escales contra el robo<\/p>\n","protected":false},"excerpt":{"rendered":"<p>Joc abra\u00e7adera vaca cotxe Equipat amb tancament de clau per protegir les escales contra el robo<\/p>\n","protected":false},"featured_media":5100,"template":"","meta":{"inline_featured_image":false},"product_brand":[],"product_cat":[174],"product_tag":[],"class_list":{"0":"post-6031","1":"product","2":"type-product","3":"status-publish","4":"has-post-thumbnail","6":"product_cat-complements","8":"first","9":"instock","10":"shipping-taxable","11":"product-type-simple"},"_links":{"self":[{"href":"https:\/\/www.esla.eu\/ca\/wp-json\/wp\/v2\/product\/6031","targetHints":{"allow":["GET"]}}],"collection":[{"href":"https:\/\/www.esla.eu\/ca\/wp-json\/wp\/v2\/product"}],"about":[{"href":"https:\/\/www.esla.eu\/ca\/wp-json\/wp\/v2\/types\/product"}],"wp:featuredmedia":[{"embeddable":true,"href":"https:\/\/www.esla.eu\/ca\/wp-json\/wp\/v2\/media\/5100"}],"wp:attachment":[{"href":"https:\/\/www.esla.eu\/ca\/wp-json\/wp\/v2\/media?parent=6031"}],"wp:term":[{"taxonomy":"product_brand","embeddable":true,"href":"https:\/\/www.esla.eu\/ca\/wp-json\/wp\/v2\/product_brand?post=6031"},{"taxonomy":"product_cat","embeddable":true,"href":"https:\/\/www.esla.eu\/ca\/wp-json\/wp\/v2\/product_cat?post=6031"},{"taxonomy":"product_tag","embeddable":true,"href":"https:\/\/www.esla.eu\/ca\/wp-json\/wp\/v2\/product_tag?post=6031"}],"curies":[{"name":"wp","href":"https:\/\/api.w.org\/{rel}","templated":true}]}}