{"id":6038,"date":"2024-04-02T09:08:17","date_gmt":"2024-04-02T07:08:17","guid":{"rendered":"https:\/\/esla.crealogica.eu\/productos\/sense categoria\/joc-prolongadors-ajust-de-370-mm-a-1000-mm-series-portatils-alumini-4023-6023\/"},"modified":"2024-04-02T09:08:17","modified_gmt":"2024-04-02T07:08:17","slug":"joc-prolongadors-ajust-de-370-mm-a-1000-mm-series-portatils-alumini-4023-6023","status":"publish","type":"product","link":"https:\/\/www.esla.eu\/ca\/productes\/accessoris\/prolongadors\/joc-prolongadors-ajust-de-370-mm-a-1000-mm-series-portatils-alumini-4023-6023\/","title":{"rendered":"Joc prolongadors ajust de 370 mm a 1000 mm &#8211; S\u00e8ries port\u00e0tils alumini 4023 6023"},"content":{"rendered":"<p>Joc prolongadors ajust de 370 mm a 1000 mm &#8211; S\u00e8ries port\u00e0tils alumini 4023 6023<\/p>\n<p>53229 Fins 370 mm<\/p>\n<p>50376 Fins 1000 mm<\/p>\n","protected":false},"excerpt":{"rendered":"<p>Joc prolongadors ajust de 370 mm a 1000 mm &#8211; S\u00e8ries port\u00e0tils alumini 4023 6023 53229 Fins 370 mm 50376 Fins 1000 mm<\/p>\n","protected":false},"featured_media":5169,"template":"","meta":{"inline_featured_image":false},"product_brand":[],"product_cat":[176],"product_tag":[],"class_list":{"0":"post-6038","1":"product","2":"type-product","3":"status-publish","4":"has-post-thumbnail","6":"product_cat-prolongadors","8":"first","9":"instock","10":"shipping-taxable","11":"product-type-simple"},"_links":{"self":[{"href":"https:\/\/www.esla.eu\/ca\/wp-json\/wp\/v2\/product\/6038","targetHints":{"allow":["GET"]}}],"collection":[{"href":"https:\/\/www.esla.eu\/ca\/wp-json\/wp\/v2\/product"}],"about":[{"href":"https:\/\/www.esla.eu\/ca\/wp-json\/wp\/v2\/types\/product"}],"wp:featuredmedia":[{"embeddable":true,"href":"https:\/\/www.esla.eu\/ca\/wp-json\/wp\/v2\/media\/5169"}],"wp:attachment":[{"href":"https:\/\/www.esla.eu\/ca\/wp-json\/wp\/v2\/media?parent=6038"}],"wp:term":[{"taxonomy":"product_brand","embeddable":true,"href":"https:\/\/www.esla.eu\/ca\/wp-json\/wp\/v2\/product_brand?post=6038"},{"taxonomy":"product_cat","embeddable":true,"href":"https:\/\/www.esla.eu\/ca\/wp-json\/wp\/v2\/product_cat?post=6038"},{"taxonomy":"product_tag","embeddable":true,"href":"https:\/\/www.esla.eu\/ca\/wp-json\/wp\/v2\/product_tag?post=6038"}],"curies":[{"name":"wp","href":"https:\/\/api.w.org\/{rel}","templated":true}]}}