{"id":6041,"date":"2024-04-02T09:13:04","date_gmt":"2024-04-02T07:13:04","guid":{"rendered":"https:\/\/esla.crealogica.eu\/productos\/sense categoria\/a42010000-joc-rodes-davanteres-fre-palanca-45-10105\/"},"modified":"2024-04-02T09:13:04","modified_gmt":"2024-04-02T07:13:04","slug":"a42010000-joc-rodes-davanteres-fre-palanca-45-10105","status":"publish","type":"product","link":"https:\/\/www.esla.eu\/ca\/productes\/accessoris\/rodes\/a42010000-joc-rodes-davanteres-fre-palanca-45-10105\/","title":{"rendered":"A42010000 &#8211; Joc rodes davanteres fre palanca 45\u00b0 &#8211; 10105"},"content":{"rendered":"<p>Conjunt 2 rodes davanteres amb fre de palanca<\/p>\n<p>Amb la seva incorporaci\u00f3 la plataforma gaudir\u00e0 de 4 rodes.<\/p>\n<p>Les 2 de darrera s\u00f3n guiades per facilitar el despla\u00e7ament, i aquestes s\u00f3n sense guiar permetent una millor mobilitat en tots els sentits.<\/p>\n<p>S\u00e8rie 10105<\/p>\n","protected":false},"excerpt":{"rendered":"<p>Conjunt 2 rodes davanteres amb fre de palanca Amb la seva incorporaci\u00f3 la plataforma gaudir\u00e0 de 4 rodes. Les 2 de darrera s\u00f3n guiades per facilitar el despla\u00e7ament, i aquestes s\u00f3n sense guiar permetent una millor mobilitat en tots els sentits. S\u00e8rie 10105<\/p>\n","protected":false},"featured_media":5187,"template":"","meta":{"inline_featured_image":false},"product_brand":[],"product_cat":[177],"product_tag":[],"class_list":{"0":"post-6041","1":"product","2":"type-product","3":"status-publish","4":"has-post-thumbnail","6":"product_cat-rodes","8":"first","9":"instock","10":"shipping-taxable","11":"product-type-simple"},"_links":{"self":[{"href":"https:\/\/www.esla.eu\/ca\/wp-json\/wp\/v2\/product\/6041","targetHints":{"allow":["GET"]}}],"collection":[{"href":"https:\/\/www.esla.eu\/ca\/wp-json\/wp\/v2\/product"}],"about":[{"href":"https:\/\/www.esla.eu\/ca\/wp-json\/wp\/v2\/types\/product"}],"wp:featuredmedia":[{"embeddable":true,"href":"https:\/\/www.esla.eu\/ca\/wp-json\/wp\/v2\/media\/5187"}],"wp:attachment":[{"href":"https:\/\/www.esla.eu\/ca\/wp-json\/wp\/v2\/media?parent=6041"}],"wp:term":[{"taxonomy":"product_brand","embeddable":true,"href":"https:\/\/www.esla.eu\/ca\/wp-json\/wp\/v2\/product_brand?post=6041"},{"taxonomy":"product_cat","embeddable":true,"href":"https:\/\/www.esla.eu\/ca\/wp-json\/wp\/v2\/product_cat?post=6041"},{"taxonomy":"product_tag","embeddable":true,"href":"https:\/\/www.esla.eu\/ca\/wp-json\/wp\/v2\/product_tag?post=6041"}],"curies":[{"name":"wp","href":"https:\/\/api.w.org\/{rel}","templated":true}]}}