{"id":6042,"date":"2024-04-02T09:20:14","date_gmt":"2024-04-02T07:20:14","guid":{"rendered":"https:\/\/esla.crealogica.eu\/productos\/sense categoria\/a43010000-joc-rodes-davanteres-fre-palanca-35-10103\/"},"modified":"2024-04-02T09:20:14","modified_gmt":"2024-04-02T07:20:14","slug":"a43010000-joc-rodes-davanteres-fre-palanca-35-10103","status":"publish","type":"product","link":"https:\/\/www.esla.eu\/ca\/productes\/accessoris\/rodes\/a43010000-joc-rodes-davanteres-fre-palanca-35-10103\/","title":{"rendered":"A43010000 &#8211; Joc rodes davanteres fre palanca 35\u00b0 &#8211; 10103"},"content":{"rendered":"<p>Conjunt 2 rodes davanteres amb fre de palanca<\/p>\n<p>Amb la seva incorporaci\u00f3 la plataforma gaudir\u00e0 de 4 rodes.<\/p>\n<p>Les 2 de darrera s\u00f3n guiades per facilitar el despla\u00e7ament, i aquestes s\u00f3n sense guiar permetent una millor mobilitat en tots els sentits.<\/p>\n<p>S\u00e8rie 10300<\/p>\n","protected":false},"excerpt":{"rendered":"<p>Conjunt 2 rodes davanteres amb fre de palanca Amb la seva incorporaci\u00f3 la plataforma gaudir\u00e0 de 4 rodes. Les 2 de darrera s\u00f3n guiades per facilitar el despla\u00e7ament, i aquestes s\u00f3n sense guiar permetent una millor mobilitat en tots els sentits. S\u00e8rie 10300<\/p>\n","protected":false},"featured_media":5182,"template":"","meta":{"inline_featured_image":false},"product_brand":[],"product_cat":[177],"product_tag":[],"class_list":{"0":"post-6042","1":"product","2":"type-product","3":"status-publish","4":"has-post-thumbnail","6":"product_cat-rodes","8":"first","9":"instock","10":"shipping-taxable","11":"product-type-simple"},"_links":{"self":[{"href":"https:\/\/www.esla.eu\/ca\/wp-json\/wp\/v2\/product\/6042","targetHints":{"allow":["GET"]}}],"collection":[{"href":"https:\/\/www.esla.eu\/ca\/wp-json\/wp\/v2\/product"}],"about":[{"href":"https:\/\/www.esla.eu\/ca\/wp-json\/wp\/v2\/types\/product"}],"wp:featuredmedia":[{"embeddable":true,"href":"https:\/\/www.esla.eu\/ca\/wp-json\/wp\/v2\/media\/5182"}],"wp:attachment":[{"href":"https:\/\/www.esla.eu\/ca\/wp-json\/wp\/v2\/media?parent=6042"}],"wp:term":[{"taxonomy":"product_brand","embeddable":true,"href":"https:\/\/www.esla.eu\/ca\/wp-json\/wp\/v2\/product_brand?post=6042"},{"taxonomy":"product_cat","embeddable":true,"href":"https:\/\/www.esla.eu\/ca\/wp-json\/wp\/v2\/product_cat?post=6042"},{"taxonomy":"product_tag","embeddable":true,"href":"https:\/\/www.esla.eu\/ca\/wp-json\/wp\/v2\/product_tag?post=6042"}],"curies":[{"name":"wp","href":"https:\/\/api.w.org\/{rel}","templated":true}]}}