{"id":6059,"date":"2024-04-02T11:36:58","date_gmt":"2024-04-02T09:36:58","guid":{"rendered":"https:\/\/esla.crealogica.eu\/productos\/sense categoria\/a34000600-grao-alumini-abocardat-600-mm-series-10100-10105-10200-10205-10300-10305-10400-10405\/"},"modified":"2024-04-02T11:36:58","modified_gmt":"2024-04-02T09:36:58","slug":"a34000600-grao-alumini-abocardat-600-mm-series-10100-10105-10200-10205-10300-10305-10400-10405","status":"publish","type":"product","link":"https:\/\/www.esla.eu\/ca\/productes\/accessoris\/tipus-graons\/a34000600-grao-alumini-abocardat-600-mm-series-10100-10105-10200-10205-10300-10305-10400-10405\/","title":{"rendered":"A34000600 &#8211; Gra\u00f3 alumini abocardat 600 mm &#8211; S\u00e8ries 10100 10105 10200 10205 10300 10305 10400 10405"},"content":{"rendered":"<p>Gra\u00f3 alumini abocardat 600 mm<\/p>\n<p>S&#8217;utilitza b\u00e0sicament en entorns on hi ha subst\u00e0ncies lliscants com olis.<\/p>\n<p><strong><span lang=\"FR\">S&#8217;han de demanar tantes unitats com graons s&#8217;indica a la taula de dades + 2<\/span><\/strong><\/p>\n<p>S\u00e8ries 10100-10105 \/ 10200-10205 \/ 10300-10305 \/ 10400 &#8211; 10405<\/p>\n","protected":false},"excerpt":{"rendered":"<p>Gra\u00f3 alumini abocardat 600 mm S&#8217;utilitza b\u00e0sicament en entorns on hi ha subst\u00e0ncies lliscants com olis. S&#8217;han de demanar tantes unitats com graons s&#8217;indica a la taula de dades + 2 S\u00e8ries 10100-10105 \/ 10200-10205 \/ 10300-10305 \/ 10400 &#8211; 10405<\/p>\n","protected":false},"featured_media":5477,"template":"","meta":{"inline_featured_image":false},"product_brand":[],"product_cat":[179],"product_tag":[],"class_list":{"0":"post-6059","1":"product","2":"type-product","3":"status-publish","4":"has-post-thumbnail","6":"product_cat-tipus-graons","8":"first","9":"instock","10":"shipping-taxable","11":"product-type-simple"},"_links":{"self":[{"href":"https:\/\/www.esla.eu\/ca\/wp-json\/wp\/v2\/product\/6059","targetHints":{"allow":["GET"]}}],"collection":[{"href":"https:\/\/www.esla.eu\/ca\/wp-json\/wp\/v2\/product"}],"about":[{"href":"https:\/\/www.esla.eu\/ca\/wp-json\/wp\/v2\/types\/product"}],"wp:featuredmedia":[{"embeddable":true,"href":"https:\/\/www.esla.eu\/ca\/wp-json\/wp\/v2\/media\/5477"}],"wp:attachment":[{"href":"https:\/\/www.esla.eu\/ca\/wp-json\/wp\/v2\/media?parent=6059"}],"wp:term":[{"taxonomy":"product_brand","embeddable":true,"href":"https:\/\/www.esla.eu\/ca\/wp-json\/wp\/v2\/product_brand?post=6059"},{"taxonomy":"product_cat","embeddable":true,"href":"https:\/\/www.esla.eu\/ca\/wp-json\/wp\/v2\/product_cat?post=6059"},{"taxonomy":"product_tag","embeddable":true,"href":"https:\/\/www.esla.eu\/ca\/wp-json\/wp\/v2\/product_tag?post=6059"}],"curies":[{"name":"wp","href":"https:\/\/api.w.org\/{rel}","templated":true}]}}