{"id":6060,"date":"2024-04-02T11:38:37","date_gmt":"2024-04-02T09:38:37","guid":{"rendered":"https:\/\/esla.crealogica.eu\/productos\/sense categoria\/a34000800-grao-alumini-abocardat-800-mm-series-10103-10403\/"},"modified":"2024-04-02T11:38:37","modified_gmt":"2024-04-02T09:38:37","slug":"a34000800-grao-alumini-abocardat-800-mm-series-10103-10403","status":"publish","type":"product","link":"https:\/\/www.esla.eu\/ca\/productes\/accessoris\/tipus-graons\/a34000800-grao-alumini-abocardat-800-mm-series-10103-10403\/","title":{"rendered":"A34000800 &#8211; Gra\u00f3 alumini abocardat 800 mm &#8211; S\u00e8ries 10103 10403"},"content":{"rendered":"<p>Gra\u00f3 alumini abocardat 800 mm<\/p>\n<p>S&#8217;utilitza b\u00e0sicament en entorns on hi ha subst\u00e0ncies lliscants com olis.<\/p>\n<p><strong><span lang=\"FR\">S&#8217;han de demanar tantes unitats com graons s&#8217;indica a la taula de dades + 2<\/span><\/strong><\/p>\n<p>S\u00e9ries 10103 &#8211; 10403<\/p>\n","protected":false},"excerpt":{"rendered":"<p>Gra\u00f3 alumini abocardat 800 mm S&#8217;utilitza b\u00e0sicament en entorns on hi ha subst\u00e0ncies lliscants com olis. S&#8217;han de demanar tantes unitats com graons s&#8217;indica a la taula de dades + 2 S\u00e9ries 10103 &#8211; 10403<\/p>\n","protected":false},"featured_media":5483,"template":"","meta":{"inline_featured_image":false},"product_brand":[],"product_cat":[179],"product_tag":[],"class_list":{"0":"post-6060","1":"product","2":"type-product","3":"status-publish","4":"has-post-thumbnail","6":"product_cat-tipus-graons","8":"first","9":"instock","10":"shipping-taxable","11":"product-type-simple"},"_links":{"self":[{"href":"https:\/\/www.esla.eu\/ca\/wp-json\/wp\/v2\/product\/6060","targetHints":{"allow":["GET"]}}],"collection":[{"href":"https:\/\/www.esla.eu\/ca\/wp-json\/wp\/v2\/product"}],"about":[{"href":"https:\/\/www.esla.eu\/ca\/wp-json\/wp\/v2\/types\/product"}],"wp:featuredmedia":[{"embeddable":true,"href":"https:\/\/www.esla.eu\/ca\/wp-json\/wp\/v2\/media\/5483"}],"wp:attachment":[{"href":"https:\/\/www.esla.eu\/ca\/wp-json\/wp\/v2\/media?parent=6060"}],"wp:term":[{"taxonomy":"product_brand","embeddable":true,"href":"https:\/\/www.esla.eu\/ca\/wp-json\/wp\/v2\/product_brand?post=6060"},{"taxonomy":"product_cat","embeddable":true,"href":"https:\/\/www.esla.eu\/ca\/wp-json\/wp\/v2\/product_cat?post=6060"},{"taxonomy":"product_tag","embeddable":true,"href":"https:\/\/www.esla.eu\/ca\/wp-json\/wp\/v2\/product_tag?post=6060"}],"curies":[{"name":"wp","href":"https:\/\/api.w.org\/{rel}","templated":true}]}}